{"id":1803,"date":"2023-04-28T07:26:04","date_gmt":"2023-04-28T07:26:04","guid":{"rendered":"https:\/\/tasneem-couture.fr\/?page_id=1803"},"modified":"2025-12-11T10:45:36","modified_gmt":"2025-12-11T09:45:36","slug":"faq","status":"publish","type":"page","link":"https:\/\/tasneem-couture.fr\/en\/faq\/","title":{"rendered":"FAQ"},"content":{"rendered":"<div data-elementor-type=\"wp-page\" data-elementor-id=\"1803\" class=\"elementor elementor-1803\" data-elementor-post-type=\"page\">\n\t\t\t\t<div class=\"elementor-element elementor-element-a666edc e-flex e-con-boxed e-con e-parent\" data-id=\"a666edc\" data-element_type=\"container\" data-e-type=\"container\">\n\t\t\t\t\t<div class=\"e-con-inner\">\n\t\t\t\t<div class=\"elementor-element elementor-element-a212a3e elementor-widget elementor-widget-heading\" data-id=\"a212a3e\" data-element_type=\"widget\" data-e-type=\"widget\" data-widget_type=\"heading.default\">\n\t\t\t\t\t<h2 class=\"elementor-heading-title elementor-size-default\">COMMANDE<\/h2>\t\t\t\t<\/div>\n\t\t\t\t<div class=\"elementor-element elementor-element-0071ca2 elementor-widget elementor-widget-ideapark-accordion\" data-id=\"0071ca2\" data-element_type=\"widget\" data-e-type=\"widget\" data-widget_type=\"ideapark-accordion.default\">\n\t\t\t\t<div class=\"elementor-widget-container\">\n\t\t\t\t\t\t\t<div class=\"c-ip-accordion\">\n\t\t\t<div class=\"c-ip-accordion__wrap\">\n\t\t\t\t<div class=\"c-ip-accordion__list\">\n\t\t\t\t\t\t\t\t\t\t<div class=\"c-ip-accordion__item\">\n\t\t\t\t\t\t<a class=\"c-ip-accordion__link js-accordion-title\" href=\"\" onclick=\"return false;\"><div class=\"c-ip-accordion__header\">Comment passer commande ?<i class=\"ip-plus_big c-ip-accordion__arrow\"><\/i><\/div><\/a>\t\t\t\t\t\t<div class=\"c-ip-accordion__content entry-content\"><p><span style=\"font-weight: 400;\">Pour passer une commande sur le site <\/span><b>Tasneem-couture.com<\/b><span style=\"font-weight: 400;\">, rien de plus simple\u00a0: parcourez notre catalogue au gr\u00e9 de vos envies, dans les diff\u00e9rentes cat\u00e9gories, pr\u00eat-\u00e0-porter, tenues mariage, modest wear, accessoires, bijoux ou encore beaut\u00e9.<\/span><\/p><p><span style=\"font-weight: 400;\">Choisissez les articles que vous souhaitez acheter en cliquant sur \u00ab\u00a0Ajouter au panier\u00a0\u00bb. Une fois vos produits dans le panier, laissez-vous guider en cliquant sur le bouton \u00ab\u00a0Commander\u00a0\u00bb.\u00a0<br \/><\/span><span style=\"font-weight: 400;\">Vous pouvez \u00e9galement effectuer vos achats en vous rendant dans votre boutique Tasneem Couture &amp; Beaut\u00e9 situ\u00e9 au <\/span><b>123 Rue du Docteur Bauer, 93400 Saint-Ouen.<\/b><\/p><\/div>\t\t\t\t\t<\/div>\n\t\t\t\t\t\t\t\t\t\t<div class=\"c-ip-accordion__item\">\n\t\t\t\t\t\t<a class=\"c-ip-accordion__link js-accordion-title\" href=\"\" onclick=\"return false;\"><div class=\"c-ip-accordion__header\">Comment utiliser un code Promotionnel ?<i class=\"ip-plus_big c-ip-accordion__arrow\"><\/i><\/div><\/a>\t\t\t\t\t\t<div class=\"c-ip-accordion__content entry-content\"><p><span style=\"font-weight: 400;\">Si vous avez un code promotionnel Tasneem Couture &amp; Beaut\u00e9, vous pourrez nous l\u2019indiquer dans votre panier, avant de valider votre commande, dans la zone de saisie\u00a0: \u00ab\u00a0J\u2019ai un code promotionnel\u00a0\u00bb. Le code sera directement appliqu\u00e9 au montant de votre panier.\u00a0<\/span><\/p><p><span style=\"font-weight: 400;\">Le code promotionnel BIENVENUE10 de 10% est valable sur votre premi\u00e8re commande d\u00e8s 80\u20ac d\u2019achat (hors frais de livraisons)<\/span><\/p><\/div>\t\t\t\t\t<\/div>\n\t\t\t\t\t\t\t\t\t\t<div class=\"c-ip-accordion__item\">\n\t\t\t\t\t\t<a class=\"c-ip-accordion__link js-accordion-title\" href=\"\" onclick=\"return false;\"><div class=\"c-ip-accordion__header\">Quels sont les modes de paiement ?<i class=\"ip-plus_big c-ip-accordion__arrow\"><\/i><\/div><\/a>\t\t\t\t\t\t<div class=\"c-ip-accordion__content entry-content\"><p><span style=\"font-weight: 400;\">Tasneem Couture &amp; Beaut\u00e9 vous propose un mode de paiement par Carte bancaire\u00a0: Carte bleue, Visa, Mastercard.<\/span><\/p><\/div>\t\t\t\t\t<\/div>\n\t\t\t\t\t\t\t\t\t\t<div class=\"c-ip-accordion__item\">\n\t\t\t\t\t\t<a class=\"c-ip-accordion__link js-accordion-title\" href=\"\" onclick=\"return false;\"><div class=\"c-ip-accordion__header\">Le paiement par carte est-il s\u00e9curis\u00e9 ?<i class=\"ip-plus_big c-ip-accordion__arrow\"><\/i><\/div><\/a>\t\t\t\t\t\t<div class=\"c-ip-accordion__content entry-content\"><p><span style=\"font-weight: 400;\">Le paiement est enti\u00e8rement s\u00e9curis\u00e9 gr\u00e2ce au syst\u00e8me de paiement en ligne de notre partenaire bancaire. Vos donn\u00e9es bancaires sont sous forme crypt\u00e9e, elles sont totalement illisibles.\u00a0<\/span><\/p><p><span style=\"font-weight: 400;\">De plus, vos donn\u00e9es bancaires sont directement trait\u00e9es par la banque et ne sont jamais en possession de Tasneem Couture &amp; Beaut\u00e9.<\/span><\/p><\/div>\t\t\t\t\t<\/div>\n\t\t\t\t\t\t\t\t\t<\/div>\n\t\t\t<\/div>\n\t\t<\/div>\n\t\t\t\t\t\t<\/div>\n\t\t\t\t<\/div>\n\t\t\t\t\t<\/div>\n\t\t\t\t<\/div>\n\t\t<div class=\"elementor-element elementor-element-a215e48 e-flex e-con-boxed e-con e-parent\" data-id=\"a215e48\" data-element_type=\"container\" data-e-type=\"container\">\n\t\t\t\t\t<div class=\"e-con-inner\">\n\t\t\t\t<div class=\"elementor-element elementor-element-a351c7a elementor-widget elementor-widget-heading\" data-id=\"a351c7a\" data-element_type=\"widget\" data-e-type=\"widget\" data-widget_type=\"heading.default\">\n\t\t\t\t\t<h2 class=\"elementor-heading-title elementor-size-default\">LIVRAISON<\/h2>\t\t\t\t<\/div>\n\t\t\t\t<div class=\"elementor-element elementor-element-30c8906 elementor-widget elementor-widget-ideapark-accordion\" data-id=\"30c8906\" data-element_type=\"widget\" data-e-type=\"widget\" data-widget_type=\"ideapark-accordion.default\">\n\t\t\t\t<div class=\"elementor-widget-container\">\n\t\t\t\t\t\t\t<div class=\"c-ip-accordion\">\n\t\t\t<div class=\"c-ip-accordion__wrap\">\n\t\t\t\t<div class=\"c-ip-accordion__list\">\n\t\t\t\t\t\t\t\t\t\t<div class=\"c-ip-accordion__item\">\n\t\t\t\t\t\t<a class=\"c-ip-accordion__link js-accordion-title\" href=\"\" onclick=\"return false;\"><div class=\"c-ip-accordion__header\">Quels sont les modes de livraison ?<i class=\"ip-plus_big c-ip-accordion__arrow\"><\/i><\/div><\/a>\t\t\t\t\t\t<div class=\"c-ip-accordion__content entry-content\"><p><span style=\"font-weight: 400;\">Lorsque vous passez commande, nous vous indiquerons les m\u00e9thodes d\u2019exp\u00e9dition disponibles, leurs co\u00fbts et la date de livraison estim\u00e9e.<\/span><\/p><p><i><span style=\"font-weight: 400;\">Possibilit\u00e9s de livraison\u00a0:\u00a0<\/span><\/i><\/p><p><b>Livraison \u00e0 domicile\u00a0:<\/b><span style=\"font-weight: 400;\"> le d\u00e9lai estim\u00e9 est de 2-5 jours ouvrables, en fonction de l\u2019adresse de livraison. \u00a0<\/span><\/p><p><b>Livraison en point relais\u00a0:<\/b><span style=\"font-weight: 400;\"> sur le point de livraison de votre choix en 2-5 jours ouvrables.\u00a0<\/span><\/p><p><b>Livraison en magasin\u00a0:\u00a0 <\/b><span style=\"font-weight: 400;\">disponible sous 1-2 jours ouvrables<\/span><b>.<\/b><\/p><\/div>\t\t\t\t\t<\/div>\n\t\t\t\t\t\t\t\t\t\t<div class=\"c-ip-accordion__item\">\n\t\t\t\t\t\t<a class=\"c-ip-accordion__link js-accordion-title\" href=\"\" onclick=\"return false;\"><div class=\"c-ip-accordion__header\">Quelles sont les frais de livraison ?<i class=\"ip-plus_big c-ip-accordion__arrow\"><\/i><\/div><\/a>\t\t\t\t\t\t<div class=\"c-ip-accordion__content entry-content\"><p><span style=\"font-weight: 400;\">La livraison est payante sauf pour les commandes de plus de 150\u20ac.<\/span><\/p><p><b>Livraison \u00e0 domicile\u00a0:<\/b><span style=\"font-weight: 400;\"> tarif calcul\u00e9 en fonction de votre adresse. Nous vous communiquons le tarif de livraison lors de la validation de votre panier.<\/span><\/p><p><b>Livraison en point relais\u00a0:<\/b><span style=\"font-weight: 400;\"> tarif calcul\u00e9 en fonction de l\u2019adresse du point relais. Nous vous communiquons le tarif de livraison lors de la validation de votre panier.<\/span><\/p><p><b>Livraison en magasin\u00a0:<\/b><span style=\"font-weight: 400;\">\u00a0 gratuit<\/span><\/p><\/div>\t\t\t\t\t<\/div>\n\t\t\t\t\t\t\t\t\t\t<div class=\"c-ip-accordion__item\">\n\t\t\t\t\t\t<a class=\"c-ip-accordion__link js-accordion-title\" href=\"\" onclick=\"return false;\"><div class=\"c-ip-accordion__header\">Comment savoir o\u00f9 est mon colis ?<i class=\"ip-plus_big c-ip-accordion__arrow\"><\/i><\/div><\/a>\t\t\t\t\t\t<div class=\"c-ip-accordion__content entry-content\"><p><b>Livraison \u00e0 domicile &amp; Point relais\u00a0:<\/b><span style=\"font-weight: 400;\"> nous vous envoyons un e-mail d\u00e8s que votre colis est exp\u00e9di\u00e9. Il contient un lien vous permettant de suivre la livraison de votre colis sur le site l\u2019entreprise de transport. Vous pouvez \u00e9galement \u00e0 tout moment acc\u00e9der au suivi de livraison de votre commande en cours dans votre espace \u00ab\u00a0Mon compte\u00a0\u00bb.<\/span><\/p><p><br \/><b>Livraison en magasin\u00a0:<\/b><span style=\"font-weight: 400;\"> nous vous envoyons un e-mail d\u00e8s que votre commande est disponible. Pour r\u00e9cup\u00e9rer votre commande il est n\u00e9cessaire de communiquer votre num\u00e9ro de commande et pr\u00e9senter une pi\u00e8ce d\u2019identit\u00e9.<\/span><\/p><\/div>\t\t\t\t\t<\/div>\n\t\t\t\t\t\t\t\t\t<\/div>\n\t\t\t<\/div>\n\t\t<\/div>\n\t\t\t\t\t\t<\/div>\n\t\t\t\t<\/div>\n\t\t\t\t\t<\/div>\n\t\t\t\t<\/div>\n\t\t<div class=\"elementor-element elementor-element-715c06b e-flex e-con-boxed e-con e-parent\" data-id=\"715c06b\" data-element_type=\"container\" data-e-type=\"container\">\n\t\t\t\t\t<div class=\"e-con-inner\">\n\t\t\t\t<div class=\"elementor-element elementor-element-8b2335b elementor-widget elementor-widget-heading\" data-id=\"8b2335b\" data-element_type=\"widget\" data-e-type=\"widget\" data-widget_type=\"heading.default\">\n\t\t\t\t\t<h2 class=\"elementor-heading-title elementor-size-default\">PRODUIT<\/h2>\t\t\t\t<\/div>\n\t\t\t\t<div class=\"elementor-element elementor-element-daf15e4 elementor-widget elementor-widget-ideapark-accordion\" data-id=\"daf15e4\" data-element_type=\"widget\" data-e-type=\"widget\" data-widget_type=\"ideapark-accordion.default\">\n\t\t\t\t<div class=\"elementor-widget-container\">\n\t\t\t\t\t\t\t<div class=\"c-ip-accordion\">\n\t\t\t<div class=\"c-ip-accordion__wrap\">\n\t\t\t\t<div class=\"c-ip-accordion__list\">\n\t\t\t\t\t\t\t\t\t\t<div class=\"c-ip-accordion__item\">\n\t\t\t\t\t\t<a class=\"c-ip-accordion__link js-accordion-title\" href=\"\" onclick=\"return false;\"><div class=\"c-ip-accordion__header\">Quelle est la qualit\u00e9 des produits que vous proposez ?<i class=\"ip-plus_big c-ip-accordion__arrow\"><\/i><\/div><\/a>\t\t\t\t\t\t<div class=\"c-ip-accordion__content entry-content\"><p><span style=\"font-weight: 400;\">Tasneem Couture &amp; Beaut\u00e9 mets uniquement \u00e0 la vente des articles en parfait \u00e9tat.<\/span><\/p><p><span style=\"font-weight: 400;\">Tous les articles qui vous sont envoy\u00e9s font l\u2019objet d\u2019un contr\u00f4le qualit\u00e9 tr\u00e8s minutieux. Si toutefois un produit ne correspond pas \u00e0 vos attentes, pour quelque raison que ce soit, n\u2019h\u00e9sitez surtout pas \u00e0 nous le retourner en utilisant la proc\u00e9dure de retour disponible sur le site.<\/span><\/p><\/div>\t\t\t\t\t<\/div>\n\t\t\t\t\t\t\t\t\t<\/div>\n\t\t\t<\/div>\n\t\t<\/div>\n\t\t\t\t\t\t<\/div>\n\t\t\t\t<\/div>\n\t\t\t\t\t<\/div>\n\t\t\t\t<\/div>\n\t\t<div class=\"elementor-element elementor-element-f118252 e-flex e-con-boxed e-con e-parent\" data-id=\"f118252\" data-element_type=\"container\" data-e-type=\"container\">\n\t\t\t\t\t<div class=\"e-con-inner\">\n\t\t\t\t<div class=\"elementor-element elementor-element-9ffe097 elementor-widget elementor-widget-heading\" data-id=\"9ffe097\" data-element_type=\"widget\" data-e-type=\"widget\" data-widget_type=\"heading.default\">\n\t\t\t\t\t<h2 class=\"elementor-heading-title elementor-size-default\">LOCATION<\/h2>\t\t\t\t<\/div>\n\t\t\t\t<div class=\"elementor-element elementor-element-085c792 elementor-widget elementor-widget-ideapark-accordion\" data-id=\"085c792\" data-element_type=\"widget\" data-e-type=\"widget\" data-widget_type=\"ideapark-accordion.default\">\n\t\t\t\t<div class=\"elementor-widget-container\">\n\t\t\t\t\t\t\t<div class=\"c-ip-accordion\">\n\t\t\t<div class=\"c-ip-accordion__wrap\">\n\t\t\t\t<div class=\"c-ip-accordion__list\">\n\t\t\t\t\t\t\t\t\t\t<div class=\"c-ip-accordion__item\">\n\t\t\t\t\t\t<a class=\"c-ip-accordion__link js-accordion-title\" href=\"\" onclick=\"return false;\"><div class=\"c-ip-accordion__header\">Comment louer une ou des tenues ?<i class=\"ip-plus_big c-ip-accordion__arrow\"><\/i><\/div><\/a>\t\t\t\t\t\t<div class=\"c-ip-accordion__content entry-content\"><p><span style=\"font-weight: 400;\">Si vous souhaitez louer une tenue, choisissez votre tenue dans la rubrique \u00ab\u00a0Location\u00a0\u00bb et contactez-nous par t\u00e9l\u00e9phone au 07 49 54 47 71 ou par e-mail au\u00a0 <\/span><a href=\"about:blank\"><span style=\"font-weight: 400;\">tasneemcouturebeaut\u00e9@gmail.com<\/span><\/a><span style=\"font-weight: 400;\">.<\/span><\/p><\/div>\t\t\t\t\t<\/div>\n\t\t\t\t\t\t\t\t\t<\/div>\n\t\t\t<\/div>\n\t\t<\/div>\n\t\t\t\t\t\t<\/div>\n\t\t\t\t<\/div>\n\t\t\t\t\t<\/div>\n\t\t\t\t<\/div>\n\t\t<div class=\"elementor-element elementor-element-86ddad5 e-flex e-con-boxed e-con e-parent\" data-id=\"86ddad5\" data-element_type=\"container\" data-e-type=\"container\">\n\t\t\t\t\t<div class=\"e-con-inner\">\n\t\t\t\t<div class=\"elementor-element elementor-element-40bcdc0 elementor-widget elementor-widget-heading\" data-id=\"40bcdc0\" data-element_type=\"widget\" data-e-type=\"widget\" data-widget_type=\"heading.default\">\n\t\t\t\t\t<h2 class=\"elementor-heading-title elementor-size-default\">PRESTATIONS BEAUTE<\/h2>\t\t\t\t<\/div>\n\t\t\t\t<div class=\"elementor-element elementor-element-b879b0f elementor-widget elementor-widget-ideapark-accordion\" data-id=\"b879b0f\" data-element_type=\"widget\" data-e-type=\"widget\" data-widget_type=\"ideapark-accordion.default\">\n\t\t\t\t<div class=\"elementor-widget-container\">\n\t\t\t\t\t\t\t<div class=\"c-ip-accordion\">\n\t\t\t<div class=\"c-ip-accordion__wrap\">\n\t\t\t\t<div class=\"c-ip-accordion__list\">\n\t\t\t\t\t\t\t\t\t\t<div class=\"c-ip-accordion__item\">\n\t\t\t\t\t\t<a class=\"c-ip-accordion__link js-accordion-title\" href=\"\" onclick=\"return false;\"><div class=\"c-ip-accordion__header\">Comment prendre rendez-vous pour une prestation beaut\u00e9 ?<i class=\"ip-plus_big c-ip-accordion__arrow\"><\/i><\/div><\/a>\t\t\t\t\t\t<div class=\"c-ip-accordion__content entry-content\"><p><span style=\"font-weight: 400;\">Si vous souhaitez prendre rendez-vous pour une prestation beaut\u00e9, choisissez la prestation de votre choix dans la rubrique \u00ab\u00a0Prestations Beaut\u00e9\u00a0\u00bb et contactez-nous par t\u00e9l\u00e9phone au 07 49 54 47 71 pour fixer d\u2019un rendez-vous.<\/span><\/p><\/div>\t\t\t\t\t<\/div>\n\t\t\t\t\t\t\t\t\t<\/div>\n\t\t\t<\/div>\n\t\t<\/div>\n\t\t\t\t\t\t<\/div>\n\t\t\t\t<\/div>\n\t\t\t\t\t<\/div>\n\t\t\t\t<\/div>\n\t\t\t\t<\/div>","protected":false},"excerpt":{"rendered":"<p>COMMANDE Comment passer commande ? Pour passer une commande sur le site Tasneem-couture.com, rien de plus simple\u00a0: parcourez&hellip;<\/p>","protected":false},"author":1,"featured_media":0,"parent":0,"menu_order":0,"comment_status":"closed","ping_status":"closed","template":"","meta":{"footnotes":""},"class_list":["post-1803","page","type-page","status-publish","hentry"],"_hostinger_reach_plugin_has_subscription_block":false,"_hostinger_reach_plugin_is_elementor":false,"_links":{"self":[{"href":"https:\/\/tasneem-couture.fr\/en\/wp-json\/wp\/v2\/pages\/1803","targetHints":{"allow":["GET"]}}],"collection":[{"href":"https:\/\/tasneem-couture.fr\/en\/wp-json\/wp\/v2\/pages"}],"about":[{"href":"https:\/\/tasneem-couture.fr\/en\/wp-json\/wp\/v2\/types\/page"}],"author":[{"embeddable":true,"href":"https:\/\/tasneem-couture.fr\/en\/wp-json\/wp\/v2\/users\/1"}],"replies":[{"embeddable":true,"href":"https:\/\/tasneem-couture.fr\/en\/wp-json\/wp\/v2\/comments?post=1803"}],"version-history":[{"count":9,"href":"https:\/\/tasneem-couture.fr\/en\/wp-json\/wp\/v2\/pages\/1803\/revisions"}],"predecessor-version":[{"id":2678,"href":"https:\/\/tasneem-couture.fr\/en\/wp-json\/wp\/v2\/pages\/1803\/revisions\/2678"}],"wp:attachment":[{"href":"https:\/\/tasneem-couture.fr\/en\/wp-json\/wp\/v2\/media?parent=1803"}],"curies":[{"name":"wp","href":"https:\/\/api.w.org\/{rel}","templated":true}]}}