{"id":2685,"date":"2025-12-11T11:35:20","date_gmt":"2025-12-11T10:35:20","guid":{"rendered":"https:\/\/tasneem-couture.fr\/?page_id=2685"},"modified":"2025-12-11T12:01:27","modified_gmt":"2025-12-11T11:01:27","slug":"remboursements-et-retours","status":"publish","type":"page","link":"https:\/\/tasneem-couture.fr\/en\/remboursements-et-retours\/","title":{"rendered":"Remboursements et retours"},"content":{"rendered":"<p><strong>Les retours chez Tasneem Couture &amp; Beaut\u00e9<\/strong><\/p>\n\n\n\n<p>Nous nous engageons \u00e0 offrir la satisfaction totale de nos clients. Si, pour une raison quelconque, vous n&rsquo;\u00eates pas enti\u00e8rement satisfait de votre achat, nous sommes l\u00e0 pour vous aider.&nbsp;<\/p>\n\n\n\n<p><strong>DELAI DE RETOUR&nbsp;<\/strong><\/p>\n\n\n\n<p>Les d\u00e9lais de retours sont de 14 jours \u00e0 partir de la date de r\u00e9ception de la commande. Pass\u00e9 ce d\u00e9lai, nous ne pourrons malheureusement pas vous offrir un remboursement ou un \u00e9change.&nbsp;<\/p>\n\n\n\n<p><strong>CONDITION DES ARTICLES<\/strong><\/p>\n\n\n\n<p>Pour \u00eatre \u00e9ligible \u00e0 un retour, le(s) article(s) doivent \u00eatre neufs, inutilis\u00e9s et dans le m\u00eame \u00e9tat que vous les avez re\u00e7us. Il(s) doivent \u00e9galement \u00eatre dans leur emballage d\u2019origine et avec leur \u00e9tiquette*. Une preuve d&rsquo;achat sera \u00e9galement requise.<\/p>\n\n\n\n<p>*IMPORTANT si l\u2019\u00e9tiquette Tasneem Couture &amp; Beaut\u00e9 est enlev\u00e9e du v\u00eatement, le retour ne sera pas accept\u00e9.<\/p>\n\n\n\n<p><strong>PROCESSUS DE RETOUR<\/strong><\/p>\n\n\n\n<p><strong><em>1 &#8211; Contactez-nous :<\/em><\/strong> Avant de retourner le(s) article(s), contactez-nous par email \u00e0 <a href=\"mailto:tasneemcouturebeaute@gmail.com\">tasneemcouturebeaute@gmail.com<\/a> pour informer de votre intention et recevez les instructions de retour.&nbsp;<\/p>\n\n\n\n<p><strong><em>2 &#8211; Pr\u00e9parez le colis :<\/em><\/strong> Emballez le(s) article(s) de mani\u00e8re s\u00e9curis\u00e9e, incluant tous les accessoires ou documents fournis.&nbsp;<\/p>\n\n\n\n<p><strong><em>3 &#8211; Exp\u00e9dition :<\/em><\/strong> Envoyez le(s) article(s) \u00e0 l&rsquo;adresse fournie. Nous recommandons l&rsquo;utilisation d&rsquo;un service de livraison tra\u00e7able ou l&rsquo;achat d&rsquo;une assurance exp\u00e9dition, car nous ne sommes pas responsables des articles perdus ou endommag\u00e9s en transit.&nbsp;<\/p>\n\n\n\n<p><strong>FRAIS DE RETOUR<\/strong><\/p>\n\n\n\n<p>Les frais d&rsquo;exp\u00e9dition pour le retour de(s) l&rsquo;article(s) sont \u00e0 la charge du client. Les frais d&rsquo;exp\u00e9dition ne sont pas remboursables. Le retour sera gratuit dans le cas o\u00f9 vous le faites en magasin.<\/p>\n\n\n\n<p><strong>REMBOURSEMENTS<\/strong><\/p>\n\n\n\n<p>Nos remboursements se font uniquement sous forme d\u2019avoir valable 3 mois.&nbsp;<\/p>\n\n\n\n<p>Une fois que nous aurons re\u00e7u et inspect\u00e9 le(s) article(s) retourn\u00e9(s), nous vous enverrons un email pour vous notifier de la r\u00e9ception et de l&rsquo;approbation ou du rejet de votre demande de remboursement. Si votre demande est approuv\u00e9e, alors votre remboursement sous forme d\u2019avoir sera trait\u00e9, dans un certain nombre de jours.<\/p>\n\n\n\n<p><strong>\u00c9CHANGES<\/strong><\/p>\n\n\n\n<p>Nous ne rempla\u00e7ons les articles que s&rsquo;ils sont d\u00e9fectueux ou endommag\u00e9s. Si vous avez besoin d&rsquo;\u00e9changer un article pour le m\u00eame article, envoyez-nous un email \u00e0 <a href=\"mailto:tasneemcouturebeaute@gmail.com\">tasneemcouturebeaute@gmail.com<\/a>.<\/p>\n\n\n\n<p><strong>RETOUR OU ECHANGE EN MAGASIN TASNEEM COUTURE &amp; BEAUTE<\/strong><\/p>\n\n\n\n<p>Vous avez \u00e9galement la possibilit\u00e9 d\u2019effectuer votre retour ou \u00e9change en magasin.&nbsp;<\/p>\n\n\n\n<p><strong>ARTICLES EN SOLDE &amp; ACCESSOIRES<\/strong><\/p>\n\n\n\n<p>Aucun remboursement n\u2019est possible sur nos articles sold\u00e9s. Pour des questions d\u2019hygi\u00e8ne, tous nos bijoux et accessoires ne pourront faire l\u2019objet d\u2019un retour ou \u00e9change.<\/p>","protected":false},"excerpt":{"rendered":"<p>Les retours chez Tasneem Couture &amp; Beaut\u00e9 Nous nous engageons \u00e0 offrir la satisfaction totale de nos clients.&hellip;<\/p>","protected":false},"author":1,"featured_media":0,"parent":0,"menu_order":0,"comment_status":"closed","ping_status":"closed","template":"","meta":{"footnotes":""},"class_list":["post-2685","page","type-page","status-publish","hentry"],"_hostinger_reach_plugin_has_subscription_block":false,"_hostinger_reach_plugin_is_elementor":false,"_links":{"self":[{"href":"https:\/\/tasneem-couture.fr\/en\/wp-json\/wp\/v2\/pages\/2685","targetHints":{"allow":["GET"]}}],"collection":[{"href":"https:\/\/tasneem-couture.fr\/en\/wp-json\/wp\/v2\/pages"}],"about":[{"href":"https:\/\/tasneem-couture.fr\/en\/wp-json\/wp\/v2\/types\/page"}],"author":[{"embeddable":true,"href":"https:\/\/tasneem-couture.fr\/en\/wp-json\/wp\/v2\/users\/1"}],"replies":[{"embeddable":true,"href":"https:\/\/tasneem-couture.fr\/en\/wp-json\/wp\/v2\/comments?post=2685"}],"version-history":[{"count":3,"href":"https:\/\/tasneem-couture.fr\/en\/wp-json\/wp\/v2\/pages\/2685\/revisions"}],"predecessor-version":[{"id":2690,"href":"https:\/\/tasneem-couture.fr\/en\/wp-json\/wp\/v2\/pages\/2685\/revisions\/2690"}],"wp:attachment":[{"href":"https:\/\/tasneem-couture.fr\/en\/wp-json\/wp\/v2\/media?parent=2685"}],"curies":[{"name":"wp","href":"https:\/\/api.w.org\/{rel}","templated":true}]}}