{"id":2752,"date":"2025-12-12T20:35:28","date_gmt":"2025-12-12T19:35:28","guid":{"rendered":"https:\/\/tasneem-couture.fr\/?page_id=2752"},"modified":"2025-12-16T14:55:48","modified_gmt":"2025-12-16T13:55:48","slug":"maquillage","status":"publish","type":"page","link":"https:\/\/tasneem-couture.fr\/en\/maquillage\/","title":{"rendered":"Maquillage"},"content":{"rendered":"<div data-elementor-type=\"wp-page\" data-elementor-id=\"2752\" class=\"elementor elementor-2752\" data-elementor-post-type=\"page\">\n\t\t\t\t<div class=\"elementor-element elementor-element-55ba1b5f e-con-full e-flex e-con e-parent\" data-id=\"55ba1b5f\" data-element_type=\"container\" data-e-type=\"container\" data-settings=\"{&quot;background_background&quot;:&quot;classic&quot;}\">\n\t\t\t\t<div class=\"elementor-element elementor-element-2a0c4ecf elementor-widget__width-inherit elementor-widget elementor-widget-heading\" data-id=\"2a0c4ecf\" data-element_type=\"widget\" data-e-type=\"widget\" data-widget_type=\"heading.default\">\n\t\t\t\t\t<h2 class=\"elementor-heading-title elementor-size-default\">Maquillage &amp; Coiffure<\/h2>\t\t\t\t<\/div>\n\t\t\t\t<div class=\"elementor-element elementor-element-48b5689b elementor-widget elementor-widget-text-editor\" data-id=\"48b5689b\" data-element_type=\"widget\" data-e-type=\"widget\" data-widget_type=\"text-editor.default\">\n\t\t\t\t\t\t\t\t\t<p><span style=\"font-weight: 400;\">Notre maquilleuse professionnelle vous accueil au sein de notre salon de beaut\u00e9 situ\u00e9 \u00e0 Pantin et se d\u00e9place dans toute la france, afin de vous sublimer pour n\u2019importe quelles occasions\u00a0:\u00a0 maquillage de mari\u00e9e, de soir\u00e9e, de jour, une s\u00e9ances photo, un anniversaire\u2026\u00a0<\/span><\/p><p><span style=\"font-weight: 400;\">Que vous aimiez les looks naturels ou sophistiqu\u00e9s, notre maquilleuse certifi\u00e9e sera vous embellir \u00e0 la perfection\u00a0! <\/span><\/p>\t\t\t\t\t\t\t\t<\/div>\n\t\t\t\t<\/div>\n\t\t<div class=\"elementor-element elementor-element-65f6593b e-con-full e-grid e-con e-parent\" data-id=\"65f6593b\" data-element_type=\"container\" data-e-type=\"container\" data-settings=\"{&quot;background_background&quot;:&quot;classic&quot;}\">\n\t\t<div class=\"elementor-element elementor-element-a958415 e-con-full e-flex e-con e-child\" data-id=\"a958415\" data-element_type=\"container\" data-e-type=\"container\">\n\t\t<div class=\"elementor-element elementor-element-0a13077 e-con-full e-flex e-con e-child\" data-id=\"0a13077\" data-element_type=\"container\" data-e-type=\"container\">\n\t\t\t\t<div class=\"elementor-element elementor-element-48a831d elementor-widget elementor-widget-heading\" data-id=\"48a831d\" data-element_type=\"widget\" data-e-type=\"widget\" data-widget_type=\"heading.default\">\n\t\t\t\t\t<h3 class=\"elementor-heading-title elementor-size-default\">Forfait \u2013 Maquillage &amp; Coiffure Mari\u00e9e<\/h3>\t\t\t\t<\/div>\n\t\t\t\t<div class=\"elementor-element elementor-element-991b31b elementor-widget elementor-widget-text-editor\" data-id=\"991b31b\" data-element_type=\"widget\" data-e-type=\"widget\" data-widget_type=\"text-editor.default\">\n\t\t\t\t\t\t\t\t\t<p><span style=\"font-weight: 400;\">(Barat \/ Walima)<\/span><\/p><p><span style=\"font-weight: 400;\">Description\u00a0: (inclut les faux-cils, la coiffure, la pose de bijoux, la pose de foulard et le buns)<\/span><\/p>\t\t\t\t\t\t\t\t<\/div>\n\t\t\t\t<div class=\"elementor-element elementor-element-69dce97 elementor-widget elementor-widget-text-editor\" data-id=\"69dce97\" data-element_type=\"widget\" data-e-type=\"widget\" data-widget_type=\"text-editor.default\">\n\t\t\t\t\t\t\t\t\t<p>Frais: <em><span style=\"text-decoration: underline;\"><strong>300\u20ac<\/strong><\/span><\/em><\/p>\t\t\t\t\t\t\t\t<\/div>\n\t\t\t\t<\/div>\n\t\t<div class=\"elementor-element elementor-element-1df730a e-con-full e-flex e-con e-child\" data-id=\"1df730a\" data-element_type=\"container\" data-e-type=\"container\">\n\t\t\t\t<div class=\"elementor-element elementor-element-3c8e620 elementor-align-justify elementor-widget elementor-widget-button\" data-id=\"3c8e620\" data-element_type=\"widget\" data-e-type=\"widget\" data-widget_type=\"button.default\">\n\t\t\t\t\t\t\t\t\t\t<a class=\"elementor-button elementor-button-link elementor-size-sm\" href=\"#M\">\n\t\t\t\t\t\t<span class=\"elementor-button-content-wrapper\">\n\t\t\t\t\t\t\t\t\t<span class=\"elementor-button-text\">S'inscrire<\/span>\n\t\t\t\t\t<\/span>\n\t\t\t\t\t<\/a>\n\t\t\t\t\t\t\t\t<\/div>\n\t\t\t\t<\/div>\n\t\t\t\t<\/div>\n\t\t<div class=\"elementor-element elementor-element-900af2e e-con-full e-flex e-con e-child\" data-id=\"900af2e\" data-element_type=\"container\" data-e-type=\"container\">\n\t\t<div class=\"elementor-element elementor-element-ce4329e e-con-full e-flex e-con e-child\" data-id=\"ce4329e\" data-element_type=\"container\" data-e-type=\"container\">\n\t\t\t\t<div class=\"elementor-element elementor-element-71fe525 elementor-widget elementor-widget-heading\" data-id=\"71fe525\" data-element_type=\"widget\" data-e-type=\"widget\" data-widget_type=\"heading.default\">\n\t\t\t\t\t<h3 class=\"elementor-heading-title elementor-size-default\">Forfait \u2013 Maquillage &amp; Coiffure Mari\u00e9e<\/h3>\t\t\t\t<\/div>\n\t\t\t\t<div class=\"elementor-element elementor-element-2440c53 elementor-widget elementor-widget-text-editor\" data-id=\"2440c53\" data-element_type=\"widget\" data-e-type=\"widget\" data-widget_type=\"text-editor.default\">\n\t\t\t\t\t\t\t\t\t<p><span style=\"font-weight: 400;\">(Mehndi \/ Mayoun \/ Nikah \/ Civil)<\/span><\/p><p><span style=\"font-weight: 400;\">Description : inclut les faux-cils, la coiffure, la pose de bijoux, la pose de foulard et le buns<\/span><\/p>\t\t\t\t\t\t\t\t<\/div>\n\t\t\t\t<div class=\"elementor-element elementor-element-800ccda elementor-widget elementor-widget-text-editor\" data-id=\"800ccda\" data-element_type=\"widget\" data-e-type=\"widget\" data-widget_type=\"text-editor.default\">\n\t\t\t\t\t\t\t\t\t<p>Frais: <em><span style=\"text-decoration: underline;\"><strong>250\u20ac<\/strong><\/span><\/em><\/p>\t\t\t\t\t\t\t\t<\/div>\n\t\t\t\t<\/div>\n\t\t<div class=\"elementor-element elementor-element-a7a9d9d e-con-full e-flex e-con e-child\" data-id=\"a7a9d9d\" data-element_type=\"container\" data-e-type=\"container\">\n\t\t\t\t<div class=\"elementor-element elementor-element-4cdd104 elementor-align-justify elementor-widget elementor-widget-button\" data-id=\"4cdd104\" data-element_type=\"widget\" data-e-type=\"widget\" data-widget_type=\"button.default\">\n\t\t\t\t\t\t\t\t\t\t<a class=\"elementor-button elementor-button-link elementor-size-sm\" href=\"#M\">\n\t\t\t\t\t\t<span class=\"elementor-button-content-wrapper\">\n\t\t\t\t\t\t\t\t\t<span class=\"elementor-button-text\">S'inscrire<\/span>\n\t\t\t\t\t<\/span>\n\t\t\t\t\t<\/a>\n\t\t\t\t\t\t\t\t<\/div>\n\t\t\t\t<\/div>\n\t\t\t\t<\/div>\n\t\t<div class=\"elementor-element elementor-element-cb3fffe e-con-full e-flex e-con e-child\" data-id=\"cb3fffe\" data-element_type=\"container\" data-e-type=\"container\">\n\t\t<div class=\"elementor-element elementor-element-c68f318 e-con-full e-flex e-con e-child\" data-id=\"c68f318\" data-element_type=\"container\" data-e-type=\"container\">\n\t\t\t\t<div class=\"elementor-element elementor-element-a10c915 elementor-widget elementor-widget-heading\" data-id=\"a10c915\" data-element_type=\"widget\" data-e-type=\"widget\" data-widget_type=\"heading.default\">\n\t\t\t\t\t<h3 class=\"elementor-heading-title elementor-size-default\">PACK Mari\u00e9e (sur Devis)<\/h3>\t\t\t\t<\/div>\n\t\t\t\t<div class=\"elementor-element elementor-element-b9792bb elementor-widget elementor-widget-text-editor\" data-id=\"b9792bb\" data-element_type=\"widget\" data-e-type=\"widget\" data-widget_type=\"text-editor.default\">\n\t\t\t\t\t\t\t\t\t<p><span style=\"font-weight: 400;\">Maquillage Mehndi &#8211; Barat &#8211; Walima (3jrs)\u00a0<\/span><\/p><p><span style=\"font-weight: 400;\">Description : inclut les faux-cils, la coiffure, la pose de bijoux, la pose de foulard et le buns<\/span><\/p>\t\t\t\t\t\t\t\t<\/div>\n\t\t\t\t<div class=\"elementor-element elementor-element-7418ced elementor-widget elementor-widget-text-editor\" data-id=\"7418ced\" data-element_type=\"widget\" data-e-type=\"widget\" data-widget_type=\"text-editor.default\">\n\t\t\t\t\t\t\t\t\t<p>Frais: <em><span style=\"text-decoration: underline;\"><strong>Sur Devis<\/strong><\/span><\/em><\/p>\t\t\t\t\t\t\t\t<\/div>\n\t\t\t\t<\/div>\n\t\t<div class=\"elementor-element elementor-element-cb5adc6 e-con-full e-flex e-con e-child\" data-id=\"cb5adc6\" data-element_type=\"container\" data-e-type=\"container\">\n\t\t\t\t<div class=\"elementor-element elementor-element-7f63127 elementor-align-justify elementor-widget elementor-widget-button\" data-id=\"7f63127\" data-element_type=\"widget\" data-e-type=\"widget\" data-widget_type=\"button.default\">\n\t\t\t\t\t\t\t\t\t\t<a class=\"elementor-button elementor-button-link elementor-size-sm\" href=\"#M\">\n\t\t\t\t\t\t<span class=\"elementor-button-content-wrapper\">\n\t\t\t\t\t\t\t\t\t<span class=\"elementor-button-text\">S'inscrire<\/span>\n\t\t\t\t\t<\/span>\n\t\t\t\t\t<\/a>\n\t\t\t\t\t\t\t\t<\/div>\n\t\t\t\t<\/div>\n\t\t\t\t<\/div>\n\t\t<div class=\"elementor-element elementor-element-3a28441 e-con-full e-flex e-con e-child\" data-id=\"3a28441\" data-element_type=\"container\" data-e-type=\"container\">\n\t\t<div class=\"elementor-element elementor-element-bf63b69 e-con-full e-flex e-con e-child\" data-id=\"bf63b69\" data-element_type=\"container\" data-e-type=\"container\">\n\t\t\t\t<div class=\"elementor-element elementor-element-264fcf4 elementor-widget elementor-widget-heading\" data-id=\"264fcf4\" data-element_type=\"widget\" data-e-type=\"widget\" data-widget_type=\"heading.default\">\n\t\t\t\t\t<h3 class=\"elementor-heading-title elementor-size-default\">Maquillage soir\u00e9e + Coiffure<\/h3>\t\t\t\t<\/div>\n\t\t\t\t<div class=\"elementor-element elementor-element-75d199d elementor-widget elementor-widget-text-editor\" data-id=\"75d199d\" data-element_type=\"widget\" data-e-type=\"widget\" data-widget_type=\"text-editor.default\">\n\t\t\t\t\t\t\t\t\t<p><span style=\"font-weight: 400;\">Pose faux-cils, sans extensions de cheveux<\/span><\/p>\t\t\t\t\t\t\t\t<\/div>\n\t\t\t\t<div class=\"elementor-element elementor-element-37ec0cc elementor-widget elementor-widget-text-editor\" data-id=\"37ec0cc\" data-element_type=\"widget\" data-e-type=\"widget\" data-widget_type=\"text-editor.default\">\n\t\t\t\t\t\t\t\t\t<p>Frais: <em><span style=\"text-decoration: underline;\"><strong>110\u20ac<\/strong><\/span><\/em><\/p>\t\t\t\t\t\t\t\t<\/div>\n\t\t\t\t<\/div>\n\t\t<div class=\"elementor-element elementor-element-cdb3257 e-con-full e-flex e-con e-child\" data-id=\"cdb3257\" data-element_type=\"container\" data-e-type=\"container\">\n\t\t\t\t<div class=\"elementor-element elementor-element-525027b elementor-align-justify elementor-widget elementor-widget-button\" data-id=\"525027b\" data-element_type=\"widget\" data-e-type=\"widget\" data-widget_type=\"button.default\">\n\t\t\t\t\t\t\t\t\t\t<a class=\"elementor-button elementor-button-link elementor-size-sm\" href=\"#M\">\n\t\t\t\t\t\t<span class=\"elementor-button-content-wrapper\">\n\t\t\t\t\t\t\t\t\t<span class=\"elementor-button-text\">S'inscrire<\/span>\n\t\t\t\t\t<\/span>\n\t\t\t\t\t<\/a>\n\t\t\t\t\t\t\t\t<\/div>\n\t\t\t\t<\/div>\n\t\t\t\t<\/div>\n\t\t<div class=\"elementor-element elementor-element-26080f39 e-con-full e-flex e-con e-child\" data-id=\"26080f39\" data-element_type=\"container\" data-e-type=\"container\">\n\t\t<div class=\"elementor-element elementor-element-62062055 e-con-full e-flex e-con e-child\" data-id=\"62062055\" data-element_type=\"container\" data-e-type=\"container\">\n\t\t\t\t<div class=\"elementor-element elementor-element-4b0751f1 elementor-widget elementor-widget-heading\" data-id=\"4b0751f1\" data-element_type=\"widget\" data-e-type=\"widget\" data-widget_type=\"heading.default\">\n\t\t\t\t\t<h3 class=\"elementor-heading-title elementor-size-default\">Maquillage soir\u00e9e<\/h3>\t\t\t\t<\/div>\n\t\t\t\t<div class=\"elementor-element elementor-element-296b5cac elementor-widget elementor-widget-text-editor\" data-id=\"296b5cac\" data-element_type=\"widget\" data-e-type=\"widget\" data-widget_type=\"text-editor.default\">\n\t\t\t\t\t\t\t\t\t<p><span style=\"font-weight: 400;\">Pose faux-cils<\/span><\/p>\t\t\t\t\t\t\t\t<\/div>\n\t\t\t\t<div class=\"elementor-element elementor-element-59f16978 elementor-widget elementor-widget-text-editor\" data-id=\"59f16978\" data-element_type=\"widget\" data-e-type=\"widget\" data-widget_type=\"text-editor.default\">\n\t\t\t\t\t\t\t\t\t<p>Frais: <em><span style=\"text-decoration: underline;\"><strong>70\u20ac<\/strong><\/span><\/em><\/p>\t\t\t\t\t\t\t\t<\/div>\n\t\t\t\t<\/div>\n\t\t<div class=\"elementor-element elementor-element-2c0267a1 e-con-full e-flex e-con e-child\" data-id=\"2c0267a1\" data-element_type=\"container\" data-e-type=\"container\">\n\t\t\t\t<div class=\"elementor-element elementor-element-5521bbec elementor-align-justify elementor-widget elementor-widget-button\" data-id=\"5521bbec\" data-element_type=\"widget\" data-e-type=\"widget\" data-widget_type=\"button.default\">\n\t\t\t\t\t\t\t\t\t\t<a class=\"elementor-button elementor-button-link elementor-size-sm\" href=\"#M\">\n\t\t\t\t\t\t<span class=\"elementor-button-content-wrapper\">\n\t\t\t\t\t\t\t\t\t<span class=\"elementor-button-text\">S'inscrire<\/span>\n\t\t\t\t\t<\/span>\n\t\t\t\t\t<\/a>\n\t\t\t\t\t\t\t\t<\/div>\n\t\t\t\t<\/div>\n\t\t\t\t<\/div>\n\t\t<div class=\"elementor-element elementor-element-4ded222e e-con-full e-flex e-con e-child\" data-id=\"4ded222e\" data-element_type=\"container\" data-e-type=\"container\">\n\t\t<div class=\"elementor-element elementor-element-7cf1ca81 e-con-full e-flex e-con e-child\" data-id=\"7cf1ca81\" data-element_type=\"container\" data-e-type=\"container\">\n\t\t\t\t<div class=\"elementor-element elementor-element-ab07d5 elementor-widget elementor-widget-heading\" data-id=\"ab07d5\" data-element_type=\"widget\" data-e-type=\"widget\" data-widget_type=\"heading.default\">\n\t\t\t\t\t<h3 class=\"elementor-heading-title elementor-size-default\">Maquillage de jour<\/h3>\t\t\t\t<\/div>\n\t\t\t\t<div class=\"elementor-element elementor-element-4bb8e61c elementor-widget elementor-widget-text-editor\" data-id=\"4bb8e61c\" data-element_type=\"widget\" data-e-type=\"widget\" data-widget_type=\"text-editor.default\">\n\t\t\t\t\t\t\t\t\t<p><span style=\"font-weight: 400;\">Sans faux-cils<\/span><\/p>\t\t\t\t\t\t\t\t<\/div>\n\t\t\t\t<div class=\"elementor-element elementor-element-5ea588d2 elementor-widget elementor-widget-text-editor\" data-id=\"5ea588d2\" data-element_type=\"widget\" data-e-type=\"widget\" data-widget_type=\"text-editor.default\">\n\t\t\t\t\t\t\t\t\t<p>Frais: <em><span style=\"text-decoration: underline;\"><strong>45\u20ac<\/strong><\/span><\/em><\/p>\t\t\t\t\t\t\t\t<\/div>\n\t\t\t\t<\/div>\n\t\t<div class=\"elementor-element elementor-element-48dd1f e-con-full e-flex e-con e-child\" data-id=\"48dd1f\" data-element_type=\"container\" data-e-type=\"container\">\n\t\t\t\t<div class=\"elementor-element elementor-element-182d035f elementor-align-justify elementor-widget elementor-widget-button\" data-id=\"182d035f\" data-element_type=\"widget\" data-e-type=\"widget\" data-widget_type=\"button.default\">\n\t\t\t\t\t\t\t\t\t\t<a class=\"elementor-button elementor-button-link elementor-size-sm\" href=\"#M\">\n\t\t\t\t\t\t<span class=\"elementor-button-content-wrapper\">\n\t\t\t\t\t\t\t\t\t<span class=\"elementor-button-text\">S'inscrire<\/span>\n\t\t\t\t\t<\/span>\n\t\t\t\t\t<\/a>\n\t\t\t\t\t\t\t\t<\/div>\n\t\t\t\t<\/div>\n\t\t\t\t<\/div>\n\t\t\t\t<\/div>\n\t\t<div class=\"elementor-element elementor-element-2c79ab22 e-flex e-con-boxed e-con e-parent\" data-id=\"2c79ab22\" data-element_type=\"container\" data-e-type=\"container\">\n\t\t\t\t\t<div class=\"e-con-inner\">\n\t\t\t\t<div class=\"elementor-element elementor-element-65b7a9b9 elementor-widget elementor-widget-heading\" data-id=\"65b7a9b9\" data-element_type=\"widget\" data-e-type=\"widget\" data-widget_type=\"heading.default\">\n\t\t\t\t\t<h2 class=\"elementor-heading-title elementor-size-default\">Remplissez le formulaire d'inscription facile<\/h2>\t\t\t\t<\/div>\n\t\t\t\t<div class=\"elementor-element elementor-element-26c2054 elementor-button-align-stretch elementor-widget elementor-widget-form\" data-id=\"26c2054\" data-element_type=\"widget\" data-e-type=\"widget\" data-settings=\"{&quot;step_next_label&quot;:&quot;Next&quot;,&quot;step_previous_label&quot;:&quot;Previous&quot;,&quot;button_width&quot;:&quot;100&quot;,&quot;step_type&quot;:&quot;number_text&quot;,&quot;step_icon_shape&quot;:&quot;circle&quot;}\" data-widget_type=\"form.default\">\n\t\t\t\t\t\t\t<form class=\"elementor-form\" method=\"post\" id=\"M\" name=\"maquillage form\" aria-label=\"maquillage form\" action=\"\">\n\t\t\t<input type=\"hidden\" name=\"post_id\" value=\"2752\"\/>\n\t\t\t<input type=\"hidden\" name=\"form_id\" value=\"26c2054\"\/>\n\t\t\t<input type=\"hidden\" name=\"referer_title\" value=\"\" \/>\n\n\t\t\t\n\t\t\t<div class=\"elementor-form-fields-wrapper elementor-labels-above\">\n\t\t\t\t\t\t\t\t<div class=\"elementor-field-type-text elementor-field-group elementor-column elementor-field-group-name elementor-col-100 elementor-field-required elementor-mark-required\">\n\t\t\t\t\t\t\t\t\t\t\t\t<label for=\"form-field-name\" class=\"elementor-field-label\">\n\t\t\t\t\t\t\t\tVotre nom\t\t\t\t\t\t\t<\/label>\n\t\t\t\t\t\t\t\t\t\t\t\t\t\t<input size=\"1\" type=\"text\" name=\"form_fields[name]\" id=\"form-field-name\" class=\"elementor-field elementor-size-sm  elementor-field-textual\" placeholder=\"Entrez votre nom\" required=\"required\">\n\t\t\t\t\t\t\t\t\t\t\t<\/div>\n\t\t\t\t\t\t\t\t<div class=\"elementor-field-type-tel elementor-field-group elementor-column elementor-field-group-field_0aba374 elementor-col-100 elementor-field-required elementor-mark-required\">\n\t\t\t\t\t\t\t\t\t\t\t\t<label for=\"form-field-field_0aba374\" class=\"elementor-field-label\">\n\t\t\t\t\t\t\t\tVotre num\u00e9ro de t\u00e9l\u00e9phone\t\t\t\t\t\t\t<\/label>\n\t\t\t\t\t\t\t\t<input size=\"1\" type=\"tel\" name=\"form_fields[field_0aba374]\" id=\"form-field-field_0aba374\" class=\"elementor-field elementor-size-sm  elementor-field-textual\" placeholder=\"Entrez votre num\u00e9ro de t\u00e9l\u00e9phone\" required=\"required\" pattern=\"[0-9()#&amp;+*-=.]+\" title=\"Only numbers and phone characters (#, -, *, etc) are accepted.\">\n\n\t\t\t\t\t\t<\/div>\n\t\t\t\t\t\t\t\t<div class=\"elementor-field-type-email elementor-field-group elementor-column elementor-field-group-email elementor-col-100\">\n\t\t\t\t\t\t\t\t\t\t\t\t<label for=\"form-field-email\" class=\"elementor-field-label\">\n\t\t\t\t\t\t\t\tVotre adresse e-mail\t\t\t\t\t\t\t<\/label>\n\t\t\t\t\t\t\t\t\t\t\t\t\t\t<input size=\"1\" type=\"email\" name=\"form_fields[email]\" id=\"form-field-email\" class=\"elementor-field elementor-size-sm  elementor-field-textual\" placeholder=\"Entrez votre adresse e-mail\">\n\t\t\t\t\t\t\t\t\t\t\t<\/div>\n\t\t\t\t\t\t\t\t<div class=\"elementor-field-type-number elementor-field-group elementor-column elementor-field-group-field_847d6c8 elementor-col-100 elementor-field-required elementor-mark-required\">\n\t\t\t\t\t\t\t\t\t\t\t\t<label for=\"form-field-field_847d6c8\" class=\"elementor-field-label\">\n\t\t\t\t\t\t\t\tnombre de personnes\t\t\t\t\t\t\t<\/label>\n\t\t\t\t\t\t\t\t\t<input type=\"number\" name=\"form_fields[field_847d6c8]\" id=\"form-field-field_847d6c8\" class=\"elementor-field elementor-size-sm  elementor-field-textual\" placeholder=\"nombre de personnes pr\u00e9sentes\" required=\"required\" min=\"1\" max=\"50\" >\n\t\t\t\t\t\t<\/div>\n\t\t\t\t\t\t\t\t<div class=\"elementor-field-type-checkbox elementor-field-group elementor-column elementor-field-group-field_264608d elementor-col-100\">\n\t\t\t\t\t\t\t\t\t\t\t\t<label for=\"form-field-field_264608d\" class=\"elementor-field-label\">\n\t\t\t\t\t\t\t\tS\u00e9lectionnez les services de maquillage\t\t\t\t\t\t\t<\/label>\n\t\t\t\t\t\t<div class=\"elementor-field-subgroup\"><span class=\"elementor-field-option\"><input type=\"checkbox\" value=\" Maquillage de jour\" id=\"form-field-field_264608d-0\" name=\"form_fields[field_264608d][]\"> <label for=\"form-field-field_264608d-0\">Maquillage de jour <\/label><\/span><span class=\"elementor-field-option\"><input type=\"checkbox\" value=\" Maquillage soir\u00e9e\" id=\"form-field-field_264608d-1\" name=\"form_fields[field_264608d][]\"> <label for=\"form-field-field_264608d-1\">Maquillage soir\u00e9e <\/label><\/span><span class=\"elementor-field-option\"><input type=\"checkbox\" value=\" Maquillage soir\u00e9e + Coiffure\" id=\"form-field-field_264608d-2\" name=\"form_fields[field_264608d][]\"> <label for=\"form-field-field_264608d-2\">Maquillage soir\u00e9e + Coiffure <\/label><\/span><span class=\"elementor-field-option\"><input type=\"checkbox\" value=\" Maquillage &amp; Coiffure Mari\u00e9e (Mehndi \/ Mayoun \/ Nikah \/ Civil)\" id=\"form-field-field_264608d-3\" name=\"form_fields[field_264608d][]\"> <label for=\"form-field-field_264608d-3\">Maquillage & Coiffure Mari\u00e9e (Mehndi \/ Mayoun \/ Nikah \/ Civil) <\/label><\/span><span class=\"elementor-field-option\"><input type=\"checkbox\" value=\" Maquillage &amp; Coiffure Mari\u00e9e (Barat \/ Walima)\" id=\"form-field-field_264608d-4\" name=\"form_fields[field_264608d][]\"> <label for=\"form-field-field_264608d-4\">Maquillage & Coiffure Mari\u00e9e (Barat \/ Walima) <\/label><\/span><span class=\"elementor-field-option\"><input type=\"checkbox\" value=\" PACK Mari\u00e9e (sur Devis)\" id=\"form-field-field_264608d-5\" name=\"form_fields[field_264608d][]\"> <label for=\"form-field-field_264608d-5\">PACK Mari\u00e9e (sur Devis) <\/label><\/span><\/div>\t\t\t\t<\/div>\n\t\t\t\t\t\t\t\t<div class=\"elementor-field-type-date elementor-field-group elementor-column elementor-field-group-field_97bb243 elementor-col-100 elementor-field-required elementor-mark-required\">\n\t\t\t\t\t\t\t\t\t\t\t\t<label for=\"form-field-field_97bb243\" class=\"elementor-field-label\">\n\t\t\t\t\t\t\t\tDate de r\u00e9servation\t\t\t\t\t\t\t<\/label>\n\t\t\t\t\t\t\n\t\t<input type=\"date\" name=\"form_fields[field_97bb243]\" id=\"form-field-field_97bb243\" class=\"elementor-field elementor-size-sm  elementor-field-textual elementor-date-field\" placeholder=\"Entrer la date\" required=\"required\" pattern=\"[0-9]{4}-[0-9]{2}-[0-9]{2}\">\n\t\t\t\t\t\t<\/div>\n\t\t\t\t\t\t\t\t<div class=\"elementor-field-type-textarea elementor-field-group elementor-column elementor-field-group-message elementor-col-100\">\n\t\t\t\t\t\t\t\t\t\t\t\t<label for=\"form-field-message\" class=\"elementor-field-label\">\n\t\t\t\t\t\t\t\tNotes du client\t\t\t\t\t\t\t<\/label>\n\t\t\t\t\t\t<textarea class=\"elementor-field-textual elementor-field  elementor-size-sm\" name=\"form_fields[message]\" id=\"form-field-message\" rows=\"3\" placeholder=\"Vos notes ici\"><\/textarea>\t\t\t\t<\/div>\n\t\t\t\t\t\t\t\t<div class=\"elementor-field-group elementor-column elementor-field-type-submit elementor-col-100 e-form__buttons\">\n\t\t\t\t\t<button class=\"elementor-button elementor-size-sm\" type=\"submit\">\n\t\t\t\t\t\t<span class=\"elementor-button-content-wrapper\">\n\t\t\t\t\t\t\t\t\t\t\t\t\t\t\t\t\t\t\t\t\t\t<span class=\"elementor-button-text\">Soumettre<\/span>\n\t\t\t\t\t\t\t\t\t\t\t\t\t<\/span>\n\t\t\t\t\t<\/button>\n\t\t\t\t<\/div>\n\t\t\t<\/div>\n\t\t<input type=\"hidden\" name=\"trp-form-language\" value=\"en\"\/><\/form>\n\t\t\t\t\t\t<\/div>\n\t\t\t\t<div class=\"elementor-element elementor-element-d30d641 elementor-widget elementor-widget-heading\" data-id=\"d30d641\" data-element_type=\"widget\" data-e-type=\"widget\" data-widget_type=\"heading.default\">\n\t\t\t\t\t<h2 class=\"elementor-heading-title elementor-size-default\">*La facture de paiement sera g\u00e9n\u00e9r\u00e9e apr\u00e8s contact avec le client. N'h\u00e9sitez pas \u00e0 la soumettre.<\/h2>\t\t\t\t<\/div>\n\t\t\t\t\t<\/div>\n\t\t\t\t<\/div>\n\t\t\t\t<\/div>","protected":false},"excerpt":{"rendered":"<p>Maquillage &amp; Coiffure Notre maquilleuse professionnelle vous accueil au sein de notre salon de beaut\u00e9 situ\u00e9 \u00e0 Pantin&hellip;<\/p>","protected":false},"author":1,"featured_media":0,"parent":0,"menu_order":0,"comment_status":"closed","ping_status":"closed","template":"elementor_header_footer","meta":{"footnotes":""},"class_list":["post-2752","page","type-page","status-publish","hentry"],"_hostinger_reach_plugin_has_subscription_block":false,"_hostinger_reach_plugin_is_elementor":false,"_links":{"self":[{"href":"https:\/\/tasneem-couture.fr\/en\/wp-json\/wp\/v2\/pages\/2752","targetHints":{"allow":["GET"]}}],"collection":[{"href":"https:\/\/tasneem-couture.fr\/en\/wp-json\/wp\/v2\/pages"}],"about":[{"href":"https:\/\/tasneem-couture.fr\/en\/wp-json\/wp\/v2\/types\/page"}],"author":[{"embeddable":true,"href":"https:\/\/tasneem-couture.fr\/en\/wp-json\/wp\/v2\/users\/1"}],"replies":[{"embeddable":true,"href":"https:\/\/tasneem-couture.fr\/en\/wp-json\/wp\/v2\/comments?post=2752"}],"version-history":[{"count":13,"href":"https:\/\/tasneem-couture.fr\/en\/wp-json\/wp\/v2\/pages\/2752\/revisions"}],"predecessor-version":[{"id":2980,"href":"https:\/\/tasneem-couture.fr\/en\/wp-json\/wp\/v2\/pages\/2752\/revisions\/2980"}],"wp:attachment":[{"href":"https:\/\/tasneem-couture.fr\/en\/wp-json\/wp\/v2\/media?parent=2752"}],"curies":[{"name":"wp","href":"https:\/\/api.w.org\/{rel}","templated":true}]}}