{"id":2754,"date":"2025-12-12T20:36:02","date_gmt":"2025-12-12T19:36:02","guid":{"rendered":"https:\/\/tasneem-couture.fr\/?page_id=2754"},"modified":"2025-12-16T14:57:43","modified_gmt":"2025-12-16T13:57:43","slug":"formation-maquillage","status":"publish","type":"page","link":"https:\/\/tasneem-couture.fr\/en\/formation-maquillage\/","title":{"rendered":"Formation Maquillage"},"content":{"rendered":"<div data-elementor-type=\"wp-page\" data-elementor-id=\"2754\" class=\"elementor elementor-2754\" data-elementor-post-type=\"page\">\n\t\t\t\t<div class=\"elementor-element elementor-element-76748902 e-con-full e-flex e-con e-parent\" data-id=\"76748902\" data-element_type=\"container\" data-e-type=\"container\" data-settings=\"{&quot;background_background&quot;:&quot;classic&quot;}\">\n\t\t\t\t<div class=\"elementor-element elementor-element-2888e7cc elementor-widget__width-inherit elementor-widget elementor-widget-heading\" data-id=\"2888e7cc\" data-element_type=\"widget\" data-e-type=\"widget\" data-widget_type=\"heading.default\">\n\t\t\t\t\t<h2 class=\"elementor-heading-title elementor-size-default\">Cours d\u2019auto-maquillage<\/h2>\t\t\t\t<\/div>\n\t\t\t\t<div class=\"elementor-element elementor-element-01714fb elementor-widget elementor-widget-text-editor\" data-id=\"01714fb\" data-element_type=\"widget\" data-e-type=\"widget\" data-widget_type=\"text-editor.default\">\n\t\t\t\t\t\t\t\t\t<p><span style=\"font-weight: 400;\">Apprenez \u00e0 vous maquiller comme une pro avec les astuces et tips rapides de notre makeup artist. Gr\u00e2ce aux cours d\u2019auto-maquillage vous allez apprendre \u00e0 vous sublimer seul et savoir adapter des techniques professionnelles \u00e0 votre visage.<\/span><\/p>\t\t\t\t\t\t\t\t<\/div>\n\t\t\t\t<\/div>\n\t\t<div class=\"elementor-element elementor-element-6fc11d33 e-con-full e-flex e-con e-parent\" data-id=\"6fc11d33\" data-element_type=\"container\" data-e-type=\"container\" data-settings=\"{&quot;background_background&quot;:&quot;classic&quot;}\">\n\t\t<div class=\"elementor-element elementor-element-5bd597a e-con-full e-flex e-con e-child\" data-id=\"5bd597a\" data-element_type=\"container\" data-e-type=\"container\">\n\t\t<div class=\"elementor-element elementor-element-85238d2 e-con-full e-flex e-con e-child\" data-id=\"85238d2\" data-element_type=\"container\" data-e-type=\"container\">\n\t\t\t\t<div class=\"elementor-element elementor-element-8cbe2ea elementor-widget elementor-widget-heading\" data-id=\"8cbe2ea\" data-element_type=\"widget\" data-e-type=\"widget\" data-widget_type=\"heading.default\">\n\t\t\t\t\t<h3 class=\"elementor-heading-title elementor-size-default\">Cours d\u2019auto-maquillage de jour<\/h3>\t\t\t\t<\/div>\n\t\t\t\t<div class=\"elementor-element elementor-element-8586a31 elementor-widget elementor-widget-text-editor\" data-id=\"8586a31\" data-element_type=\"widget\" data-e-type=\"widget\" data-widget_type=\"text-editor.default\">\n\t\t\t\t\t\t\t\t\t<p><span style=\"font-weight: 400;\">Dur\u00e9e 2h30 | en solo ou en duo | Tous niveaux<\/span><\/p><p><span style=\"font-weight: 400;\">Apprenez \u00e0 r\u00e9aliser un maquillage de jour naturel, lumineux en floutant les imperfections. R\u00e9alisez une mise en beaut\u00e9 \u00e0 la perfection avec un maquillage simple au niveau des yeux pour la vie quotidienne.<\/span><\/p>\t\t\t\t\t\t\t\t<\/div>\n\t\t\t\t<div class=\"elementor-element elementor-element-0e12c20 elementor-widget elementor-widget-text-editor\" data-id=\"0e12c20\" data-element_type=\"widget\" data-e-type=\"widget\" data-widget_type=\"text-editor.default\">\n\t\t\t\t\t\t\t\t\t<p>Frais: <em><span style=\"text-decoration: underline;\"><strong>110\u20ac<\/strong><\/span><\/em><\/p>\t\t\t\t\t\t\t\t<\/div>\n\t\t\t\t<\/div>\n\t\t\t\t<div class=\"elementor-element elementor-element-cadcdb7 elementor-widget elementor-widget-ideapark-accordion\" data-id=\"cadcdb7\" data-element_type=\"widget\" data-e-type=\"widget\" data-widget_type=\"ideapark-accordion.default\">\n\t\t\t\t<div class=\"elementor-widget-container\">\n\t\t\t\t\t\t\t<div class=\"c-ip-accordion\">\n\t\t\t<div class=\"c-ip-accordion__wrap\">\n\t\t\t\t<div class=\"c-ip-accordion__list\">\n\t\t\t\t\t\t\t\t\t\t<div class=\"c-ip-accordion__item\">\n\t\t\t\t\t\t<a class=\"c-ip-accordion__link js-accordion-title\" href=\"\" onclick=\"return false;\"><div class=\"c-ip-accordion__header\">POUR QUI ?<i class=\"ip-plus_big c-ip-accordion__arrow\"><\/i><\/div><\/a>\t\t\t\t\t\t<div class=\"c-ip-accordion__content entry-content\"><p><span style=\"font-weight: 400;\">Ce cours s\u2019adresse \u00e0 tous les passionn\u00e9s de maquillage qui veulent apprendre \u00e0 se maquiller et se sublimer seuls gr\u00e2ce \u00e0 une mise en beaut\u00e9 naturelle.<\/span><\/p><p><span style=\"font-weight: 400;\">Ce cours est dispens\u00e9 en\u00a0solo\u00a0(pour une personne) ou en\u00a0duo\u00a0(pour deux personnes).<\/span><\/p><\/div>\t\t\t\t\t<\/div>\n\t\t\t\t\t\t\t\t\t\t<div class=\"c-ip-accordion__item\">\n\t\t\t\t\t\t<a class=\"c-ip-accordion__link js-accordion-title\" href=\"\" onclick=\"return false;\"><div class=\"c-ip-accordion__header\">MATERIEL<i class=\"ip-plus_big c-ip-accordion__arrow\"><\/i><\/div><\/a>\t\t\t\t\t\t<div class=\"c-ip-accordion__content entry-content\"><p><span style=\"font-weight: 400;\">Apportez\u00a0votre trousse de maquillage\u00a0ainsi que vos pinceaux. Du mat\u00e9riel sera \u00e9galement mis \u00e0 votre disposition.<\/span><\/p><\/div>\t\t\t\t\t<\/div>\n\t\t\t\t\t\t\t\t\t\t<div class=\"c-ip-accordion__item\">\n\t\t\t\t\t\t<a class=\"c-ip-accordion__link js-accordion-title\" href=\"\" onclick=\"return false;\"><div class=\"c-ip-accordion__header\">PROGRAMME DE NOTRE COURS DE MISE EN BEAUT\u00c9 JOUR<i class=\"ip-plus_big c-ip-accordion__arrow\"><\/i><\/div><\/a>\t\t\t\t\t\t<div class=\"c-ip-accordion__content entry-content\"><ul><li><span style=\"font-weight: 400;\">-Morphologie du visage et type de peau<\/span><\/li><li><span style=\"font-weight: 400;\">- Correction des imperfections et technique du teint<\/span><\/li><li><span style=\"font-weight: 400;\">- Technique du maquillage des sourcils et de la bouche naturel<\/span><\/li><li><span style=\"font-weight: 400;\">- Technique du maquillage des yeux naturel et de pose de mascara<\/span><\/li><\/ul><\/div>\t\t\t\t\t<\/div>\n\t\t\t\t\t\t\t\t\t<\/div>\n\t\t\t<\/div>\n\t\t<\/div>\n\t\t\t\t\t\t<\/div>\n\t\t\t\t<\/div>\n\t\t<div class=\"elementor-element elementor-element-8072c41 e-con-full e-flex e-con e-child\" data-id=\"8072c41\" data-element_type=\"container\" data-e-type=\"container\">\n\t\t\t\t<div class=\"elementor-element elementor-element-9c95302 elementor-align-justify elementor-widget elementor-widget-button\" data-id=\"9c95302\" data-element_type=\"widget\" data-e-type=\"widget\" data-widget_type=\"button.default\">\n\t\t\t\t\t\t\t\t\t\t<a class=\"elementor-button elementor-button-link elementor-size-sm\" href=\"#FM\">\n\t\t\t\t\t\t<span class=\"elementor-button-content-wrapper\">\n\t\t\t\t\t\t\t\t\t<span class=\"elementor-button-text\">S'inscrire<\/span>\n\t\t\t\t\t<\/span>\n\t\t\t\t\t<\/a>\n\t\t\t\t\t\t\t\t<\/div>\n\t\t\t\t<\/div>\n\t\t\t\t<\/div>\n\t\t<div class=\"elementor-element elementor-element-318bf1b e-con-full e-flex e-con e-child\" data-id=\"318bf1b\" data-element_type=\"container\" data-e-type=\"container\">\n\t\t<div class=\"elementor-element elementor-element-21349a3 e-con-full e-flex e-con e-child\" data-id=\"21349a3\" data-element_type=\"container\" data-e-type=\"container\">\n\t\t\t\t<div class=\"elementor-element elementor-element-e704abe elementor-widget elementor-widget-heading\" data-id=\"e704abe\" data-element_type=\"widget\" data-e-type=\"widget\" data-widget_type=\"heading.default\">\n\t\t\t\t\t<h3 class=\"elementor-heading-title elementor-size-default\">Cours d\u2019auto-maquillage de soir\u00e9e<\/h3>\t\t\t\t<\/div>\n\t\t\t\t<div class=\"elementor-element elementor-element-de84a43 elementor-widget elementor-widget-text-editor\" data-id=\"de84a43\" data-element_type=\"widget\" data-e-type=\"widget\" data-widget_type=\"text-editor.default\">\n\t\t\t\t\t\t\t\t\t<p><span style=\"font-weight: 400;\">Dur\u00e9e 3h00 | en solo\u00a0ou en\u00a0duo\u00a0| Tous niveaux<\/span><\/p><p><span style=\"font-weight: 400;\">Apprenez \u00e0 r\u00e9aliser un maquillage sophistiqu\u00e9, travaill\u00e9 avec un teint sculpt\u00e9 et sans imperfections. R\u00e9alisez une mise en beaut\u00e9 \u00e0 la perfection avec un maquillage de soir\u00e9e au niveau des yeux et pose de faux-cils pour toutes vos occasions.<\/span><\/p>\t\t\t\t\t\t\t\t<\/div>\n\t\t\t\t<div class=\"elementor-element elementor-element-a3a9f33 elementor-widget elementor-widget-text-editor\" data-id=\"a3a9f33\" data-element_type=\"widget\" data-e-type=\"widget\" data-widget_type=\"text-editor.default\">\n\t\t\t\t\t\t\t\t\t<p>Frais: <em><span style=\"text-decoration: underline;\"><strong>160\u20ac<\/strong><\/span><\/em><\/p>\t\t\t\t\t\t\t\t<\/div>\n\t\t\t\t<\/div>\n\t\t\t\t<div class=\"elementor-element elementor-element-04adffb elementor-widget elementor-widget-ideapark-accordion\" data-id=\"04adffb\" data-element_type=\"widget\" data-e-type=\"widget\" data-widget_type=\"ideapark-accordion.default\">\n\t\t\t\t<div class=\"elementor-widget-container\">\n\t\t\t\t\t\t\t<div class=\"c-ip-accordion\">\n\t\t\t<div class=\"c-ip-accordion__wrap\">\n\t\t\t\t<div class=\"c-ip-accordion__list\">\n\t\t\t\t\t\t\t\t\t\t<div class=\"c-ip-accordion__item\">\n\t\t\t\t\t\t<a class=\"c-ip-accordion__link js-accordion-title\" href=\"\" onclick=\"return false;\"><div class=\"c-ip-accordion__header\">POUR QUI ?<i class=\"ip-plus_big c-ip-accordion__arrow\"><\/i><\/div><\/a>\t\t\t\t\t\t<div class=\"c-ip-accordion__content entry-content\"><p><span style=\"font-weight: 400;\">Ce cours s\u2019adresse \u00e0 tous les passionn\u00e9s de maquillage qui veulent apprendre \u00e0 se maquiller et se sublimer seuls gr\u00e2ce \u00e0 une mise en beaut\u00e9 naturelle.<\/span><\/p><p><span style=\"font-weight: 400;\">Ce cours est dispens\u00e9 en\u00a0solo\u00a0(pour une personne) ou en\u00a0duo\u00a0(pour deux personnes).<\/span><\/p><\/div>\t\t\t\t\t<\/div>\n\t\t\t\t\t\t\t\t\t\t<div class=\"c-ip-accordion__item\">\n\t\t\t\t\t\t<a class=\"c-ip-accordion__link js-accordion-title\" href=\"\" onclick=\"return false;\"><div class=\"c-ip-accordion__header\">MATERIEL<i class=\"ip-plus_big c-ip-accordion__arrow\"><\/i><\/div><\/a>\t\t\t\t\t\t<div class=\"c-ip-accordion__content entry-content\"><p><span style=\"font-weight: 400;\">Apportez\u00a0votre trousse de maquillage\u00a0ainsi que vos pinceaux. Du mat\u00e9riel sera \u00e9galement mis \u00e0 votre disposition.<\/span><\/p><\/div>\t\t\t\t\t<\/div>\n\t\t\t\t\t\t\t\t\t\t<div class=\"c-ip-accordion__item\">\n\t\t\t\t\t\t<a class=\"c-ip-accordion__link js-accordion-title\" href=\"\" onclick=\"return false;\"><div class=\"c-ip-accordion__header\">PROGRAMME DE NOTRE COURS DE MISE EN BEAUT\u00c9 SOIR\u00c9E<i class=\"ip-plus_big c-ip-accordion__arrow\"><\/i><\/div><\/a>\t\t\t\t\t\t<div class=\"c-ip-accordion__content entry-content\"><ul><li><span style=\"font-weight: 400;\">-Morphologie du visage et type de peau<\/span><\/li><li><span style=\"font-weight: 400;\">- Correction des imperfections et technique du teint<\/span><\/li><li><span style=\"font-weight: 400;\">- Technique du maquillage des sourcils, des yeux et de pose de faux-cils<\/span><\/li><li><span style=\"font-weight: 400;\">- Technique du maquillage de la bouche<\/span><\/li><\/ul><\/div>\t\t\t\t\t<\/div>\n\t\t\t\t\t\t\t\t\t<\/div>\n\t\t\t<\/div>\n\t\t<\/div>\n\t\t\t\t\t\t<\/div>\n\t\t\t\t<\/div>\n\t\t<div class=\"elementor-element elementor-element-92216fd e-con-full e-flex e-con e-child\" data-id=\"92216fd\" data-element_type=\"container\" data-e-type=\"container\">\n\t\t\t\t<div class=\"elementor-element elementor-element-a5574d2 elementor-align-justify elementor-widget elementor-widget-button\" data-id=\"a5574d2\" data-element_type=\"widget\" data-e-type=\"widget\" data-widget_type=\"button.default\">\n\t\t\t\t\t\t\t\t\t\t<a class=\"elementor-button elementor-button-link elementor-size-sm\" href=\"#FM\">\n\t\t\t\t\t\t<span class=\"elementor-button-content-wrapper\">\n\t\t\t\t\t\t\t\t\t<span class=\"elementor-button-text\">S'inscrire<\/span>\n\t\t\t\t\t<\/span>\n\t\t\t\t\t<\/a>\n\t\t\t\t\t\t\t\t<\/div>\n\t\t\t\t<\/div>\n\t\t\t\t<\/div>\n\t\t\t\t<\/div>\n\t\t<div class=\"elementor-element elementor-element-49b8ca7 e-flex e-con-boxed e-con e-parent\" data-id=\"49b8ca7\" data-element_type=\"container\" data-e-type=\"container\">\n\t\t\t\t\t<div class=\"e-con-inner\">\n\t\t\t\t<div class=\"elementor-element elementor-element-8f917b3 elementor-widget elementor-widget-heading\" data-id=\"8f917b3\" data-element_type=\"widget\" data-e-type=\"widget\" data-widget_type=\"heading.default\">\n\t\t\t\t\t<h2 class=\"elementor-heading-title elementor-size-default\">Remplissez le formulaire d'inscription facile<\/h2>\t\t\t\t<\/div>\n\t\t\t\t<div class=\"elementor-element elementor-element-86ca172 elementor-button-align-stretch elementor-widget elementor-widget-form\" data-id=\"86ca172\" data-element_type=\"widget\" data-e-type=\"widget\" data-settings=\"{&quot;step_next_label&quot;:&quot;Next&quot;,&quot;step_previous_label&quot;:&quot;Previous&quot;,&quot;step_type&quot;:&quot;number_text&quot;,&quot;step_icon_shape&quot;:&quot;circle&quot;}\" data-widget_type=\"form.default\">\n\t\t\t\t\t\t\t<form class=\"elementor-form\" method=\"post\" id=\"FM\" name=\"Formtion Maqui\" aria-label=\"Formtion Maqui\" action=\"\">\n\t\t\t<input type=\"hidden\" name=\"post_id\" value=\"2754\"\/>\n\t\t\t<input type=\"hidden\" name=\"form_id\" value=\"86ca172\"\/>\n\t\t\t<input type=\"hidden\" name=\"referer_title\" value=\"\" \/>\n\n\t\t\t\n\t\t\t<div class=\"elementor-form-fields-wrapper elementor-labels-above\">\n\t\t\t\t\t\t\t\t<div class=\"elementor-field-type-text elementor-field-group elementor-column elementor-field-group-name elementor-col-100 elementor-field-required elementor-mark-required\">\n\t\t\t\t\t\t\t\t\t\t\t\t<label for=\"form-field-name\" class=\"elementor-field-label\">\n\t\t\t\t\t\t\t\tVotre nom\t\t\t\t\t\t\t<\/label>\n\t\t\t\t\t\t\t\t\t\t\t\t\t\t<input size=\"1\" type=\"text\" name=\"form_fields[name]\" id=\"form-field-name\" class=\"elementor-field elementor-size-sm  elementor-field-textual\" placeholder=\"Entrez votre nom\" required=\"required\">\n\t\t\t\t\t\t\t\t\t\t\t<\/div>\n\t\t\t\t\t\t\t\t<div class=\"elementor-field-type-tel elementor-field-group elementor-column elementor-field-group-field_f4cd2ea elementor-col-100 elementor-field-required elementor-mark-required\">\n\t\t\t\t\t\t\t\t\t\t\t\t<label for=\"form-field-field_f4cd2ea\" class=\"elementor-field-label\">\n\t\t\t\t\t\t\t\tVotre num\u00e9ro de t\u00e9l\u00e9phone\t\t\t\t\t\t\t<\/label>\n\t\t\t\t\t\t\t\t<input size=\"1\" type=\"tel\" name=\"form_fields[field_f4cd2ea]\" id=\"form-field-field_f4cd2ea\" class=\"elementor-field elementor-size-sm  elementor-field-textual\" placeholder=\"Entrez votre num\u00e9ro de t\u00e9l\u00e9phone\" required=\"required\" pattern=\"[0-9()#&amp;+*-=.]+\" title=\"Only numbers and phone characters (#, -, *, etc) are accepted.\">\n\n\t\t\t\t\t\t<\/div>\n\t\t\t\t\t\t\t\t<div class=\"elementor-field-type-email elementor-field-group elementor-column elementor-field-group-email elementor-col-100\">\n\t\t\t\t\t\t\t\t\t\t\t\t<label for=\"form-field-email\" class=\"elementor-field-label\">\n\t\t\t\t\t\t\t\tVotre adresse e-mail\t\t\t\t\t\t\t<\/label>\n\t\t\t\t\t\t\t\t\t\t\t\t\t\t<input size=\"1\" type=\"email\" name=\"form_fields[email]\" id=\"form-field-email\" class=\"elementor-field elementor-size-sm  elementor-field-textual\" placeholder=\"Entrez votre adresse e-mail\">\n\t\t\t\t\t\t\t\t\t\t\t<\/div>\n\t\t\t\t\t\t\t\t<div class=\"elementor-field-type-radio elementor-field-group elementor-column elementor-field-group-field_0a41745 elementor-col-100 elementor-field-required elementor-mark-required\">\n\t\t\t\t\t\t\t\t\t\t\t\t<label for=\"form-field-field_0a41745\" class=\"elementor-field-label\">\n\t\t\t\t\t\t\t\tS\u00e9lectionnez le type de cours\t\t\t\t\t\t\t<\/label>\n\t\t\t\t\t\t<div class=\"elementor-field-subgroup\"><span class=\"elementor-field-option\"><input type=\"radio\" value=\" Cours d\u2019auto-maquillage de jou\" id=\"form-field-field_0a41745-0\" name=\"form_fields[field_0a41745]\" required=\"required\"> <label for=\"form-field-field_0a41745-0\">Cours d\u2019auto-maquillage de jour <\/label><\/span><span class=\"elementor-field-option\"><input type=\"radio\" value=\" Cours d\u2019auto-maquillage de soir\u00e9e\" id=\"form-field-field_0a41745-1\" name=\"form_fields[field_0a41745]\" required=\"required\"> <label for=\"form-field-field_0a41745-1\">Cours d\u2019auto-maquillage de soir\u00e9e <\/label><\/span><\/div>\t\t\t\t<\/div>\n\t\t\t\t\t\t\t\t<div class=\"elementor-field-type-number elementor-field-group elementor-column elementor-field-group-field_024c994 elementor-col-100\">\n\t\t\t\t\t\t\t\t\t\t\t\t<label for=\"form-field-field_024c994\" class=\"elementor-field-label\">\n\t\t\t\t\t\t\t\tnombre de personnes\t\t\t\t\t\t\t<\/label>\n\t\t\t\t\t\t\t\t\t<input type=\"number\" name=\"form_fields[field_024c994]\" id=\"form-field-field_024c994\" class=\"elementor-field elementor-size-sm  elementor-field-textual\" placeholder=\"nombre de personnes pr\u00e9sentes\" min=\"\" max=\"\" >\n\t\t\t\t\t\t<\/div>\n\t\t\t\t\t\t\t\t<div class=\"elementor-field-type-date elementor-field-group elementor-column elementor-field-group-field_8b452a4 elementor-col-100 elementor-field-required elementor-mark-required\">\n\t\t\t\t\t\t\t\t\t\t\t\t<label for=\"form-field-field_8b452a4\" class=\"elementor-field-label\">\n\t\t\t\t\t\t\t\tDate de r\u00e9servation\t\t\t\t\t\t\t<\/label>\n\t\t\t\t\t\t\n\t\t<input type=\"date\" name=\"form_fields[field_8b452a4]\" id=\"form-field-field_8b452a4\" class=\"elementor-field elementor-size-sm  elementor-field-textual elementor-date-field\" placeholder=\"Entrer la date\" required=\"required\" pattern=\"[0-9]{4}-[0-9]{2}-[0-9]{2}\">\n\t\t\t\t\t\t<\/div>\n\t\t\t\t\t\t\t\t<div class=\"elementor-field-type-textarea elementor-field-group elementor-column elementor-field-group-message elementor-col-100\">\n\t\t\t\t\t\t\t\t\t\t\t\t<label for=\"form-field-message\" class=\"elementor-field-label\">\n\t\t\t\t\t\t\t\tNotes du client\t\t\t\t\t\t\t<\/label>\n\t\t\t\t\t\t<textarea class=\"elementor-field-textual elementor-field  elementor-size-sm\" name=\"form_fields[message]\" id=\"form-field-message\" rows=\"3\" placeholder=\"Vos notes ici\"><\/textarea>\t\t\t\t<\/div>\n\t\t\t\t\t\t\t\t<div class=\"elementor-field-group elementor-column elementor-field-type-submit elementor-col-100 e-form__buttons\">\n\t\t\t\t\t<button class=\"elementor-button elementor-size-sm\" type=\"submit\">\n\t\t\t\t\t\t<span class=\"elementor-button-content-wrapper\">\n\t\t\t\t\t\t\t\t\t\t\t\t\t\t\t\t\t\t\t\t\t\t<span class=\"elementor-button-text\">Soumettre<\/span>\n\t\t\t\t\t\t\t\t\t\t\t\t\t<\/span>\n\t\t\t\t\t<\/button>\n\t\t\t\t<\/div>\n\t\t\t<\/div>\n\t\t<input type=\"hidden\" name=\"trp-form-language\" value=\"en\"\/><\/form>\n\t\t\t\t\t\t<\/div>\n\t\t\t\t<div class=\"elementor-element elementor-element-1313cc1 elementor-widget elementor-widget-heading\" data-id=\"1313cc1\" data-element_type=\"widget\" data-e-type=\"widget\" data-widget_type=\"heading.default\">\n\t\t\t\t\t<h2 class=\"elementor-heading-title elementor-size-default\">*La facture de paiement sera g\u00e9n\u00e9r\u00e9e apr\u00e8s contact avec le client. N'h\u00e9sitez pas \u00e0 la soumettre.<\/h2>\t\t\t\t<\/div>\n\t\t\t\t\t<\/div>\n\t\t\t\t<\/div>\n\t\t\t\t<\/div>","protected":false},"excerpt":{"rendered":"<p>Cours d\u2019auto-maquillage Apprenez \u00e0 vous maquiller comme une pro avec les astuces et tips rapides de notre makeup&hellip;<\/p>","protected":false},"author":1,"featured_media":0,"parent":0,"menu_order":0,"comment_status":"closed","ping_status":"closed","template":"elementor_header_footer","meta":{"footnotes":""},"class_list":["post-2754","page","type-page","status-publish","hentry"],"_hostinger_reach_plugin_has_subscription_block":false,"_hostinger_reach_plugin_is_elementor":false,"_links":{"self":[{"href":"https:\/\/tasneem-couture.fr\/en\/wp-json\/wp\/v2\/pages\/2754","targetHints":{"allow":["GET"]}}],"collection":[{"href":"https:\/\/tasneem-couture.fr\/en\/wp-json\/wp\/v2\/pages"}],"about":[{"href":"https:\/\/tasneem-couture.fr\/en\/wp-json\/wp\/v2\/types\/page"}],"author":[{"embeddable":true,"href":"https:\/\/tasneem-couture.fr\/en\/wp-json\/wp\/v2\/users\/1"}],"replies":[{"embeddable":true,"href":"https:\/\/tasneem-couture.fr\/en\/wp-json\/wp\/v2\/comments?post=2754"}],"version-history":[{"count":46,"href":"https:\/\/tasneem-couture.fr\/en\/wp-json\/wp\/v2\/pages\/2754\/revisions"}],"predecessor-version":[{"id":2983,"href":"https:\/\/tasneem-couture.fr\/en\/wp-json\/wp\/v2\/pages\/2754\/revisions\/2983"}],"wp:attachment":[{"href":"https:\/\/tasneem-couture.fr\/en\/wp-json\/wp\/v2\/media?parent=2754"}],"curies":[{"name":"wp","href":"https:\/\/api.w.org\/{rel}","templated":true}]}}