{"id":2606,"date":"2025-12-11T07:59:16","date_gmt":"2025-12-11T06:59:16","guid":{"rendered":"https:\/\/tasneem-couture.fr\/?post_type=product&#038;p=2606"},"modified":"2026-05-08T18:03:27","modified_gmt":"2026-05-08T17:03:27","slug":"arzoo","status":"publish","type":"product","link":"https:\/\/tasneem-couture.fr\/en\/shop\/arzoo\/","title":{"rendered":"Arzoo &#8211; Fushia"},"content":{"rendered":"<p><strong>Tunique<\/strong><br \/>\nSublimez vos occasions sp\u00e9ciales avec cette tunique en tissu Dhanak de qualit\u00e9 sup\u00e9rieure, d\u00e9licatement orn\u00e9e d\u2019une magnifique broderie de sequins sur le devant et les manches. Un empi\u00e8cement en organza sur les manches et le bas, agr\u00e9ment\u00e9 de dentelle raffin\u00e9e, apporte une touche d\u2019\u00e9l\u00e9gance et de sophistication.<\/p>\n<p><strong>Pantalon<\/strong><br \/>\nLe palazo assorti, joliment brod\u00e9 de sequins, compl\u00e8te la tenue avec style et confort.<\/p>\n<p><strong>Dupatta\/Foulard<\/strong><br \/>\nL\u2019ensemble se pare d\u2019un foulard en tissu Net, \u00e9galement d\u00e9cor\u00e9 de sequins, pour un rendu harmonieux et festif.<\/p>\n<p><strong>Occasion<\/strong><\/p>\n<p>Une tenue parfaite pour briller lors de vos f\u00eates, c\u00e9r\u00e9monies et mariages.<\/p>","protected":false},"excerpt":{"rendered":"<p><strong>Dhanak :<\/strong> Le Dhanak est un tissu compos\u00e9 de laine et de fibres synth\u00e9tiques, offrant une douceur exceptionnelle, un grand confort, une bonne chaleur et une texture l\u00e9g\u00e8rement floue.<\/p>","protected":false},"featured_media":2881,"comment_status":"open","ping_status":"closed","template":"","meta":[],"product_cat":[158,156,159,160,157],"product_tag":[],"class_list":{"0":"post-2606","1":"product","2":"type-product","3":"status-publish","4":"has-post-thumbnail","6":"product_cat-casual","7":"product_cat-femme","8":"product_cat-formal","9":"product_cat-luxury-collection","10":"product_cat-new-arrivals","11":"pa_couleur-fushia","13":"first","14":"outofstock","15":"shipping-taxable","16":"purchasable","17":"product-type-variable","18":"has-default-attributes"},"_links":{"self":[{"href":"https:\/\/tasneem-couture.fr\/en\/wp-json\/wp\/v2\/product\/2606","targetHints":{"allow":["GET"]}}],"collection":[{"href":"https:\/\/tasneem-couture.fr\/en\/wp-json\/wp\/v2\/product"}],"about":[{"href":"https:\/\/tasneem-couture.fr\/en\/wp-json\/wp\/v2\/types\/product"}],"replies":[{"embeddable":true,"href":"https:\/\/tasneem-couture.fr\/en\/wp-json\/wp\/v2\/comments?post=2606"}],"version-history":[{"count":3,"href":"https:\/\/tasneem-couture.fr\/en\/wp-json\/wp\/v2\/product\/2606\/revisions"}],"predecessor-version":[{"id":3825,"href":"https:\/\/tasneem-couture.fr\/en\/wp-json\/wp\/v2\/product\/2606\/revisions\/3825"}],"wp:featuredmedia":[{"embeddable":true,"href":"https:\/\/tasneem-couture.fr\/en\/wp-json\/wp\/v2\/media\/2881"}],"wp:attachment":[{"href":"https:\/\/tasneem-couture.fr\/en\/wp-json\/wp\/v2\/media?parent=2606"}],"wp:term":[{"taxonomy":"product_cat","embeddable":true,"href":"https:\/\/tasneem-couture.fr\/en\/wp-json\/wp\/v2\/product_cat?post=2606"},{"taxonomy":"product_tag","embeddable":true,"href":"https:\/\/tasneem-couture.fr\/en\/wp-json\/wp\/v2\/product_tag?post=2606"}],"curies":[{"name":"wp","href":"https:\/\/api.w.org\/{rel}","templated":true}]}}