{"id":2613,"date":"2025-12-11T08:12:15","date_gmt":"2025-12-11T07:12:15","guid":{"rendered":"https:\/\/tasneem-couture.fr\/?post_type=product&#038;p=2613"},"modified":"2026-04-29T17:15:50","modified_gmt":"2026-04-29T16:15:50","slug":"arzoo-black","status":"publish","type":"product","link":"https:\/\/tasneem-couture.fr\/en\/shop\/arzoo-black\/","title":{"rendered":"Arzoo &#8211; Black"},"content":{"rendered":"<p><strong>Tunique<\/strong><br \/>\n\u00c9l\u00e9gante et raffin\u00e9e, cette tunique en viscose est enti\u00e8rement brod\u00e9e sur le devant, les manches et le Daman (bas). Un empi\u00e8cement en organza avec une broderie de style cutwork sur les manches et le bas apporte une touche sophistiqu\u00e9e et moderne.<\/p>\n<p><strong>Pantalon<\/strong><br \/>\nLe palazo assorti, joliment brod\u00e9, compl\u00e8te parfaitement la tenue en alliant confort et \u00e9l\u00e9gance.<\/p>\n<p><strong>Dupatta\/Foulard<\/strong><br \/>\nL\u2019ensemble se pare d\u2019un magnifique dupatta en tissu Net, d\u00e9licatement orn\u00e9 d\u2019une broderie cutwork, pour un rendu chic et harmonieux.<\/p>\n<p>Une tenue festive id\u00e9ale pour toutes vos occasions : f\u00eates, c\u00e9r\u00e9monies et mariages.<\/p>","protected":false},"excerpt":{"rendered":"<p><strong>Viscose :<\/strong> tissu tr\u00e8s doux et confortable, la viscose est une mati\u00e8re respirante et fluide, reconnue pour son joli tomb\u00e9 soyeux.<\/p>","protected":false},"featured_media":2860,"comment_status":"open","ping_status":"closed","template":"","meta":[],"product_cat":[158,156,159,160,157],"product_tag":[],"class_list":{"0":"post-2613","1":"product","2":"type-product","3":"status-publish","4":"has-post-thumbnail","6":"product_cat-casual","7":"product_cat-femme","8":"product_cat-formal","9":"product_cat-luxury-collection","10":"product_cat-new-arrivals","11":"pa_couleur-black","13":"first","14":"outofstock","15":"shipping-taxable","16":"purchasable","17":"product-type-variable","18":"has-default-attributes"},"_links":{"self":[{"href":"https:\/\/tasneem-couture.fr\/en\/wp-json\/wp\/v2\/product\/2613","targetHints":{"allow":["GET"]}}],"collection":[{"href":"https:\/\/tasneem-couture.fr\/en\/wp-json\/wp\/v2\/product"}],"about":[{"href":"https:\/\/tasneem-couture.fr\/en\/wp-json\/wp\/v2\/types\/product"}],"replies":[{"embeddable":true,"href":"https:\/\/tasneem-couture.fr\/en\/wp-json\/wp\/v2\/comments?post=2613"}],"version-history":[{"count":3,"href":"https:\/\/tasneem-couture.fr\/en\/wp-json\/wp\/v2\/product\/2613\/revisions"}],"predecessor-version":[{"id":2624,"href":"https:\/\/tasneem-couture.fr\/en\/wp-json\/wp\/v2\/product\/2613\/revisions\/2624"}],"wp:featuredmedia":[{"embeddable":true,"href":"https:\/\/tasneem-couture.fr\/en\/wp-json\/wp\/v2\/media\/2860"}],"wp:attachment":[{"href":"https:\/\/tasneem-couture.fr\/en\/wp-json\/wp\/v2\/media?parent=2613"}],"wp:term":[{"taxonomy":"product_cat","embeddable":true,"href":"https:\/\/tasneem-couture.fr\/en\/wp-json\/wp\/v2\/product_cat?post=2613"},{"taxonomy":"product_tag","embeddable":true,"href":"https:\/\/tasneem-couture.fr\/en\/wp-json\/wp\/v2\/product_tag?post=2613"}],"curies":[{"name":"wp","href":"https:\/\/api.w.org\/{rel}","templated":true}]}}