{"id":2622,"date":"2025-12-11T08:36:25","date_gmt":"2025-12-11T07:36:25","guid":{"rendered":"https:\/\/tasneem-couture.fr\/?post_type=product&#038;p=2622"},"modified":"2026-04-29T17:16:16","modified_gmt":"2026-04-29T16:16:16","slug":"arzoo-blue","status":"publish","type":"product","link":"https:\/\/tasneem-couture.fr\/en\/shop\/arzoo-blue\/","title":{"rendered":"Arzoo &#8211; Blue"},"content":{"rendered":"<p><strong>Tunique<\/strong><br \/>\nSublimez vos occasions sp\u00e9ciales avec cette tunique en viscose, magnifiquement brod\u00e9e de sequins sur le devant, les manches et le Daman (bas). Sa jolie encolure, orn\u00e9e de somptueuses perles, apporte une touche raffin\u00e9e et lumineuse.<\/p>\n<p><strong>Pantalon<\/strong><br \/>\nLe pantalon \u00e9vas\u00e9 uni compl\u00e8te parfaitement la tenue, alliant confort et \u00e9l\u00e9gance.<\/p>\n<p><strong>Dupatta<\/strong><br \/>\nL\u2019ensemble se pare d\u2019un magnifique dupatta en Net, d\u00e9licatement brod\u00e9 de sequins, pour un rendu chic et harmonieux.<\/p>\n<p><strong>Occasion<br \/>\n<\/strong>Une tenue festive id\u00e9ale pour briller lors de f\u00eates, c\u00e9r\u00e9monies et mariages.<\/p>","protected":false},"excerpt":{"rendered":"<p><strong>Viscose<\/strong> : tissu tr\u00e8s doux et confortable, la viscose est une mati\u00e8re respirante et fluide, reconnue pour son joli tomb\u00e9 soyeux.<\/p>","protected":false},"featured_media":2867,"comment_status":"open","ping_status":"closed","template":"","meta":[],"product_cat":[158,156,159,160,157],"product_tag":[],"class_list":{"0":"post-2622","1":"product","2":"type-product","3":"status-publish","4":"has-post-thumbnail","6":"product_cat-casual","7":"product_cat-femme","8":"product_cat-formal","9":"product_cat-luxury-collection","10":"product_cat-new-arrivals","11":"pa_couleur-blue","13":"first","14":"outofstock","15":"shipping-taxable","16":"purchasable","17":"product-type-variable","18":"has-default-attributes"},"_links":{"self":[{"href":"https:\/\/tasneem-couture.fr\/en\/wp-json\/wp\/v2\/product\/2622","targetHints":{"allow":["GET"]}}],"collection":[{"href":"https:\/\/tasneem-couture.fr\/en\/wp-json\/wp\/v2\/product"}],"about":[{"href":"https:\/\/tasneem-couture.fr\/en\/wp-json\/wp\/v2\/types\/product"}],"replies":[{"embeddable":true,"href":"https:\/\/tasneem-couture.fr\/en\/wp-json\/wp\/v2\/comments?post=2622"}],"version-history":[{"count":1,"href":"https:\/\/tasneem-couture.fr\/en\/wp-json\/wp\/v2\/product\/2622\/revisions"}],"predecessor-version":[{"id":2629,"href":"https:\/\/tasneem-couture.fr\/en\/wp-json\/wp\/v2\/product\/2622\/revisions\/2629"}],"wp:featuredmedia":[{"embeddable":true,"href":"https:\/\/tasneem-couture.fr\/en\/wp-json\/wp\/v2\/media\/2867"}],"wp:attachment":[{"href":"https:\/\/tasneem-couture.fr\/en\/wp-json\/wp\/v2\/media?parent=2622"}],"wp:term":[{"taxonomy":"product_cat","embeddable":true,"href":"https:\/\/tasneem-couture.fr\/en\/wp-json\/wp\/v2\/product_cat?post=2622"},{"taxonomy":"product_tag","embeddable":true,"href":"https:\/\/tasneem-couture.fr\/en\/wp-json\/wp\/v2\/product_tag?post=2622"}],"curies":[{"name":"wp","href":"https:\/\/api.w.org\/{rel}","templated":true}]}}