{"id":2630,"date":"2025-12-11T08:46:53","date_gmt":"2025-12-11T07:46:53","guid":{"rendered":"https:\/\/tasneem-couture.fr\/?post_type=product&#038;p=2630"},"modified":"2026-03-12T16:13:36","modified_gmt":"2026-03-12T15:13:36","slug":"arzoo-black-velvet","status":"publish","type":"product","link":"https:\/\/tasneem-couture.fr\/en\/shop\/arzoo-black-velvet\/","title":{"rendered":"Arzoo &#8211; Black Velvet"},"content":{"rendered":"<p><strong>Tunique<\/strong><br \/>\nConfectionn\u00e9e dans un luxueux velours, cette tunique est sublim\u00e9e par une \u00e9l\u00e9gante broderie de sequins sur l\u2019encolure et les manches, apportant raffinement et sophistication.<\/p>\n<p><strong>Pantalon<\/strong><br \/>\nLe pantalon assorti en velours, orn\u00e9 de d\u00e9licates broderies et sequins, compl\u00e8te parfaitement la tenue avec style et \u00e9legance.<\/p>\n<p><strong>Dupatta<\/strong><br \/>\nL\u2019ensemble se pare d\u2019un dupatta sophistiqu\u00e9 en organza, orn\u00e9 d\u2019un motif imprim\u00e9 de style cutwork, pour un rendu chic et harmonieux.<\/p>\n<p><strong>Occasion<\/strong><br \/>\nUne tenue festive id\u00e9ale pour briller lors de f\u00eates, c\u00e9r\u00e9monies et mariages.<\/p>","protected":false},"excerpt":{"rendered":"<p><strong>Velours \/ Velvet :<\/strong> tissu tr\u00e8s doux et confortable, le velours est une mati\u00e8re fluide, reconnue pour son joli tomb\u00e9 soyeux et son \u00e9l\u00e9gance.<\/p>","protected":false},"featured_media":2861,"comment_status":"open","ping_status":"closed","template":"","meta":[],"product_cat":[158,156,159,160,157],"product_tag":[],"class_list":{"0":"post-2630","1":"product","2":"type-product","3":"status-publish","4":"has-post-thumbnail","6":"product_cat-casual","7":"product_cat-femme","8":"product_cat-formal","9":"product_cat-luxury-collection","10":"product_cat-new-arrivals","11":"pa_couleur-black","13":"first","14":"instock","15":"sale","16":"shipping-taxable","17":"purchasable","18":"product-type-variable","19":"has-default-attributes"},"_links":{"self":[{"href":"https:\/\/tasneem-couture.fr\/en\/wp-json\/wp\/v2\/product\/2630","targetHints":{"allow":["GET"]}}],"collection":[{"href":"https:\/\/tasneem-couture.fr\/en\/wp-json\/wp\/v2\/product"}],"about":[{"href":"https:\/\/tasneem-couture.fr\/en\/wp-json\/wp\/v2\/types\/product"}],"replies":[{"embeddable":true,"href":"https:\/\/tasneem-couture.fr\/en\/wp-json\/wp\/v2\/comments?post=2630"}],"version-history":[{"count":1,"href":"https:\/\/tasneem-couture.fr\/en\/wp-json\/wp\/v2\/product\/2630\/revisions"}],"predecessor-version":[{"id":2636,"href":"https:\/\/tasneem-couture.fr\/en\/wp-json\/wp\/v2\/product\/2630\/revisions\/2636"}],"wp:featuredmedia":[{"embeddable":true,"href":"https:\/\/tasneem-couture.fr\/en\/wp-json\/wp\/v2\/media\/2861"}],"wp:attachment":[{"href":"https:\/\/tasneem-couture.fr\/en\/wp-json\/wp\/v2\/media?parent=2630"}],"wp:term":[{"taxonomy":"product_cat","embeddable":true,"href":"https:\/\/tasneem-couture.fr\/en\/wp-json\/wp\/v2\/product_cat?post=2630"},{"taxonomy":"product_tag","embeddable":true,"href":"https:\/\/tasneem-couture.fr\/en\/wp-json\/wp\/v2\/product_tag?post=2630"}],"curies":[{"name":"wp","href":"https:\/\/api.w.org\/{rel}","templated":true}]}}