{"id":2637,"date":"2025-12-11T09:42:07","date_gmt":"2025-12-11T08:42:07","guid":{"rendered":"https:\/\/tasneem-couture.fr\/?post_type=product&#038;p=2637"},"modified":"2026-02-03T13:16:59","modified_gmt":"2026-02-03T12:16:59","slug":"arzoo-burgundy-velvet","status":"publish","type":"product","link":"https:\/\/tasneem-couture.fr\/en\/shop\/arzoo-burgundy-velvet\/","title":{"rendered":"Arzoo &#8211; Burgundy Velvet"},"content":{"rendered":"<p><strong>Tunique<\/strong><br \/>\n\u00c9l\u00e9gante et raffin\u00e9e, cette tunique en velours luxueux est sublim\u00e9e par des broderies raffin\u00e9es sur l\u2019encolure, le devant et les manches, agr\u00e9ment\u00e9es de perles \u00e9l\u00e9gantes. Le Daman (bas) r\u00e9v\u00e8le un somptueux motif cutwork brod\u00e9 de sequins et de perles, pour un rendu chic et sophistiqu\u00e9.<\/p>\n<p><strong>Pantalon<\/strong><br \/>\nLe pantalon assorti en velours compl\u00e8te parfaitement la tenue, alliant confort et \u00e9l\u00e9gance.<\/p>\n<p><strong>Dupatta\/Foulard<\/strong><br \/>\nL\u2019ensemble se pare d\u2019un dupatta en organza brod\u00e9, pour un look harmonieux et raffin\u00e9.<\/p>\n<p><strong>Occasion<\/strong><br \/>\nUne tenue festive id\u00e9ale pour toutes vos occasions : f\u00eates, c\u00e9r\u00e9monies et mariages.<\/p>","protected":false},"excerpt":{"rendered":"<p><strong>Velours \/ Velvet :<\/strong> tissu tr\u00e8s doux et confortable, le velours est une mati\u00e8re fluide, reconnue pour son joli tomb\u00e9 soyeux et son \u00e9l\u00e9gance.<\/p>","protected":false},"featured_media":2872,"comment_status":"open","ping_status":"closed","template":"","meta":[],"product_cat":[158,156,159,160,157],"product_tag":[],"class_list":{"0":"post-2637","1":"product","2":"type-product","3":"status-publish","4":"has-post-thumbnail","6":"product_cat-casual","7":"product_cat-femme","8":"product_cat-formal","9":"product_cat-luxury-collection","10":"product_cat-new-arrivals","11":"pa_couleur-burgundy","13":"first","14":"instock","15":"sale","16":"shipping-taxable","17":"purchasable","18":"product-type-variable","19":"has-default-attributes"},"_links":{"self":[{"href":"https:\/\/tasneem-couture.fr\/en\/wp-json\/wp\/v2\/product\/2637","targetHints":{"allow":["GET"]}}],"collection":[{"href":"https:\/\/tasneem-couture.fr\/en\/wp-json\/wp\/v2\/product"}],"about":[{"href":"https:\/\/tasneem-couture.fr\/en\/wp-json\/wp\/v2\/types\/product"}],"replies":[{"embeddable":true,"href":"https:\/\/tasneem-couture.fr\/en\/wp-json\/wp\/v2\/comments?post=2637"}],"version-history":[{"count":2,"href":"https:\/\/tasneem-couture.fr\/en\/wp-json\/wp\/v2\/product\/2637\/revisions"}],"predecessor-version":[{"id":2658,"href":"https:\/\/tasneem-couture.fr\/en\/wp-json\/wp\/v2\/product\/2637\/revisions\/2658"}],"wp:featuredmedia":[{"embeddable":true,"href":"https:\/\/tasneem-couture.fr\/en\/wp-json\/wp\/v2\/media\/2872"}],"wp:attachment":[{"href":"https:\/\/tasneem-couture.fr\/en\/wp-json\/wp\/v2\/media?parent=2637"}],"wp:term":[{"taxonomy":"product_cat","embeddable":true,"href":"https:\/\/tasneem-couture.fr\/en\/wp-json\/wp\/v2\/product_cat?post=2637"},{"taxonomy":"product_tag","embeddable":true,"href":"https:\/\/tasneem-couture.fr\/en\/wp-json\/wp\/v2\/product_tag?post=2637"}],"curies":[{"name":"wp","href":"https:\/\/api.w.org\/{rel}","templated":true}]}}