{"id":2643,"date":"2025-12-11T09:34:51","date_gmt":"2025-12-11T08:34:51","guid":{"rendered":"https:\/\/tasneem-couture.fr\/?post_type=product&#038;p=2643"},"modified":"2026-03-18T12:15:54","modified_gmt":"2026-03-18T11:15:54","slug":"arzoo-nila-velvet","status":"publish","type":"product","link":"https:\/\/tasneem-couture.fr\/en\/shop\/arzoo-nila-velvet\/","title":{"rendered":"Arzoo &#8211; Nila Velvet"},"content":{"rendered":"<p><strong>Tunique<\/strong><br \/>\nSuccombez \u00e0 l\u2019\u00e9l\u00e9gance avec cette tunique en velours luxueux, finement brod\u00e9e sur l\u2019encolure, le devant et les manches. Des perles raffin\u00e9es ajoutent une touche de sophistication, tandis que le Daman (bas) d\u00e9voile un somptueux motif cutwork agr\u00e9ment\u00e9 de sequins et de perles pour un rendu chic et lumineux.<\/p>\n<p><strong>Pantalon<\/strong><br \/>\nLe pantalon assorti en velours compl\u00e8te parfaitement la tenue, offrant confort et \u00e9l\u00e9gance.<\/p>\n<p><strong>Dupatta\/Foulard<\/strong><br \/>\nL\u2019ensemble se pare d\u2019un dupatta en mousseline de soie, d\u00e9licatement brod\u00e9 de motifs cutwork, pour un look raffin\u00e9 et harmonieux.<\/p>\n<p><strong>Occasion<\/strong><br \/>\nUne tenue festive parfaite pour toutes vos occasions : f\u00eate, c\u00e9r\u00e9monie, mariage\u2026<\/p>","protected":false},"excerpt":{"rendered":"<p><strong>Velours \/ Velvet :<\/strong> tissu tr\u00e8s doux et confortable, le velours est une mati\u00e8re fluide, reconnue pour son joli tomb\u00e9 soyeux et son \u00e9l\u00e9gance.<\/p>","protected":false},"featured_media":2704,"comment_status":"open","ping_status":"closed","template":"","meta":[],"product_cat":[158,156,159,160,157],"product_tag":[],"class_list":{"0":"post-2643","1":"product","2":"type-product","3":"status-publish","4":"has-post-thumbnail","6":"product_cat-casual","7":"product_cat-femme","8":"product_cat-formal","9":"product_cat-luxury-collection","10":"product_cat-new-arrivals","11":"pa_couleur-blue","13":"first","14":"instock","15":"sale","16":"shipping-taxable","17":"purchasable","18":"product-type-variable","19":"has-default-attributes"},"_links":{"self":[{"href":"https:\/\/tasneem-couture.fr\/en\/wp-json\/wp\/v2\/product\/2643","targetHints":{"allow":["GET"]}}],"collection":[{"href":"https:\/\/tasneem-couture.fr\/en\/wp-json\/wp\/v2\/product"}],"about":[{"href":"https:\/\/tasneem-couture.fr\/en\/wp-json\/wp\/v2\/types\/product"}],"replies":[{"embeddable":true,"href":"https:\/\/tasneem-couture.fr\/en\/wp-json\/wp\/v2\/comments?post=2643"}],"version-history":[{"count":1,"href":"https:\/\/tasneem-couture.fr\/en\/wp-json\/wp\/v2\/product\/2643\/revisions"}],"predecessor-version":[{"id":2649,"href":"https:\/\/tasneem-couture.fr\/en\/wp-json\/wp\/v2\/product\/2643\/revisions\/2649"}],"wp:featuredmedia":[{"embeddable":true,"href":"https:\/\/tasneem-couture.fr\/en\/wp-json\/wp\/v2\/media\/2704"}],"wp:attachment":[{"href":"https:\/\/tasneem-couture.fr\/en\/wp-json\/wp\/v2\/media?parent=2643"}],"wp:term":[{"taxonomy":"product_cat","embeddable":true,"href":"https:\/\/tasneem-couture.fr\/en\/wp-json\/wp\/v2\/product_cat?post=2643"},{"taxonomy":"product_tag","embeddable":true,"href":"https:\/\/tasneem-couture.fr\/en\/wp-json\/wp\/v2\/product_tag?post=2643"}],"curies":[{"name":"wp","href":"https:\/\/api.w.org\/{rel}","templated":true}]}}