{"id":3109,"date":"2025-12-24T12:32:38","date_gmt":"2025-12-24T11:32:38","guid":{"rendered":"https:\/\/tasneem-couture.fr\/?post_type=product&#038;p=3109"},"modified":"2026-04-29T17:11:59","modified_gmt":"2026-04-29T16:11:59","slug":"formals-aqua-blue","status":"publish","type":"product","link":"https:\/\/tasneem-couture.fr\/en\/shop\/formals-aqua-blue\/","title":{"rendered":"Formals &#8211; Aqua Blue"},"content":{"rendered":"<p><strong>Tunique \/ Shirt<\/strong><br \/>\nCette tunique longue en khadi pr\u00e9sente une coupe droite \u00e9l\u00e9gante et est d\u00e9licatement brod\u00e9e sur l\u2019encolure, les manches et le bas, offrant un style raffin\u00e9 et intemporel.<\/p>\n<p><strong>Pantalon<\/strong><br \/>\nLe pantalon droit uni, apporte une touche d\u2019\u00e9l\u00e9gance tout en assurant un confort optimal.<\/p>\n<p><strong>Dupatta \/ Foulard<\/strong><br \/>\nLe foulard en mousseline de soie brod\u00e9, ajoute une touche sophistiqu\u00e9e et harmonieuse \u00e0 l\u2019ensemble.<\/p>","protected":false},"excerpt":{"rendered":"<p>Khadi : tissu naturel et artisanal, issu d\u2019un m\u00e9lange de coton, lin et soie. Respirant et l\u00e9ger, il offre un confort incomparable et une excellente durabilit\u00e9.<\/p>","protected":false},"featured_media":3110,"comment_status":"open","ping_status":"closed","template":"","meta":[],"product_cat":[156,159],"product_tag":[],"class_list":{"0":"post-3109","1":"product","2":"type-product","3":"status-publish","4":"has-post-thumbnail","6":"product_cat-femme","7":"product_cat-formal","8":"pa_couleur-aqua-blue","10":"first","11":"outofstock","12":"sale","13":"shipping-taxable","14":"purchasable","15":"product-type-variable","16":"has-default-attributes"},"_links":{"self":[{"href":"https:\/\/tasneem-couture.fr\/en\/wp-json\/wp\/v2\/product\/3109","targetHints":{"allow":["GET"]}}],"collection":[{"href":"https:\/\/tasneem-couture.fr\/en\/wp-json\/wp\/v2\/product"}],"about":[{"href":"https:\/\/tasneem-couture.fr\/en\/wp-json\/wp\/v2\/types\/product"}],"replies":[{"embeddable":true,"href":"https:\/\/tasneem-couture.fr\/en\/wp-json\/wp\/v2\/comments?post=3109"}],"version-history":[{"count":1,"href":"https:\/\/tasneem-couture.fr\/en\/wp-json\/wp\/v2\/product\/3109\/revisions"}],"predecessor-version":[{"id":3118,"href":"https:\/\/tasneem-couture.fr\/en\/wp-json\/wp\/v2\/product\/3109\/revisions\/3118"}],"wp:featuredmedia":[{"embeddable":true,"href":"https:\/\/tasneem-couture.fr\/en\/wp-json\/wp\/v2\/media\/3110"}],"wp:attachment":[{"href":"https:\/\/tasneem-couture.fr\/en\/wp-json\/wp\/v2\/media?parent=3109"}],"wp:term":[{"taxonomy":"product_cat","embeddable":true,"href":"https:\/\/tasneem-couture.fr\/en\/wp-json\/wp\/v2\/product_cat?post=3109"},{"taxonomy":"product_tag","embeddable":true,"href":"https:\/\/tasneem-couture.fr\/en\/wp-json\/wp\/v2\/product_tag?post=3109"}],"curies":[{"name":"wp","href":"https:\/\/api.w.org\/{rel}","templated":true}]}}