{"id":3130,"date":"2025-12-24T15:24:29","date_gmt":"2025-12-24T14:24:29","guid":{"rendered":"https:\/\/tasneem-couture.fr\/?post_type=product&#038;p=3130"},"modified":"2026-04-30T03:02:57","modified_gmt":"2026-04-30T02:02:57","slug":"casual-burgundy-scallop","status":"publish","type":"product","link":"https:\/\/tasneem-couture.fr\/en\/shop\/casual-burgundy-scallop\/","title":{"rendered":"Casual &#8211; Burgundy Scallop"},"content":{"rendered":"<p>Ensemble Co-ord (2 pi\u00e8ces)<br \/>\n<strong>Tunique \/ Shirt<\/strong><br \/>\nCette tunique longue en khadi uni est soigneusement surpiqu\u00e9e et festonn\u00e9e \u00e0 la main au bas des manches et au bas de la tunique, offrant une \u00e9l\u00e9gance minimaliste et raffin\u00e9e.<\/p>\n<p><strong>Pantalon<\/strong><br \/>\nLe pantalon droit assorti, \u00e9galement surpiqu\u00e9 et festonn\u00e9, apporte une touche d\u2019\u00e9l\u00e9gance tout en garantissant un confort optimal.<\/p>\n<p>Une tenue d\u00e9contract\u00e9e qui peut facilement devenir plus formelle lorsqu\u2019elle est associ\u00e9e \u00e0 de jolis accessoires et \u00e0 une paire de talons.<\/p>","protected":false},"excerpt":{"rendered":"<p>Khadi : tissu naturel et artisanal, issu d\u2019un m\u00e9lange de coton, lin et soie. Respirant et l\u00e9ger, il offre un confort incomparable et une excellente durabilit\u00e9.<\/p>","protected":false},"featured_media":3133,"comment_status":"open","ping_status":"closed","template":"","meta":[],"product_cat":[158,156],"product_tag":[],"class_list":{"0":"post-3130","1":"product","2":"type-product","3":"status-publish","4":"has-post-thumbnail","6":"product_cat-casual","7":"product_cat-femme","8":"pa_couleur-burgundy-scallop","10":"first","11":"instock","12":"sale","13":"shipping-taxable","14":"purchasable","15":"product-type-variable","16":"has-default-attributes"},"_links":{"self":[{"href":"https:\/\/tasneem-couture.fr\/en\/wp-json\/wp\/v2\/product\/3130","targetHints":{"allow":["GET"]}}],"collection":[{"href":"https:\/\/tasneem-couture.fr\/en\/wp-json\/wp\/v2\/product"}],"about":[{"href":"https:\/\/tasneem-couture.fr\/en\/wp-json\/wp\/v2\/types\/product"}],"replies":[{"embeddable":true,"href":"https:\/\/tasneem-couture.fr\/en\/wp-json\/wp\/v2\/comments?post=3130"}],"version-history":[{"count":1,"href":"https:\/\/tasneem-couture.fr\/en\/wp-json\/wp\/v2\/product\/3130\/revisions"}],"predecessor-version":[{"id":3140,"href":"https:\/\/tasneem-couture.fr\/en\/wp-json\/wp\/v2\/product\/3130\/revisions\/3140"}],"wp:featuredmedia":[{"embeddable":true,"href":"https:\/\/tasneem-couture.fr\/en\/wp-json\/wp\/v2\/media\/3133"}],"wp:attachment":[{"href":"https:\/\/tasneem-couture.fr\/en\/wp-json\/wp\/v2\/media?parent=3130"}],"wp:term":[{"taxonomy":"product_cat","embeddable":true,"href":"https:\/\/tasneem-couture.fr\/en\/wp-json\/wp\/v2\/product_cat?post=3130"},{"taxonomy":"product_tag","embeddable":true,"href":"https:\/\/tasneem-couture.fr\/en\/wp-json\/wp\/v2\/product_tag?post=3130"}],"curies":[{"name":"wp","href":"https:\/\/api.w.org\/{rel}","templated":true}]}}