{"id":3175,"date":"2025-12-24T18:11:29","date_gmt":"2025-12-24T17:11:29","guid":{"rendered":"https:\/\/tasneem-couture.fr\/?post_type=product&#038;p=3175"},"modified":"2026-04-29T17:10:27","modified_gmt":"2026-04-29T16:10:27","slug":"co-ord-black-floral","status":"publish","type":"product","link":"https:\/\/tasneem-couture.fr\/en\/shop\/co-ord-black-floral\/","title":{"rendered":"Co-ord &#8211; Black Floral"},"content":{"rendered":"<p>Ensemble Co-ord (2 pi\u00e8ces)<br \/>\n<strong>Tunique \/ Shirt<\/strong><br \/>\nCette tunique en linen imprim\u00e9 est orn\u00e9e de fines dentelles \u00e0 l&rsquo;encolure et au bas de la tunique, offrant une \u00e9l\u00e9gance minimaliste et soign\u00e9e.<\/p>\n<p><strong>Pantalon<\/strong><br \/>\nLe pantalon droit assorti compl\u00e8te harmonieusement la tenue pour un look \u00e0 la fois confortable et raffin\u00e9.<\/p>\n<p>Une tenue parfaite pour un style d\u00e9contract\u00e9, chic et facile \u00e0 porter au quotidien.<\/p>","protected":false},"excerpt":{"rendered":"<p>Linen (lin) : tissu naturel, l\u00e9ger et respirant, id\u00e9al pour des tenues confortables et casual. Sa texture l\u00e9g\u00e8rement textur\u00e9e et son aspect naturel apportent un style chic et d\u00e9contract\u00e9 \u00e0 vos v\u00eatements. Ce tissu b\u00e9n\u00e9ficie d\u2019une grande durabilit\u00e9 dans le temps.<\/p>","protected":false},"featured_media":3177,"comment_status":"open","ping_status":"closed","template":"","meta":[],"product_cat":[158,156],"product_tag":[],"class_list":{"0":"post-3175","1":"product","2":"type-product","3":"status-publish","4":"has-post-thumbnail","6":"product_cat-casual","7":"product_cat-femme","8":"pa_couleur-floral-black","10":"first","11":"instock","12":"sale","13":"shipping-taxable","14":"purchasable","15":"product-type-variable","16":"has-default-attributes"},"_links":{"self":[{"href":"https:\/\/tasneem-couture.fr\/en\/wp-json\/wp\/v2\/product\/3175","targetHints":{"allow":["GET"]}}],"collection":[{"href":"https:\/\/tasneem-couture.fr\/en\/wp-json\/wp\/v2\/product"}],"about":[{"href":"https:\/\/tasneem-couture.fr\/en\/wp-json\/wp\/v2\/types\/product"}],"replies":[{"embeddable":true,"href":"https:\/\/tasneem-couture.fr\/en\/wp-json\/wp\/v2\/comments?post=3175"}],"version-history":[{"count":1,"href":"https:\/\/tasneem-couture.fr\/en\/wp-json\/wp\/v2\/product\/3175\/revisions"}],"predecessor-version":[{"id":3189,"href":"https:\/\/tasneem-couture.fr\/en\/wp-json\/wp\/v2\/product\/3175\/revisions\/3189"}],"wp:featuredmedia":[{"embeddable":true,"href":"https:\/\/tasneem-couture.fr\/en\/wp-json\/wp\/v2\/media\/3177"}],"wp:attachment":[{"href":"https:\/\/tasneem-couture.fr\/en\/wp-json\/wp\/v2\/media?parent=3175"}],"wp:term":[{"taxonomy":"product_cat","embeddable":true,"href":"https:\/\/tasneem-couture.fr\/en\/wp-json\/wp\/v2\/product_cat?post=3175"},{"taxonomy":"product_tag","embeddable":true,"href":"https:\/\/tasneem-couture.fr\/en\/wp-json\/wp\/v2\/product_tag?post=3175"}],"curies":[{"name":"wp","href":"https:\/\/api.w.org\/{rel}","templated":true}]}}