{"id":3190,"date":"2025-12-24T18:25:10","date_gmt":"2025-12-24T17:25:10","guid":{"rendered":"https:\/\/tasneem-couture.fr\/?post_type=product&#038;p=3190"},"modified":"2026-04-29T17:09:01","modified_gmt":"2026-04-29T16:09:01","slug":"formals-motifs","status":"publish","type":"product","link":"https:\/\/tasneem-couture.fr\/en\/shop\/formals-motifs\/","title":{"rendered":"Formals &#8211; Motifs"},"content":{"rendered":"<p><strong>Tunique \/ Shirt<\/strong><br \/>\nCette tunique longue en khadi imprim\u00e9 pr\u00e9sente une coupe droite \u00e9l\u00e9gante.<\/p>\n<p><strong>Pantalon<\/strong><br \/>\nLe pantalon droit assorti, apporte une touche d\u2019\u00e9l\u00e9gance tout en assurant un confort optimal.<\/p>\n<p><strong>Dupatta \/ Foulard<\/strong><br \/>\nLe foulard en organza imprim\u00e9, ajoute une touche sophistiqu\u00e9e et harmonieuse \u00e0 l\u2019ensemble.<\/p>","protected":false},"excerpt":{"rendered":"<p>Khadi : tissu naturel et artisanal, issu d\u2019un m\u00e9lange de coton, lin et soie. Respirant et l\u00e9ger, il offre un confort incomparable et une excellente durabilit\u00e9.<\/p>","protected":false},"featured_media":3195,"comment_status":"open","ping_status":"closed","template":"","meta":[],"product_cat":[156,159],"product_tag":[],"class_list":{"0":"post-3190","1":"product","2":"type-product","3":"status-publish","4":"has-post-thumbnail","6":"product_cat-femme","7":"product_cat-formal","8":"pa_couleur-motif","10":"first","11":"outofstock","12":"sale","13":"shipping-taxable","14":"purchasable","15":"product-type-variable","16":"has-default-attributes"},"_links":{"self":[{"href":"https:\/\/tasneem-couture.fr\/en\/wp-json\/wp\/v2\/product\/3190","targetHints":{"allow":["GET"]}}],"collection":[{"href":"https:\/\/tasneem-couture.fr\/en\/wp-json\/wp\/v2\/product"}],"about":[{"href":"https:\/\/tasneem-couture.fr\/en\/wp-json\/wp\/v2\/types\/product"}],"replies":[{"embeddable":true,"href":"https:\/\/tasneem-couture.fr\/en\/wp-json\/wp\/v2\/comments?post=3190"}],"version-history":[{"count":1,"href":"https:\/\/tasneem-couture.fr\/en\/wp-json\/wp\/v2\/product\/3190\/revisions"}],"predecessor-version":[{"id":3196,"href":"https:\/\/tasneem-couture.fr\/en\/wp-json\/wp\/v2\/product\/3190\/revisions\/3196"}],"wp:featuredmedia":[{"embeddable":true,"href":"https:\/\/tasneem-couture.fr\/en\/wp-json\/wp\/v2\/media\/3195"}],"wp:attachment":[{"href":"https:\/\/tasneem-couture.fr\/en\/wp-json\/wp\/v2\/media?parent=3190"}],"wp:term":[{"taxonomy":"product_cat","embeddable":true,"href":"https:\/\/tasneem-couture.fr\/en\/wp-json\/wp\/v2\/product_cat?post=3190"},{"taxonomy":"product_tag","embeddable":true,"href":"https:\/\/tasneem-couture.fr\/en\/wp-json\/wp\/v2\/product_tag?post=3190"}],"curies":[{"name":"wp","href":"https:\/\/api.w.org\/{rel}","templated":true}]}}