{"id":3225,"date":"2025-12-24T19:27:27","date_gmt":"2025-12-24T18:27:27","guid":{"rendered":"https:\/\/tasneem-couture.fr\/?post_type=product&#038;p=3225"},"modified":"2026-01-12T19:33:27","modified_gmt":"2026-01-12T18:33:27","slug":"co-ords-royal-blue","status":"publish","type":"product","link":"https:\/\/tasneem-couture.fr\/en\/shop\/co-ords-royal-blue\/","title":{"rendered":"Co-ords &#8211; Royal Blue"},"content":{"rendered":"<p>Ensemble Co-ord (2 pi\u00e8ces)<br \/>\n<strong>Tunique \/ Shirt<\/strong><br \/>\nCette tunique en Staple Karandi imprim\u00e9 est l\u00e9g\u00e8re, douce et tr\u00e8s agr\u00e9able \u00e0 porter. Sa coupe l\u00e9g\u00e8rement ample, son encolure ronde et sa patte de boutonnage d\u00e9licatement orn\u00e9e de fine dentelle lui conf\u00e8rent une allure \u00e9l\u00e9gante et f\u00e9minine.<\/p>\n<p><strong>Pantalon<\/strong><br \/>\nLe pantalon droit assorti compl\u00e8te harmonieusement la tenue, offrant un ensemble \u00e0 la fois confortable, raffin\u00e9 et facile \u00e0 porter.<\/p>\n<p>Une tenue parfaite pour un style d\u00e9contract\u00e9, chic et id\u00e9al au quotidien.<\/p>","protected":false},"excerpt":{"rendered":"<p>Staple Karandi : tissu m\u00e9lang\u00e9, compos\u00e9 majoritairement de fibres de coton et de fibres synth\u00e9tiques. Tr\u00e8s agr\u00e9able et doux au port\u00e9, il offre un tomb\u00e9 souple ainsi qu\u2019un aspect chaud et confortable.<\/p>","protected":false},"featured_media":3227,"comment_status":"open","ping_status":"closed","template":"","meta":[],"product_cat":[158,156],"product_tag":[],"class_list":{"0":"post-3225","1":"product","2":"type-product","3":"status-publish","4":"has-post-thumbnail","6":"product_cat-casual","7":"product_cat-femme","8":"pa_couleur-royal-blue","10":"first","11":"instock","12":"sale","13":"shipping-taxable","14":"purchasable","15":"product-type-variable","16":"has-default-attributes"},"_links":{"self":[{"href":"https:\/\/tasneem-couture.fr\/en\/wp-json\/wp\/v2\/product\/3225","targetHints":{"allow":["GET"]}}],"collection":[{"href":"https:\/\/tasneem-couture.fr\/en\/wp-json\/wp\/v2\/product"}],"about":[{"href":"https:\/\/tasneem-couture.fr\/en\/wp-json\/wp\/v2\/types\/product"}],"replies":[{"embeddable":true,"href":"https:\/\/tasneem-couture.fr\/en\/wp-json\/wp\/v2\/comments?post=3225"}],"version-history":[{"count":1,"href":"https:\/\/tasneem-couture.fr\/en\/wp-json\/wp\/v2\/product\/3225\/revisions"}],"predecessor-version":[{"id":3234,"href":"https:\/\/tasneem-couture.fr\/en\/wp-json\/wp\/v2\/product\/3225\/revisions\/3234"}],"wp:featuredmedia":[{"embeddable":true,"href":"https:\/\/tasneem-couture.fr\/en\/wp-json\/wp\/v2\/media\/3227"}],"wp:attachment":[{"href":"https:\/\/tasneem-couture.fr\/en\/wp-json\/wp\/v2\/media?parent=3225"}],"wp:term":[{"taxonomy":"product_cat","embeddable":true,"href":"https:\/\/tasneem-couture.fr\/en\/wp-json\/wp\/v2\/product_cat?post=3225"},{"taxonomy":"product_tag","embeddable":true,"href":"https:\/\/tasneem-couture.fr\/en\/wp-json\/wp\/v2\/product_tag?post=3225"}],"curies":[{"name":"wp","href":"https:\/\/api.w.org\/{rel}","templated":true}]}}