{"id":3290,"date":"2025-12-24T21:28:55","date_gmt":"2025-12-24T20:28:55","guid":{"rendered":"https:\/\/tasneem-couture.fr\/?post_type=product&#038;p=3290"},"modified":"2026-04-29T16:59:06","modified_gmt":"2026-04-29T15:59:06","slug":"sajna-zeenat","status":"publish","type":"product","link":"https:\/\/tasneem-couture.fr\/en\/shop\/sajna-zeenat\/","title":{"rendered":"Sajna &#8211; Zeenat"},"content":{"rendered":"<p><strong>Robe<\/strong><br \/>\nRobe longue ouverte sur le devant en net brod\u00e9, orn\u00e9e d\u2019un travail artisanal d\u00e9taill\u00e9 r\u00e9alis\u00e9 \u00e0 la main avec de d\u00e9licates perles.<br \/>\nLa doublure int\u00e9rieure en luxueux tissu jamawar apporte une touche d\u2019\u00e9l\u00e9gance.<\/p>\n<p><strong>Pantalon<\/strong><br \/>\nPantalon droit en viscose, simple et confortable.<\/p>\n<p><strong>Dupatta \/ Foulard<\/strong><br \/>\nDupatta sophistiqu\u00e9 en organza (trois couleurs), agr\u00e9ment\u00e9 de broderies et de pompons.<\/p>\n<p>Une tenue festive et raffin\u00e9e, parfaite pour briller lors de mariages, c\u00e9r\u00e9monies et f\u00eates.<\/p>","protected":false},"excerpt":{"rendered":"<p>Une robe festive parfaite pour toutes vos occasions : f\u00eate, c\u00e9r\u00e9monie, mariage\u2026<\/p>","protected":false},"featured_media":3296,"comment_status":"open","ping_status":"closed","template":"","meta":[],"product_cat":[156,159,160,157],"product_tag":[],"class_list":{"0":"post-3290","1":"product","2":"type-product","3":"status-publish","4":"has-post-thumbnail","6":"product_cat-femme","7":"product_cat-formal","8":"product_cat-luxury-collection","9":"product_cat-new-arrivals","10":"pa_couleur-zeenat","12":"first","13":"outofstock","14":"sale","15":"shipping-taxable","16":"purchasable","17":"product-type-variable","18":"has-default-attributes"},"_links":{"self":[{"href":"https:\/\/tasneem-couture.fr\/en\/wp-json\/wp\/v2\/product\/3290","targetHints":{"allow":["GET"]}}],"collection":[{"href":"https:\/\/tasneem-couture.fr\/en\/wp-json\/wp\/v2\/product"}],"about":[{"href":"https:\/\/tasneem-couture.fr\/en\/wp-json\/wp\/v2\/types\/product"}],"replies":[{"embeddable":true,"href":"https:\/\/tasneem-couture.fr\/en\/wp-json\/wp\/v2\/comments?post=3290"}],"version-history":[{"count":1,"href":"https:\/\/tasneem-couture.fr\/en\/wp-json\/wp\/v2\/product\/3290\/revisions"}],"predecessor-version":[{"id":3301,"href":"https:\/\/tasneem-couture.fr\/en\/wp-json\/wp\/v2\/product\/3290\/revisions\/3301"}],"wp:featuredmedia":[{"embeddable":true,"href":"https:\/\/tasneem-couture.fr\/en\/wp-json\/wp\/v2\/media\/3296"}],"wp:attachment":[{"href":"https:\/\/tasneem-couture.fr\/en\/wp-json\/wp\/v2\/media?parent=3290"}],"wp:term":[{"taxonomy":"product_cat","embeddable":true,"href":"https:\/\/tasneem-couture.fr\/en\/wp-json\/wp\/v2\/product_cat?post=3290"},{"taxonomy":"product_tag","embeddable":true,"href":"https:\/\/tasneem-couture.fr\/en\/wp-json\/wp\/v2\/product_tag?post=3290"}],"curies":[{"name":"wp","href":"https:\/\/api.w.org\/{rel}","templated":true}]}}