{"id":3326,"date":"2025-12-24T22:44:30","date_gmt":"2025-12-24T21:44:30","guid":{"rendered":"https:\/\/tasneem-couture.fr\/?post_type=product&#038;p=3326"},"modified":"2026-03-18T12:13:27","modified_gmt":"2026-03-18T11:13:27","slug":"aura-diamond","status":"publish","type":"product","link":"https:\/\/tasneem-couture.fr\/en\/shop\/aura-diamond\/","title":{"rendered":"Aura &#8211; Diamond"},"content":{"rendered":"<p><strong>Tunique \/ Shirt<\/strong><br \/>\nTunique lonngue en organza enti\u00e8rement brod\u00e9e, orn\u00e9e d\u2019exquis d\u00e9tails de perlage, de strass lumineux et de broderies au fil, offrant \u00e0 la tenue un look chic et contemporain.<\/p>\n<p><strong>Pantalon<\/strong><br \/>\nPantalon droit en viscose assorti est orn\u00e9 de d\u00e9licates broderies, compl\u00e9tant parfaitement la tenue avec style et sophistication.<\/p>\n<p><strong>Dupatta \/ Foulard<\/strong><br \/>\nLe dupatta en organza est \u00e9l\u00e9gamment orn\u00e9 de broderies et de strass, ajoutant une touche chic et harmonieuse \u00e0 l\u2019ensemble.<\/p>\n<p>Une tenue festive et raffin\u00e9e, parfaite pour briller lors de mariages, c\u00e9r\u00e9monies et f\u00eates.<\/p>","protected":false},"excerpt":{"rendered":"<p>Une tenue festive en parfaite pour toutes vos occasions : f\u00eate, c\u00e9r\u00e9monie, mariage\u2026<\/p>","protected":false},"featured_media":3328,"comment_status":"open","ping_status":"closed","template":"","meta":[],"product_cat":[260,156,160,157],"product_tag":[],"class_list":{"0":"post-3326","1":"product","2":"type-product","3":"status-publish","4":"has-post-thumbnail","6":"product_cat-eid","7":"product_cat-femme","8":"product_cat-luxury-collection","9":"product_cat-new-arrivals","10":"pa_couleur-diamond","12":"first","13":"instock","14":"shipping-taxable","15":"purchasable","16":"product-type-variable","17":"has-default-attributes"},"_links":{"self":[{"href":"https:\/\/tasneem-couture.fr\/en\/wp-json\/wp\/v2\/product\/3326","targetHints":{"allow":["GET"]}}],"collection":[{"href":"https:\/\/tasneem-couture.fr\/en\/wp-json\/wp\/v2\/product"}],"about":[{"href":"https:\/\/tasneem-couture.fr\/en\/wp-json\/wp\/v2\/types\/product"}],"replies":[{"embeddable":true,"href":"https:\/\/tasneem-couture.fr\/en\/wp-json\/wp\/v2\/comments?post=3326"}],"version-history":[{"count":1,"href":"https:\/\/tasneem-couture.fr\/en\/wp-json\/wp\/v2\/product\/3326\/revisions"}],"predecessor-version":[{"id":3335,"href":"https:\/\/tasneem-couture.fr\/en\/wp-json\/wp\/v2\/product\/3326\/revisions\/3335"}],"wp:featuredmedia":[{"embeddable":true,"href":"https:\/\/tasneem-couture.fr\/en\/wp-json\/wp\/v2\/media\/3328"}],"wp:attachment":[{"href":"https:\/\/tasneem-couture.fr\/en\/wp-json\/wp\/v2\/media?parent=3326"}],"wp:term":[{"taxonomy":"product_cat","embeddable":true,"href":"https:\/\/tasneem-couture.fr\/en\/wp-json\/wp\/v2\/product_cat?post=3326"},{"taxonomy":"product_tag","embeddable":true,"href":"https:\/\/tasneem-couture.fr\/en\/wp-json\/wp\/v2\/product_tag?post=3326"}],"curies":[{"name":"wp","href":"https:\/\/api.w.org\/{rel}","templated":true}]}}