{"id":3349,"date":"2025-12-24T23:20:07","date_gmt":"2025-12-24T22:20:07","guid":{"rendered":"https:\/\/tasneem-couture.fr\/?post_type=product&#038;p=3349"},"modified":"2026-04-29T16:56:33","modified_gmt":"2026-04-29T15:56:33","slug":"aura-pistachio","status":"publish","type":"product","link":"https:\/\/tasneem-couture.fr\/en\/shop\/aura-pistachio\/","title":{"rendered":"Aura &#8211; Pistachio"},"content":{"rendered":"<p><strong>Tunique \/ Shirt<\/strong><br \/>\nTunique longue en organza enti\u00e8rement brod\u00e9e, orn\u00e9e d\u2019exquis d\u00e9tails de perlage, de strass lumineux et de broderies au fil, offrant \u00e0 la tenue un look chic et contemporain. Une fente subtile \u00e0 l\u2019avant de la tunique apporte une touche moderne et raffin\u00e9e.<\/p>\n<p><strong>Pantalon<\/strong><br \/>\nPalazzo en viscose assorti, compl\u00e9tant parfaitement la tenue avec style et sophistication.<\/p>\n<p><strong>Dupatta \/ Foulard<\/strong><br \/>\nLe dupatta en organza est \u00e9l\u00e9gamment orn\u00e9 de broderies et de strass, ajoutant une touche chic et harmonieuse \u00e0 l\u2019ensemble.<\/p>\n<p>Une tenue festive et raffin\u00e9e, parfaite pour briller lors de mariages, c\u00e9r\u00e9monies et f\u00eates.<\/p>","protected":false},"excerpt":{"rendered":"<p>Une tenue festive en parfaite pour toutes vos occasions : f\u00eate, c\u00e9r\u00e9monie, mariage\u2026<\/p>","protected":false},"featured_media":3356,"comment_status":"open","ping_status":"closed","template":"","meta":[],"product_cat":[260,156,160,157],"product_tag":[],"class_list":{"0":"post-3349","1":"product","2":"type-product","3":"status-publish","4":"has-post-thumbnail","6":"product_cat-eid","7":"product_cat-femme","8":"product_cat-luxury-collection","9":"product_cat-new-arrivals","10":"pa_couleur-pistachio","12":"first","13":"outofstock","14":"shipping-taxable","15":"purchasable","16":"product-type-variable","17":"has-default-attributes"},"_links":{"self":[{"href":"https:\/\/tasneem-couture.fr\/en\/wp-json\/wp\/v2\/product\/3349","targetHints":{"allow":["GET"]}}],"collection":[{"href":"https:\/\/tasneem-couture.fr\/en\/wp-json\/wp\/v2\/product"}],"about":[{"href":"https:\/\/tasneem-couture.fr\/en\/wp-json\/wp\/v2\/types\/product"}],"replies":[{"embeddable":true,"href":"https:\/\/tasneem-couture.fr\/en\/wp-json\/wp\/v2\/comments?post=3349"}],"version-history":[{"count":2,"href":"https:\/\/tasneem-couture.fr\/en\/wp-json\/wp\/v2\/product\/3349\/revisions"}],"predecessor-version":[{"id":4338,"href":"https:\/\/tasneem-couture.fr\/en\/wp-json\/wp\/v2\/product\/3349\/revisions\/4338"}],"wp:featuredmedia":[{"embeddable":true,"href":"https:\/\/tasneem-couture.fr\/en\/wp-json\/wp\/v2\/media\/3356"}],"wp:attachment":[{"href":"https:\/\/tasneem-couture.fr\/en\/wp-json\/wp\/v2\/media?parent=3349"}],"wp:term":[{"taxonomy":"product_cat","embeddable":true,"href":"https:\/\/tasneem-couture.fr\/en\/wp-json\/wp\/v2\/product_cat?post=3349"},{"taxonomy":"product_tag","embeddable":true,"href":"https:\/\/tasneem-couture.fr\/en\/wp-json\/wp\/v2\/product_tag?post=3349"}],"curies":[{"name":"wp","href":"https:\/\/api.w.org\/{rel}","templated":true}]}}