{"id":3372,"date":"2025-12-24T23:36:34","date_gmt":"2025-12-24T22:36:34","guid":{"rendered":"https:\/\/tasneem-couture.fr\/?post_type=product&#038;p=3372"},"modified":"2026-04-29T16:54:04","modified_gmt":"2026-04-29T15:54:04","slug":"husn-ara-dounia","status":"publish","type":"product","link":"https:\/\/tasneem-couture.fr\/en\/shop\/husn-ara-dounia\/","title":{"rendered":"Husn Ara &#8211; Dounia"},"content":{"rendered":"<p><strong>Tunique \/ Shirt<\/strong><br \/>\nCette tunique en organza est sublim\u00e9e par une magnifique broderie faite main, enrichie d\u2019un perlage d\u00e9licat sur le dos et le devant, offrant un rendu \u00e9l\u00e9gant, raffin\u00e9 et d\u2019une grande finesse.<\/p>\n<p><strong>Pantalon \/ Palazzo<\/strong><br \/>\nLe palazzo pliss\u00e9 assorti est orn\u00e9 d\u2019exquises broderies de sequins, compl\u00e9tant la tenue avec style, \u00e9clat et sophistication.<\/p>\n<p><strong>Dupatta \/ Foulard<\/strong><br \/>\nLe dupatta en organza est \u00e9l\u00e9gamment sublim\u00e9 de broderies d\u00e9licates, apportant une touche chic et harmonieuse \u00e0 l\u2019ensemble.<\/p>\n<p>Une tenue festive et raffin\u00e9e, parfaite pour briller lors de mariages, c\u00e9r\u00e9monies et f\u00eates.<\/p>","protected":false},"excerpt":{"rendered":"<p>khadi Silk : tissu naturel et artisanal, issu d\u2019un m\u00e9lange de coton, lin et soie. Respirant et l\u00e9ger, il offre un confort incomparable et une excellente durabilit\u00e9.<\/p>","protected":false},"featured_media":3374,"comment_status":"open","ping_status":"closed","template":"","meta":[],"product_cat":[156,160,157],"product_tag":[],"class_list":{"0":"post-3372","1":"product","2":"type-product","3":"status-publish","4":"has-post-thumbnail","6":"product_cat-femme","7":"product_cat-luxury-collection","8":"product_cat-new-arrivals","9":"pa_couleur-dounia","11":"first","12":"instock","13":"sale","14":"shipping-taxable","15":"purchasable","16":"product-type-variable","17":"has-default-attributes"},"_links":{"self":[{"href":"https:\/\/tasneem-couture.fr\/en\/wp-json\/wp\/v2\/product\/3372","targetHints":{"allow":["GET"]}}],"collection":[{"href":"https:\/\/tasneem-couture.fr\/en\/wp-json\/wp\/v2\/product"}],"about":[{"href":"https:\/\/tasneem-couture.fr\/en\/wp-json\/wp\/v2\/types\/product"}],"replies":[{"embeddable":true,"href":"https:\/\/tasneem-couture.fr\/en\/wp-json\/wp\/v2\/comments?post=3372"}],"version-history":[{"count":1,"href":"https:\/\/tasneem-couture.fr\/en\/wp-json\/wp\/v2\/product\/3372\/revisions"}],"predecessor-version":[{"id":3384,"href":"https:\/\/tasneem-couture.fr\/en\/wp-json\/wp\/v2\/product\/3372\/revisions\/3384"}],"wp:featuredmedia":[{"embeddable":true,"href":"https:\/\/tasneem-couture.fr\/en\/wp-json\/wp\/v2\/media\/3374"}],"wp:attachment":[{"href":"https:\/\/tasneem-couture.fr\/en\/wp-json\/wp\/v2\/media?parent=3372"}],"wp:term":[{"taxonomy":"product_cat","embeddable":true,"href":"https:\/\/tasneem-couture.fr\/en\/wp-json\/wp\/v2\/product_cat?post=3372"},{"taxonomy":"product_tag","embeddable":true,"href":"https:\/\/tasneem-couture.fr\/en\/wp-json\/wp\/v2\/product_tag?post=3372"}],"curies":[{"name":"wp","href":"https:\/\/api.w.org\/{rel}","templated":true}]}}