{"id":3407,"date":"2025-12-25T06:31:00","date_gmt":"2025-12-25T05:31:00","guid":{"rendered":"https:\/\/tasneem-couture.fr\/?post_type=product&#038;p=3407"},"modified":"2026-04-29T16:51:24","modified_gmt":"2026-04-29T15:51:24","slug":"virsa-gown","status":"publish","type":"product","link":"https:\/\/tasneem-couture.fr\/en\/shop\/virsa-gown\/","title":{"rendered":"Virsa &#8211; Gown"},"content":{"rendered":"<p><strong>Robe longue\/Gown<\/strong><br \/>\nCette robe longue imprim\u00e9e en silk cotton est sublim\u00e9e par de somptueuses broderies \u00e0 sequins sur l\u2019encolure, les manches et le bas de la robe, offrant un rendu raffin\u00e9 et \u00e9l\u00e9gant.<\/p>\n<p><strong>Pantalon<\/strong><br \/>\nUn pantalon droit simple est assorti, pour un ensemble harmonieux et confortable.<\/p>\n<p><strong>Dupatta \/ Foulard<\/strong><br \/>\nLe foulard en mousseline de soie est d\u00e9licatement agr\u00e9ment\u00e9 de broderies sur les extr\u00e9mit\u00e9s, ajoutant une touche sophistiqu\u00e9e et \u00e9l\u00e9gante \u00e0 l\u2019ensemble.<\/p>\n<p>Une tenue festive et confortable, aux imprim\u00e9s \u00e9l\u00e9gants, id\u00e9ale pour briller lors de f\u00eates, c\u00e9r\u00e9monies, anniversaires ou repas en famille.<\/p>","protected":false},"excerpt":{"rendered":"<p>Fabric: Silk Cotton<br \/>\nUne tenue festive et confortable, aux imprim\u00e9s \u00e9l\u00e9gants, id\u00e9ale pour briller lors de f\u00eates, c\u00e9r\u00e9monies, anniversaires ou repas en famille.<\/p>","protected":false},"featured_media":3413,"comment_status":"open","ping_status":"closed","template":"","meta":[],"product_cat":[156,160,157],"product_tag":[],"class_list":{"0":"post-3407","1":"product","2":"type-product","3":"status-publish","4":"has-post-thumbnail","6":"product_cat-femme","7":"product_cat-luxury-collection","8":"product_cat-new-arrivals","9":"pa_couleur-gown","11":"first","12":"outofstock","13":"sale","14":"shipping-taxable","15":"purchasable","16":"product-type-variable","17":"has-default-attributes"},"_links":{"self":[{"href":"https:\/\/tasneem-couture.fr\/en\/wp-json\/wp\/v2\/product\/3407","targetHints":{"allow":["GET"]}}],"collection":[{"href":"https:\/\/tasneem-couture.fr\/en\/wp-json\/wp\/v2\/product"}],"about":[{"href":"https:\/\/tasneem-couture.fr\/en\/wp-json\/wp\/v2\/types\/product"}],"replies":[{"embeddable":true,"href":"https:\/\/tasneem-couture.fr\/en\/wp-json\/wp\/v2\/comments?post=3407"}],"version-history":[{"count":1,"href":"https:\/\/tasneem-couture.fr\/en\/wp-json\/wp\/v2\/product\/3407\/revisions"}],"predecessor-version":[{"id":3418,"href":"https:\/\/tasneem-couture.fr\/en\/wp-json\/wp\/v2\/product\/3407\/revisions\/3418"}],"wp:featuredmedia":[{"embeddable":true,"href":"https:\/\/tasneem-couture.fr\/en\/wp-json\/wp\/v2\/media\/3413"}],"wp:attachment":[{"href":"https:\/\/tasneem-couture.fr\/en\/wp-json\/wp\/v2\/media?parent=3407"}],"wp:term":[{"taxonomy":"product_cat","embeddable":true,"href":"https:\/\/tasneem-couture.fr\/en\/wp-json\/wp\/v2\/product_cat?post=3407"},{"taxonomy":"product_tag","embeddable":true,"href":"https:\/\/tasneem-couture.fr\/en\/wp-json\/wp\/v2\/product_tag?post=3407"}],"curies":[{"name":"wp","href":"https:\/\/api.w.org\/{rel}","templated":true}]}}