{"id":3466,"date":"2025-12-25T06:54:04","date_gmt":"2025-12-25T05:54:04","guid":{"rendered":"https:\/\/tasneem-couture.fr\/?post_type=product&#038;p=3466"},"modified":"2026-04-29T16:47:42","modified_gmt":"2026-04-29T15:47:42","slug":"virsa-sila","status":"publish","type":"product","link":"https:\/\/tasneem-couture.fr\/en\/shop\/virsa-sila\/","title":{"rendered":"Virsa &#8211; Sila"},"content":{"rendered":"<p><strong>Tunique \/ Shirt :<\/strong><br \/>\nCette tunique imprim\u00e9e en silk cotton est sublim\u00e9e par de somptueuses broderies \u00e0 sequins sur l\u2019encolure et les manches, pour un rendu raffin\u00e9 et \u00e9l\u00e9gant.<\/p>\n<p><strong>Pantalon<\/strong><br \/>\nLe palazo extra-large assorti compl\u00e8te parfaitement la tenue, offrant confort et style.<\/p>\n<p><strong>Dupatta \/ Foulard<\/strong><br \/>\nLe foulard en organzat d\u00e9licatement agr\u00e9ment\u00e9 de broderies sur les extr\u00e9mit\u00e9s, ajoutant une touche sophistiqu\u00e9e et harmonieuse \u00e0 l\u2019ensemble.<\/p>\n<p>Une tenue festive et confortable, aux imprim\u00e9s \u00e9l\u00e9gants, id\u00e9ale pour briller lors de f\u00eates, c\u00e9r\u00e9monies, anniversaires ou repas en famille.<\/p>","protected":false},"excerpt":{"rendered":"<p>Fabric: Silk Cotton<br \/>\nUne tenue festive et confortable, aux imprim\u00e9s \u00e9l\u00e9gants, id\u00e9ale pour briller lors de f\u00eates, c\u00e9r\u00e9monies, anniversaires ou repas en famille.<\/p>","protected":false},"featured_media":3471,"comment_status":"open","ping_status":"closed","template":"","meta":[],"product_cat":[156,160,157],"product_tag":[],"class_list":{"0":"post-3466","1":"product","2":"type-product","3":"status-publish","4":"has-post-thumbnail","6":"product_cat-femme","7":"product_cat-luxury-collection","8":"product_cat-new-arrivals","9":"pa_couleur-sila","11":"first","12":"outofstock","13":"sale","14":"shipping-taxable","15":"purchasable","16":"product-type-variable","17":"has-default-attributes"},"_links":{"self":[{"href":"https:\/\/tasneem-couture.fr\/en\/wp-json\/wp\/v2\/product\/3466","targetHints":{"allow":["GET"]}}],"collection":[{"href":"https:\/\/tasneem-couture.fr\/en\/wp-json\/wp\/v2\/product"}],"about":[{"href":"https:\/\/tasneem-couture.fr\/en\/wp-json\/wp\/v2\/types\/product"}],"replies":[{"embeddable":true,"href":"https:\/\/tasneem-couture.fr\/en\/wp-json\/wp\/v2\/comments?post=3466"}],"version-history":[{"count":1,"href":"https:\/\/tasneem-couture.fr\/en\/wp-json\/wp\/v2\/product\/3466\/revisions"}],"predecessor-version":[{"id":3476,"href":"https:\/\/tasneem-couture.fr\/en\/wp-json\/wp\/v2\/product\/3466\/revisions\/3476"}],"wp:featuredmedia":[{"embeddable":true,"href":"https:\/\/tasneem-couture.fr\/en\/wp-json\/wp\/v2\/media\/3471"}],"wp:attachment":[{"href":"https:\/\/tasneem-couture.fr\/en\/wp-json\/wp\/v2\/media?parent=3466"}],"wp:term":[{"taxonomy":"product_cat","embeddable":true,"href":"https:\/\/tasneem-couture.fr\/en\/wp-json\/wp\/v2\/product_cat?post=3466"},{"taxonomy":"product_tag","embeddable":true,"href":"https:\/\/tasneem-couture.fr\/en\/wp-json\/wp\/v2\/product_tag?post=3466"}],"curies":[{"name":"wp","href":"https:\/\/api.w.org\/{rel}","templated":true}]}}