{"id":3687,"date":"2025-12-26T07:21:44","date_gmt":"2025-12-26T06:21:44","guid":{"rendered":"https:\/\/tasneem-couture.fr\/?post_type=product&#038;p=3687"},"modified":"2026-02-28T11:30:25","modified_gmt":"2026-02-28T10:30:25","slug":"prince-coat-black","status":"publish","type":"product","link":"https:\/\/tasneem-couture.fr\/en\/shop\/prince-coat-black\/","title":{"rendered":"Prince Coat &#8211; Black"},"content":{"rendered":"<p><strong>Veste \/ Prince coat<\/strong><br \/>\nAjoutez une touche de distinction \u00e0 votre tenue avec ce prince coat finement brod\u00e9, orn\u00e9 de boutons dor\u00e9s \u00e9l\u00e9gants.<\/p>\n<p>Parfait pour les occasions sp\u00e9ciales telles que f\u00eates, c\u00e9r\u00e9monies et mariages, il allie raffinement, tradition et modernit\u00e9.<\/p>\n<p>\u00c0 noter : d\u00e9couvrez notre vaste collection de tenues pakistanaises et d\u2019accessoires pour hommes, disponibles en boutique. Venez nous rendre visite et laissez-vous s\u00e9duire par nos mod\u00e8les \u00e9l\u00e9gants et raffin\u00e9s !<\/p>","protected":false},"excerpt":{"rendered":"<p>Fibres m\u00e9lang\u00e9es brod\u00e9es : coton \/ polyester \/ viscose<\/p>","protected":false},"featured_media":3692,"comment_status":"open","ping_status":"closed","template":"","meta":[],"product_cat":[162,169,163,161,167],"product_tag":[],"class_list":{"0":"post-3687","1":"product","2":"type-product","3":"status-publish","4":"has-post-thumbnail","6":"product_cat-casual-homme","7":"product_cat-homme-mariage","8":"product_cat-formal-homme","9":"product_cat-homme","10":"product_cat-mariage","11":"pa_couleur-black","13":"first","14":"instock","15":"shipping-taxable","16":"purchasable","17":"product-type-variable","18":"has-default-attributes"},"_links":{"self":[{"href":"https:\/\/tasneem-couture.fr\/en\/wp-json\/wp\/v2\/product\/3687","targetHints":{"allow":["GET"]}}],"collection":[{"href":"https:\/\/tasneem-couture.fr\/en\/wp-json\/wp\/v2\/product"}],"about":[{"href":"https:\/\/tasneem-couture.fr\/en\/wp-json\/wp\/v2\/types\/product"}],"replies":[{"embeddable":true,"href":"https:\/\/tasneem-couture.fr\/en\/wp-json\/wp\/v2\/comments?post=3687"}],"version-history":[{"count":1,"href":"https:\/\/tasneem-couture.fr\/en\/wp-json\/wp\/v2\/product\/3687\/revisions"}],"predecessor-version":[{"id":3699,"href":"https:\/\/tasneem-couture.fr\/en\/wp-json\/wp\/v2\/product\/3687\/revisions\/3699"}],"wp:featuredmedia":[{"embeddable":true,"href":"https:\/\/tasneem-couture.fr\/en\/wp-json\/wp\/v2\/media\/3692"}],"wp:attachment":[{"href":"https:\/\/tasneem-couture.fr\/en\/wp-json\/wp\/v2\/media?parent=3687"}],"wp:term":[{"taxonomy":"product_cat","embeddable":true,"href":"https:\/\/tasneem-couture.fr\/en\/wp-json\/wp\/v2\/product_cat?post=3687"},{"taxonomy":"product_tag","embeddable":true,"href":"https:\/\/tasneem-couture.fr\/en\/wp-json\/wp\/v2\/product_tag?post=3687"}],"curies":[{"name":"wp","href":"https:\/\/api.w.org\/{rel}","templated":true}]}}