{"id":3881,"date":"2026-02-12T15:38:08","date_gmt":"2026-02-12T14:38:08","guid":{"rendered":"https:\/\/tasneem-couture.fr\/?post_type=product&#038;p=3881"},"modified":"2026-04-29T16:31:16","modified_gmt":"2026-04-29T15:31:16","slug":"purple-basics-ramadan-edit","status":"publish","type":"product","link":"https:\/\/tasneem-couture.fr\/en\/shop\/purple-basics-ramadan-edit\/","title":{"rendered":"Purple &#8211; Basics Ramadan Edit"},"content":{"rendered":"<p><strong>Tunique \/ Shirt<\/strong><br \/>\nCette tunique\u00a0 en dhanak pr\u00e9sente une \u00e9l\u00e9gante encolure. De minutieuses broderies sur le devant apportent une touche tendance et moderne.<\/p>\n<p><strong>Pantalon<\/strong><br \/>\nLe pantalon large uni en dhanak compl\u00e8te parfaitement la tenue, offrant \u00e0 la fois confort et style.<\/p>\n<div><\/div>\n<div>\u201cBasics\u201d, l\u2019\u00e9l\u00e9gance dans la simplicit\u00e9 !<\/div>\n<div>Des silhouettes aux coupes contemporaines, alliant modernit\u00e9 et raffinement.<\/div>\n<div>Des broderies minimalistes aux finitions soign\u00e9es, id\u00e9ales pour sublimer vos looks du Ramadan\ud83c\udf38\ud83e\udea1\ud83d\udecd\ufe0f.<br \/>\nDes essentiels revisit\u00e9s pour un style chic, naturel et effortless.<\/div>","protected":false},"excerpt":{"rendered":"<p>Tunique \/ Shirt Cette tunique\u00a0 en dhanak pr\u00e9sente une \u00e9l\u00e9gante encolure. De minutieuses broderies sur le devant apportent&hellip;<\/p>","protected":false},"featured_media":3888,"comment_status":"open","ping_status":"closed","template":"","meta":[],"product_cat":[158,260,156,159,157],"product_tag":[],"class_list":{"0":"post-3881","1":"product","2":"type-product","3":"status-publish","4":"has-post-thumbnail","6":"product_cat-casual","7":"product_cat-eid","8":"product_cat-femme","9":"product_cat-formal","10":"product_cat-new-arrivals","11":"pa_couleur-pistachio","13":"first","14":"outofstock","15":"shipping-taxable","16":"purchasable","17":"product-type-variable","18":"has-default-attributes"},"_links":{"self":[{"href":"https:\/\/tasneem-couture.fr\/en\/wp-json\/wp\/v2\/product\/3881","targetHints":{"allow":["GET"]}}],"collection":[{"href":"https:\/\/tasneem-couture.fr\/en\/wp-json\/wp\/v2\/product"}],"about":[{"href":"https:\/\/tasneem-couture.fr\/en\/wp-json\/wp\/v2\/types\/product"}],"replies":[{"embeddable":true,"href":"https:\/\/tasneem-couture.fr\/en\/wp-json\/wp\/v2\/comments?post=3881"}],"version-history":[{"count":1,"href":"https:\/\/tasneem-couture.fr\/en\/wp-json\/wp\/v2\/product\/3881\/revisions"}],"predecessor-version":[{"id":3889,"href":"https:\/\/tasneem-couture.fr\/en\/wp-json\/wp\/v2\/product\/3881\/revisions\/3889"}],"wp:featuredmedia":[{"embeddable":true,"href":"https:\/\/tasneem-couture.fr\/en\/wp-json\/wp\/v2\/media\/3888"}],"wp:attachment":[{"href":"https:\/\/tasneem-couture.fr\/en\/wp-json\/wp\/v2\/media?parent=3881"}],"wp:term":[{"taxonomy":"product_cat","embeddable":true,"href":"https:\/\/tasneem-couture.fr\/en\/wp-json\/wp\/v2\/product_cat?post=3881"},{"taxonomy":"product_tag","embeddable":true,"href":"https:\/\/tasneem-couture.fr\/en\/wp-json\/wp\/v2\/product_tag?post=3881"}],"curies":[{"name":"wp","href":"https:\/\/api.w.org\/{rel}","templated":true}]}}