{"id":3896,"date":"2026-02-28T09:44:44","date_gmt":"2026-02-28T08:44:44","guid":{"rendered":"https:\/\/tasneem-couture.fr\/?post_type=product&#038;p=3896"},"modified":"2026-02-28T10:16:00","modified_gmt":"2026-02-28T09:16:00","slug":"grey-eid-elegance","status":"publish","type":"product","link":"https:\/\/tasneem-couture.fr\/en\/shop\/grey-eid-elegance\/","title":{"rendered":"Grey &#8211; Eid Elegance"},"content":{"rendered":"<p><strong>Tunique \/Shirt<\/strong><br \/>\nTunique longue en Khadi Silk sublim\u00e9e par de d\u00e9licates broderies sur le devant, les manches et le bas du dos, offrant un rendu \u00e9l\u00e9gant et raffin\u00e9.<\/p>\n<p><strong>Pantalon<\/strong><br \/>\nPantalon droit assorti en viscose, compl\u00e9tant parfaitement la tenue avec style et \u00e9l\u00e9gance.<\/p>\n<p><strong>Dupatta \/ Foulard<\/strong><br \/>\nLe dupatta est d\u00e9licatement orn\u00e9e de broderies, ajoutant une touche chic et harmonieuse \u00e0 l\u2019ensemble.<\/p>\n<p>Une tenue festive et raffin\u00e9e, id\u00e9ale pour briller pour la Eid ou lors de mariages, c\u00e9r\u00e9monies et f\u00eates.<\/p>","protected":false},"excerpt":{"rendered":"<p>khadi Silk : tissu naturel et artisanal, issu d\u2019un m\u00e9lange de coton, lin et soie. Respirant et l\u00e9ger, il offre un confort incomparable et une excellente durabilit\u00e9.<\/p>","protected":false},"featured_media":3904,"comment_status":"open","ping_status":"closed","template":"","meta":[],"product_cat":[260,156,159,160,157],"product_tag":[],"class_list":{"0":"post-3896","1":"product","2":"type-product","3":"status-publish","4":"has-post-thumbnail","6":"product_cat-eid","7":"product_cat-femme","8":"product_cat-formal","9":"product_cat-luxury-collection","10":"product_cat-new-arrivals","11":"pa_couleur-seyana","13":"first","14":"instock","15":"shipping-taxable","16":"purchasable","17":"product-type-variable","18":"has-default-attributes"},"_links":{"self":[{"href":"https:\/\/tasneem-couture.fr\/en\/wp-json\/wp\/v2\/product\/3896","targetHints":{"allow":["GET"]}}],"collection":[{"href":"https:\/\/tasneem-couture.fr\/en\/wp-json\/wp\/v2\/product"}],"about":[{"href":"https:\/\/tasneem-couture.fr\/en\/wp-json\/wp\/v2\/types\/product"}],"replies":[{"embeddable":true,"href":"https:\/\/tasneem-couture.fr\/en\/wp-json\/wp\/v2\/comments?post=3896"}],"version-history":[{"count":1,"href":"https:\/\/tasneem-couture.fr\/en\/wp-json\/wp\/v2\/product\/3896\/revisions"}],"predecessor-version":[{"id":3913,"href":"https:\/\/tasneem-couture.fr\/en\/wp-json\/wp\/v2\/product\/3896\/revisions\/3913"}],"wp:featuredmedia":[{"embeddable":true,"href":"https:\/\/tasneem-couture.fr\/en\/wp-json\/wp\/v2\/media\/3904"}],"wp:attachment":[{"href":"https:\/\/tasneem-couture.fr\/en\/wp-json\/wp\/v2\/media?parent=3896"}],"wp:term":[{"taxonomy":"product_cat","embeddable":true,"href":"https:\/\/tasneem-couture.fr\/en\/wp-json\/wp\/v2\/product_cat?post=3896"},{"taxonomy":"product_tag","embeddable":true,"href":"https:\/\/tasneem-couture.fr\/en\/wp-json\/wp\/v2\/product_tag?post=3896"}],"curies":[{"name":"wp","href":"https:\/\/api.w.org\/{rel}","templated":true}]}}