{"id":3949,"date":"2026-02-28T10:27:52","date_gmt":"2026-02-28T09:27:52","guid":{"rendered":"https:\/\/tasneem-couture.fr\/?post_type=product&#038;p=3949"},"modified":"2026-03-06T19:56:00","modified_gmt":"2026-03-06T18:56:00","slug":"black-eid-elegance","status":"publish","type":"product","link":"https:\/\/tasneem-couture.fr\/en\/shop\/black-eid-elegance\/","title":{"rendered":"Black &#8211; Eid Elegance"},"content":{"rendered":"<p><strong>Tunique \/Shirt<\/strong><br \/>\nTunique en organza soft sublim\u00e9e par de d\u00e9licates broderies faites main sur le devant, les manches et le bas du dos, offrant un rendu \u00e9l\u00e9gant et raffin\u00e9.<\/p>\n<p><strong>Pantalon<\/strong><br \/>\nPantalon palazzo assorti, sublim\u00e9 par des broderies sur le devant et le dos, compl\u00e9tant parfaitement la tenue avec style et \u00e9l\u00e9gance.<\/p>\n<p><strong>Dupatta \/ Foulard<\/strong><br \/>\nLe dupatta en organza est enti\u00e8rement sublim\u00e9 par de d\u00e9licates broderies, apportant une touche chic et harmonieuse \u00e0 l\u2019ensemble.<\/p>\n<p>Une tenue festive et raffin\u00e9e, id\u00e9ale pour briller pour la Eid ou lors de mariages, c\u00e9r\u00e9monies et f\u00eates.<\/p>","protected":false},"excerpt":{"rendered":"<p>Tunique \/Shirt Tunique en organza soft sublim\u00e9e par de d\u00e9licates broderies faites main sur le devant, les manches&hellip;<\/p>","protected":false},"featured_media":3956,"comment_status":"open","ping_status":"closed","template":"","meta":[],"product_cat":[260,156,159,160,157],"product_tag":[],"class_list":{"0":"post-3949","1":"product","2":"type-product","3":"status-publish","4":"has-post-thumbnail","6":"product_cat-eid","7":"product_cat-femme","8":"product_cat-formal","9":"product_cat-luxury-collection","10":"product_cat-new-arrivals","11":"pa_couleur-seyana","13":"first","14":"instock","15":"shipping-taxable","16":"purchasable","17":"product-type-variable","18":"has-default-attributes"},"_links":{"self":[{"href":"https:\/\/tasneem-couture.fr\/en\/wp-json\/wp\/v2\/product\/3949","targetHints":{"allow":["GET"]}}],"collection":[{"href":"https:\/\/tasneem-couture.fr\/en\/wp-json\/wp\/v2\/product"}],"about":[{"href":"https:\/\/tasneem-couture.fr\/en\/wp-json\/wp\/v2\/types\/product"}],"replies":[{"embeddable":true,"href":"https:\/\/tasneem-couture.fr\/en\/wp-json\/wp\/v2\/comments?post=3949"}],"version-history":[{"count":1,"href":"https:\/\/tasneem-couture.fr\/en\/wp-json\/wp\/v2\/product\/3949\/revisions"}],"predecessor-version":[{"id":3969,"href":"https:\/\/tasneem-couture.fr\/en\/wp-json\/wp\/v2\/product\/3949\/revisions\/3969"}],"wp:featuredmedia":[{"embeddable":true,"href":"https:\/\/tasneem-couture.fr\/en\/wp-json\/wp\/v2\/media\/3956"}],"wp:attachment":[{"href":"https:\/\/tasneem-couture.fr\/en\/wp-json\/wp\/v2\/media?parent=3949"}],"wp:term":[{"taxonomy":"product_cat","embeddable":true,"href":"https:\/\/tasneem-couture.fr\/en\/wp-json\/wp\/v2\/product_cat?post=3949"},{"taxonomy":"product_tag","embeddable":true,"href":"https:\/\/tasneem-couture.fr\/en\/wp-json\/wp\/v2\/product_tag?post=3949"}],"curies":[{"name":"wp","href":"https:\/\/api.w.org\/{rel}","templated":true}]}}