{"id":3970,"date":"2026-02-28T10:52:02","date_gmt":"2026-02-28T09:52:02","guid":{"rendered":"https:\/\/tasneem-couture.fr\/?post_type=product&#038;p=3970"},"modified":"2026-03-10T13:46:05","modified_gmt":"2026-03-10T12:46:05","slug":"gharara-eid-elegance","status":"publish","type":"product","link":"https:\/\/tasneem-couture.fr\/en\/shop\/gharara-eid-elegance\/","title":{"rendered":"Gharara &#8211; Eid Elegance"},"content":{"rendered":"<p><strong>Tunique \/Shirt<\/strong><br \/>\nTunique mi-cuisse en soie sublim\u00e9e par de d\u00e9licates broderies faites main sur le devant et les manches, offrant un rendu \u00e9l\u00e9gant et raffin\u00e9.<\/p>\n<p><strong>Pantalon<\/strong><br \/>\nPantalon gharara assorti, sublim\u00e9 par des broderies faites main, compl\u00e9tant parfaitement la tenue avec style et \u00e9l\u00e9gance.<\/p>\n<p><strong>Dupatta \/ Foulard<\/strong><br \/>\nLe dupatta en viscose sublim\u00e9 par une dentelle tendance, apportant une touche chic et harmonieuse \u00e0 l\u2019ensemble.<\/p>\n<p>Une tenue festive et raffin\u00e9e, id\u00e9ale pour briller pour la Eid ou lors de mariages, c\u00e9r\u00e9monies et f\u00eates.<\/p>","protected":false},"excerpt":{"rendered":"<p>Tunique \/Shirt Tunique mi-cuisse en soie sublim\u00e9e par de d\u00e9licates broderies faites main sur le devant et les&hellip;<\/p>","protected":false},"featured_media":3985,"comment_status":"open","ping_status":"closed","template":"","meta":[],"product_cat":[260,156,159,160,157],"product_tag":[],"class_list":{"0":"post-3970","1":"product","2":"type-product","3":"status-publish","4":"has-post-thumbnail","6":"product_cat-eid","7":"product_cat-femme","8":"product_cat-formal","9":"product_cat-luxury-collection","10":"product_cat-new-arrivals","11":"pa_couleur-seyana","13":"first","14":"instock","15":"shipping-taxable","16":"purchasable","17":"product-type-variable","18":"has-default-attributes"},"_links":{"self":[{"href":"https:\/\/tasneem-couture.fr\/en\/wp-json\/wp\/v2\/product\/3970","targetHints":{"allow":["GET"]}}],"collection":[{"href":"https:\/\/tasneem-couture.fr\/en\/wp-json\/wp\/v2\/product"}],"about":[{"href":"https:\/\/tasneem-couture.fr\/en\/wp-json\/wp\/v2\/types\/product"}],"replies":[{"embeddable":true,"href":"https:\/\/tasneem-couture.fr\/en\/wp-json\/wp\/v2\/comments?post=3970"}],"version-history":[{"count":1,"href":"https:\/\/tasneem-couture.fr\/en\/wp-json\/wp\/v2\/product\/3970\/revisions"}],"predecessor-version":[{"id":3990,"href":"https:\/\/tasneem-couture.fr\/en\/wp-json\/wp\/v2\/product\/3970\/revisions\/3990"}],"wp:featuredmedia":[{"embeddable":true,"href":"https:\/\/tasneem-couture.fr\/en\/wp-json\/wp\/v2\/media\/3985"}],"wp:attachment":[{"href":"https:\/\/tasneem-couture.fr\/en\/wp-json\/wp\/v2\/media?parent=3970"}],"wp:term":[{"taxonomy":"product_cat","embeddable":true,"href":"https:\/\/tasneem-couture.fr\/en\/wp-json\/wp\/v2\/product_cat?post=3970"},{"taxonomy":"product_tag","embeddable":true,"href":"https:\/\/tasneem-couture.fr\/en\/wp-json\/wp\/v2\/product_tag?post=3970"}],"curies":[{"name":"wp","href":"https:\/\/api.w.org\/{rel}","templated":true}]}}