{"id":4045,"date":"2026-02-28T12:50:29","date_gmt":"2026-02-28T11:50:29","guid":{"rendered":"https:\/\/tasneem-couture.fr\/?post_type=product&#038;p=4045"},"modified":"2026-02-28T12:53:34","modified_gmt":"2026-02-28T11:53:34","slug":"waistcoat-gris","status":"publish","type":"product","link":"https:\/\/tasneem-couture.fr\/en\/shop\/waistcoat-gris\/","title":{"rendered":"Waistcoat &#8211; Gris"},"content":{"rendered":"<p><strong>Waistcoat<\/strong><\/p>\n<p data-start=\"0\" data-end=\"198\">Ce waistcoat pakistanais allie \u00e9l\u00e9gance et modernit\u00e9. Confectionn\u00e9 en tissu gris fonc\u00e9 avec une coupe structur\u00e9e, il se distingue par son col bandhgala raffin\u00e9 et ses boutons m\u00e9talliques travaill\u00e9s.<\/p>\n<p data-start=\"200\" data-end=\"379\" data-is-last-node=\"\" data-is-only-node=\"\">Port\u00e9 sur un kurta assorti, il cr\u00e9e un ensemble monochrome chic et sophistiqu\u00e9. Une pi\u00e8ce intemporelle \u00e0 avoir dans sa garde-robe. Une pi\u00e8ce \u00e9l\u00e9gante et sophistiqu\u00e9e, id\u00e9ale pour toutes vos occasions : eid, f\u00eates, c\u00e9r\u00e9monies, mariages, etc.<\/p>\n<p>&nbsp;<\/p>\n<p data-start=\"52\" data-end=\"122\"><strong data-start=\"52\" data-end=\"120\">\u00c0 noter : tous nos mod\u00e8les ne sont pas affich\u00e9s sur le site ! <\/strong>Rendez-vous en boutique pour d\u00e9couvrir notre large s\u00e9lection de tenues pakistanaises et d\u2019accessoires pour hommes, \u00e0 partir de 45 \u20ac seulement. Des pi\u00e8ces \u00e9l\u00e9gantes, des mati\u00e8res de qualit\u00e9 et des mod\u00e8les exclusifs vous y attendent. Ne manquez pas l\u2019occasion de trouver la tenue parfaite.\u00a0 Venez nous rendre visite d\u00e8s maintenant !<\/p>","protected":false},"excerpt":{"rendered":"<p>Grace &#8211; Wash &amp; Wear &#8211; Fibres m\u00e9lang\u00e9es : coton \/ polyester \/ viscose<\/p>","protected":false},"featured_media":4039,"comment_status":"open","ping_status":"closed","template":"","meta":[],"product_cat":[262,161,162,163],"product_tag":[],"class_list":{"0":"post-4045","1":"product","2":"type-product","3":"status-publish","4":"has-post-thumbnail","6":"product_cat-eid-collection","7":"product_cat-homme","8":"product_cat-casual-homme","9":"product_cat-formal-homme","10":"pa_couleur-black","12":"first","13":"instock","14":"shipping-taxable","15":"purchasable","16":"product-type-variable","17":"has-default-attributes"},"_links":{"self":[{"href":"https:\/\/tasneem-couture.fr\/en\/wp-json\/wp\/v2\/product\/4045","targetHints":{"allow":["GET"]}}],"collection":[{"href":"https:\/\/tasneem-couture.fr\/en\/wp-json\/wp\/v2\/product"}],"about":[{"href":"https:\/\/tasneem-couture.fr\/en\/wp-json\/wp\/v2\/types\/product"}],"replies":[{"embeddable":true,"href":"https:\/\/tasneem-couture.fr\/en\/wp-json\/wp\/v2\/comments?post=4045"}],"version-history":[{"count":2,"href":"https:\/\/tasneem-couture.fr\/en\/wp-json\/wp\/v2\/product\/4045\/revisions"}],"predecessor-version":[{"id":4052,"href":"https:\/\/tasneem-couture.fr\/en\/wp-json\/wp\/v2\/product\/4045\/revisions\/4052"}],"wp:featuredmedia":[{"embeddable":true,"href":"https:\/\/tasneem-couture.fr\/en\/wp-json\/wp\/v2\/media\/4039"}],"wp:attachment":[{"href":"https:\/\/tasneem-couture.fr\/en\/wp-json\/wp\/v2\/media?parent=4045"}],"wp:term":[{"taxonomy":"product_cat","embeddable":true,"href":"https:\/\/tasneem-couture.fr\/en\/wp-json\/wp\/v2\/product_cat?post=4045"},{"taxonomy":"product_tag","embeddable":true,"href":"https:\/\/tasneem-couture.fr\/en\/wp-json\/wp\/v2\/product_tag?post=4045"}],"curies":[{"name":"wp","href":"https:\/\/api.w.org\/{rel}","templated":true}]}}