{"id":4110,"date":"2026-02-28T13:13:00","date_gmt":"2026-02-28T12:13:00","guid":{"rendered":"https:\/\/tasneem-couture.fr\/?post_type=product&#038;p=4110"},"modified":"2026-02-28T13:20:01","modified_gmt":"2026-02-28T12:20:01","slug":"waistcoat-brode","status":"publish","type":"product","link":"https:\/\/tasneem-couture.fr\/en\/shop\/waistcoat-brode\/","title":{"rendered":"Waistcoat &#8211; Brod\u00e9"},"content":{"rendered":"<p><strong>Waistcoat<\/strong><\/p>\n<p data-start=\"0\" data-end=\"198\">Ce waistcoat pakistanais allie \u00e9l\u00e9gance et modernit\u00e9. Enti\u00e8rement brod\u00e9e sur le devant et le dos, il d\u00e9voile des motifs d\u00e9licats travaill\u00e9s avec pr\u00e9cision, offrant un rendu \u00e9l\u00e9gant et luxueux. Sa coupe structur\u00e9e et son tomb\u00e9 impeccable en font une pi\u00e8ce d\u2019exception.<\/p>\n<p data-start=\"200\" data-end=\"379\" data-is-last-node=\"\" data-is-only-node=\"\">Port\u00e9 sur un kurta assorti, il cr\u00e9e un ensemble chic et sophistiqu\u00e9. Une pi\u00e8ce intemporelle \u00e0 avoir dans sa garde-robe.<\/p>\n<p data-start=\"200\" data-end=\"379\" data-is-last-node=\"\" data-is-only-node=\"\">Une pi\u00e8ce \u00e9l\u00e9gante et sophistiqu\u00e9e, id\u00e9ale pour toutes vos occasions : eid, f\u00eates, c\u00e9r\u00e9monies, mariages, etc.<\/p>\n<p>&nbsp;<\/p>\n<p data-start=\"52\" data-end=\"122\"><strong data-start=\"52\" data-end=\"120\">\u00c0 noter : tous nos mod\u00e8les ne sont pas affich\u00e9s sur le site ! <\/strong>Rendez-vous en boutique pour d\u00e9couvrir notre large s\u00e9lection de tenues pakistanaises et d\u2019accessoires pour hommes, \u00e0 partir de 45 \u20ac seulement. Des pi\u00e8ces \u00e9l\u00e9gantes, des mati\u00e8res de qualit\u00e9 et des mod\u00e8les exclusifs vous y attendent. Ne manquez pas l\u2019occasion de trouver la tenue parfaite.\u00a0 Venez nous rendre visite d\u00e8s maintenant !<\/p>","protected":false},"excerpt":{"rendered":"<p>Waistcoat Ce waistcoat pakistanais allie \u00e9l\u00e9gance et modernit\u00e9. Enti\u00e8rement brod\u00e9e sur le devant et le dos, il d\u00e9voile&hellip;<\/p>","protected":false},"featured_media":4118,"comment_status":"open","ping_status":"closed","template":"","meta":[],"product_cat":[262,161,162,163],"product_tag":[],"class_list":{"0":"post-4110","1":"product","2":"type-product","3":"status-publish","4":"has-post-thumbnail","6":"product_cat-eid-collection","7":"product_cat-homme","8":"product_cat-casual-homme","9":"product_cat-formal-homme","10":"pa_couleur-black","12":"first","13":"instock","14":"shipping-taxable","15":"purchasable","16":"product-type-variable","17":"has-default-attributes"},"_links":{"self":[{"href":"https:\/\/tasneem-couture.fr\/en\/wp-json\/wp\/v2\/product\/4110","targetHints":{"allow":["GET"]}}],"collection":[{"href":"https:\/\/tasneem-couture.fr\/en\/wp-json\/wp\/v2\/product"}],"about":[{"href":"https:\/\/tasneem-couture.fr\/en\/wp-json\/wp\/v2\/types\/product"}],"replies":[{"embeddable":true,"href":"https:\/\/tasneem-couture.fr\/en\/wp-json\/wp\/v2\/comments?post=4110"}],"version-history":[{"count":1,"href":"https:\/\/tasneem-couture.fr\/en\/wp-json\/wp\/v2\/product\/4110\/revisions"}],"predecessor-version":[{"id":4120,"href":"https:\/\/tasneem-couture.fr\/en\/wp-json\/wp\/v2\/product\/4110\/revisions\/4120"}],"wp:featuredmedia":[{"embeddable":true,"href":"https:\/\/tasneem-couture.fr\/en\/wp-json\/wp\/v2\/media\/4118"}],"wp:attachment":[{"href":"https:\/\/tasneem-couture.fr\/en\/wp-json\/wp\/v2\/media?parent=4110"}],"wp:term":[{"taxonomy":"product_cat","embeddable":true,"href":"https:\/\/tasneem-couture.fr\/en\/wp-json\/wp\/v2\/product_cat?post=4110"},{"taxonomy":"product_tag","embeddable":true,"href":"https:\/\/tasneem-couture.fr\/en\/wp-json\/wp\/v2\/product_tag?post=4110"}],"curies":[{"name":"wp","href":"https:\/\/api.w.org\/{rel}","templated":true}]}}