{"id":4134,"date":"2026-02-28T13:23:00","date_gmt":"2026-02-28T12:23:00","guid":{"rendered":"https:\/\/tasneem-couture.fr\/?post_type=product&#038;p=4134"},"modified":"2026-02-28T13:25:54","modified_gmt":"2026-02-28T12:25:54","slug":"shawl-wool-2","status":"publish","type":"product","link":"https:\/\/tasneem-couture.fr\/en\/shop\/shawl-wool-2\/","title":{"rendered":"Shawl &#8211; Wool"},"content":{"rendered":"<p><strong>Shawl<\/strong><\/p>\n<p data-start=\"0\" data-end=\"154\">Shawl pakistanais extra large en laine en couleur off-white.<br data-start=\"39\" data-end=\"42\" \/>Mati\u00e8re \u00e9l\u00e9gante et sophistiqu\u00e9e, \u00e0 accessoiriser avec nos ensembles pour une allure royale et traditionnelle. Id\u00e9al pour toutes vos occasions : Eid, f\u00eates, c\u00e9r\u00e9monies, mariages, etc.<\/p>\n<p>&nbsp;<\/p>\n<p data-start=\"52\" data-end=\"122\"><strong data-start=\"52\" data-end=\"120\">\u00c0 noter : tous nos mod\u00e8les ne sont pas affich\u00e9s sur le site ! <\/strong>Rendez-vous en boutique pour d\u00e9couvrir notre large s\u00e9lection de tenues pakistanaises et d\u2019accessoires pour hommes, \u00e0 partir de 45 \u20ac seulement. Des pi\u00e8ces \u00e9l\u00e9gantes, des mati\u00e8res de qualit\u00e9 et des mod\u00e8les exclusifs vous y attendent. Ne manquez pas l\u2019occasion de trouver la tenue parfaite.\u00a0 Venez nous rendre visite d\u00e8s maintenant !<\/p>","protected":false},"excerpt":{"rendered":"<p>100% Laine<\/p>","protected":false},"featured_media":4136,"comment_status":"open","ping_status":"closed","template":"","meta":[],"product_cat":[262,161,162,163],"product_tag":[],"class_list":{"0":"post-4134","1":"product","2":"type-product","3":"status-publish","4":"has-post-thumbnail","6":"product_cat-eid-collection","7":"product_cat-homme","8":"product_cat-casual-homme","9":"product_cat-formal-homme","10":"pa_couleur-black","12":"first","13":"instock","14":"shipping-taxable","15":"purchasable","16":"product-type-variable","17":"has-default-attributes"},"_links":{"self":[{"href":"https:\/\/tasneem-couture.fr\/en\/wp-json\/wp\/v2\/product\/4134","targetHints":{"allow":["GET"]}}],"collection":[{"href":"https:\/\/tasneem-couture.fr\/en\/wp-json\/wp\/v2\/product"}],"about":[{"href":"https:\/\/tasneem-couture.fr\/en\/wp-json\/wp\/v2\/types\/product"}],"replies":[{"embeddable":true,"href":"https:\/\/tasneem-couture.fr\/en\/wp-json\/wp\/v2\/comments?post=4134"}],"version-history":[{"count":1,"href":"https:\/\/tasneem-couture.fr\/en\/wp-json\/wp\/v2\/product\/4134\/revisions"}],"predecessor-version":[{"id":4138,"href":"https:\/\/tasneem-couture.fr\/en\/wp-json\/wp\/v2\/product\/4134\/revisions\/4138"}],"wp:featuredmedia":[{"embeddable":true,"href":"https:\/\/tasneem-couture.fr\/en\/wp-json\/wp\/v2\/media\/4136"}],"wp:attachment":[{"href":"https:\/\/tasneem-couture.fr\/en\/wp-json\/wp\/v2\/media?parent=4134"}],"wp:term":[{"taxonomy":"product_cat","embeddable":true,"href":"https:\/\/tasneem-couture.fr\/en\/wp-json\/wp\/v2\/product_cat?post=4134"},{"taxonomy":"product_tag","embeddable":true,"href":"https:\/\/tasneem-couture.fr\/en\/wp-json\/wp\/v2\/product_tag?post=4134"}],"curies":[{"name":"wp","href":"https:\/\/api.w.org\/{rel}","templated":true}]}}