{"id":4235,"date":"2026-03-06T13:36:32","date_gmt":"2026-03-06T12:36:32","guid":{"rendered":"https:\/\/tasneem-couture.fr\/?post_type=product&#038;p=4235"},"modified":"2026-03-14T18:22:14","modified_gmt":"2026-03-14T17:22:14","slug":"ruby-eid-eclat","status":"publish","type":"product","link":"https:\/\/tasneem-couture.fr\/en\/shop\/ruby-eid-eclat\/","title":{"rendered":"Ruby &#8211; Eid Eclat"},"content":{"rendered":"<p><strong>Tunique \/Shirt<\/strong><br \/>\nTunique longue en <em data-start=\"130\" data-end=\"140\">raw silk<\/em>, orn\u00e9e de d\u00e9licates broderies et de perlages faits main, offrant un rendu \u00e9l\u00e9gant et raffin\u00e9. Sa coupe droite met en valeur la silhouette avec finesse. Chaque d\u00e9tail, travaill\u00e9 avec soin, refl\u00e8te un savoir-faire d\u2019exception pour illuminer vos c\u00e9l\u00e9brations de l\u2019Eid avec gr\u00e2ce et sophistication.<\/p>\n<p><strong>Pantalon<\/strong><br \/>\nPantalon droit assorti, compl\u00e9tant parfaitement la tenue avec style et \u00e9l\u00e9gance.<\/p>\n<p><strong>Dupatta \/ Foulard<\/strong><br \/>\nLe dupatta en organza est enti\u00e8rement sublim\u00e9 par de d\u00e9licates broderies, des perlages et un travail minutieux de fleurs en 3D, apportant une touche chic et harmonieuse \u00e0 l\u2019ensemble.<\/p>\n<p>Une tenue festive et raffin\u00e9e, id\u00e9ale pour briller lors de l\u2019Eid ou \u00e0 l\u2019occasion de mariages, c\u00e9r\u00e9monies et f\u00eates. \u2728<\/p>","protected":false},"excerpt":{"rendered":"<p>Tunique \/Shirt Tunique longue en raw silk, orn\u00e9e de d\u00e9licates broderies et de perlages faits main, offrant un&hellip;<\/p>","protected":false},"featured_media":4241,"comment_status":"open","ping_status":"closed","template":"","meta":[],"product_cat":[260,156,159,160,157],"product_tag":[],"class_list":{"0":"post-4235","1":"product","2":"type-product","3":"status-publish","4":"has-post-thumbnail","6":"product_cat-eid","7":"product_cat-femme","8":"product_cat-formal","9":"product_cat-luxury-collection","10":"product_cat-new-arrivals","11":"pa_couleur-seyana","13":"first","14":"instock","15":"shipping-taxable","16":"purchasable","17":"product-type-variable","18":"has-default-attributes"},"_links":{"self":[{"href":"https:\/\/tasneem-couture.fr\/en\/wp-json\/wp\/v2\/product\/4235","targetHints":{"allow":["GET"]}}],"collection":[{"href":"https:\/\/tasneem-couture.fr\/en\/wp-json\/wp\/v2\/product"}],"about":[{"href":"https:\/\/tasneem-couture.fr\/en\/wp-json\/wp\/v2\/types\/product"}],"replies":[{"embeddable":true,"href":"https:\/\/tasneem-couture.fr\/en\/wp-json\/wp\/v2\/comments?post=4235"}],"version-history":[{"count":1,"href":"https:\/\/tasneem-couture.fr\/en\/wp-json\/wp\/v2\/product\/4235\/revisions"}],"predecessor-version":[{"id":4249,"href":"https:\/\/tasneem-couture.fr\/en\/wp-json\/wp\/v2\/product\/4235\/revisions\/4249"}],"wp:featuredmedia":[{"embeddable":true,"href":"https:\/\/tasneem-couture.fr\/en\/wp-json\/wp\/v2\/media\/4241"}],"wp:attachment":[{"href":"https:\/\/tasneem-couture.fr\/en\/wp-json\/wp\/v2\/media?parent=4235"}],"wp:term":[{"taxonomy":"product_cat","embeddable":true,"href":"https:\/\/tasneem-couture.fr\/en\/wp-json\/wp\/v2\/product_cat?post=4235"},{"taxonomy":"product_tag","embeddable":true,"href":"https:\/\/tasneem-couture.fr\/en\/wp-json\/wp\/v2\/product_tag?post=4235"}],"curies":[{"name":"wp","href":"https:\/\/api.w.org\/{rel}","templated":true}]}}