{"id":4353,"date":"2026-04-09T15:16:12","date_gmt":"2026-04-09T14:16:12","guid":{"rendered":"https:\/\/tasneem-couture.fr\/?post_type=product&#038;p=4353"},"modified":"2026-04-09T16:02:05","modified_gmt":"2026-04-09T15:02:05","slug":"white-spring-summer","status":"publish","type":"product","link":"https:\/\/tasneem-couture.fr\/en\/shop\/white-spring-summer\/","title":{"rendered":"White &#8211; Spring\/Summer"},"content":{"rendered":"<p data-start=\"45\" data-end=\"314\"><strong data-start=\"45\" data-end=\"64\">Tunique \/ Shirt<\/strong><br data-start=\"64\" data-end=\"67\" \/>Tunique longue en coton, orn\u00e9e de d\u00e9licates broderies et de motifs baroques, offrant un rendu \u00e9l\u00e9gant et raffin\u00e9. Chaque d\u00e9tail, travaill\u00e9 avec soin, refl\u00e8te un savoir-faire d\u2019exception pour illuminer vos c\u00e9l\u00e9brations avec gr\u00e2ce et sophistication.<\/p>\n<p data-start=\"316\" data-end=\"403\"><strong data-start=\"316\" data-end=\"328\">Pantalon<\/strong><br data-start=\"328\" data-end=\"331\" \/>Pantalon droit, compl\u00e9tant parfaitement la tenue avec style et \u00e9l\u00e9gance.<\/p>\n<p data-start=\"405\" data-end=\"540\"><strong data-start=\"405\" data-end=\"426\">Dupatta \/ Foulard<\/strong><br data-start=\"426\" data-end=\"429\" \/>Le dupatta en chiffon, sublim\u00e9 par des imprim\u00e9s fleuris, apporte une touche chic et harmonieuse \u00e0 l\u2019ensemble. \u2728<\/p>\n<p data-start=\"542\" data-end=\"694\">Une tenue raffin\u00e9e, l\u00e9g\u00e8re en coton, parfaite pour le printemps et l\u2019\u00e9t\u00e9, id\u00e9ale pour briller lors de l\u2019Eid ou \u00e0 l\u2019occasion de c\u00e9r\u00e9monies et de f\u00eates. \u2728<\/p>","protected":false},"excerpt":{"rendered":"<p>Tunique \/ ShirtTunique longue en coton, orn\u00e9e de d\u00e9licates broderies et de motifs baroques, offrant un rendu \u00e9l\u00e9gant&hellip;<\/p>","protected":false},"featured_media":4359,"comment_status":"open","ping_status":"closed","template":"","meta":[],"product_cat":[156,264,260,159,160,157],"product_tag":[],"class_list":{"0":"post-4353","1":"product","2":"type-product","3":"status-publish","4":"has-post-thumbnail","6":"product_cat-femme","7":"product_cat-coton-lawn","8":"product_cat-eid","9":"product_cat-formal","10":"product_cat-luxury-collection","11":"product_cat-new-arrivals","12":"pa_couleur-seyana","14":"first","15":"instock","16":"sale","17":"shipping-taxable","18":"purchasable","19":"product-type-variable","20":"has-default-attributes"},"_links":{"self":[{"href":"https:\/\/tasneem-couture.fr\/en\/wp-json\/wp\/v2\/product\/4353","targetHints":{"allow":["GET"]}}],"collection":[{"href":"https:\/\/tasneem-couture.fr\/en\/wp-json\/wp\/v2\/product"}],"about":[{"href":"https:\/\/tasneem-couture.fr\/en\/wp-json\/wp\/v2\/types\/product"}],"replies":[{"embeddable":true,"href":"https:\/\/tasneem-couture.fr\/en\/wp-json\/wp\/v2\/comments?post=4353"}],"version-history":[{"count":1,"href":"https:\/\/tasneem-couture.fr\/en\/wp-json\/wp\/v2\/product\/4353\/revisions"}],"predecessor-version":[{"id":4362,"href":"https:\/\/tasneem-couture.fr\/en\/wp-json\/wp\/v2\/product\/4353\/revisions\/4362"}],"wp:featuredmedia":[{"embeddable":true,"href":"https:\/\/tasneem-couture.fr\/en\/wp-json\/wp\/v2\/media\/4359"}],"wp:attachment":[{"href":"https:\/\/tasneem-couture.fr\/en\/wp-json\/wp\/v2\/media?parent=4353"}],"wp:term":[{"taxonomy":"product_cat","embeddable":true,"href":"https:\/\/tasneem-couture.fr\/en\/wp-json\/wp\/v2\/product_cat?post=4353"},{"taxonomy":"product_tag","embeddable":true,"href":"https:\/\/tasneem-couture.fr\/en\/wp-json\/wp\/v2\/product_tag?post=4353"}],"curies":[{"name":"wp","href":"https:\/\/api.w.org\/{rel}","templated":true}]}}