{"id":4386,"date":"2026-04-09T16:21:35","date_gmt":"2026-04-09T15:21:35","guid":{"rendered":"https:\/\/tasneem-couture.fr\/?post_type=product&#038;p=4386"},"modified":"2026-04-09T16:25:05","modified_gmt":"2026-04-09T15:25:05","slug":"mud-spring-summer","status":"publish","type":"product","link":"https:\/\/tasneem-couture.fr\/en\/shop\/mud-spring-summer\/","title":{"rendered":"Mud &#8211; Spring\/Summer"},"content":{"rendered":"<p><strong>Tunique \/Shirt<\/strong><br \/>\nTunique longue en coton, orn\u00e9e de d\u00e9licates broderies et perlages sur le devant, \u00e0 l\u2019encolure et aux manches, offrant un rendu \u00e9l\u00e9gant et raffin\u00e9. Chaque d\u00e9tail, travaill\u00e9 avec soin, refl\u00e8te un savoir-faire d\u2019exception pour illuminer vos c\u00e9l\u00e9brations avec gr\u00e2ce et sophistication.<\/p>\n<p><strong>Pantalon<\/strong><br \/>\nPantalon large, compl\u00e9tant parfaitement la tenue avec style et \u00e9l\u00e9gance.<\/p>\n<p><strong data-start=\"448\" data-end=\"469\">Dupatta \/ Foulard<\/strong><br data-start=\"469\" data-end=\"472\" \/>Le dupatta en organza doux, apporte une touche chic et harmonieuse \u00e0 l\u2019ensemble. \u2728<\/p>\n<p data-start=\"604\" data-end=\"720\">Une tenue festive et raffin\u00e9e, l\u00e9g\u00e8re en coton, parfaite pour le printemps et l\u2019\u00e9t\u00e9, id\u00e9ale pour briller lors de l\u2019Eid ou \u00e0 l\u2019occasion de mariages, c\u00e9r\u00e9monies et f\u00eates.<\/p>","protected":false},"excerpt":{"rendered":"<p>Tunique \/Shirt Tunique longue en coton, orn\u00e9e de d\u00e9licates broderies et perlages sur le devant, \u00e0 l\u2019encolure et&hellip;<\/p>","protected":false},"featured_media":4391,"comment_status":"open","ping_status":"closed","template":"","meta":[],"product_cat":[264,260,156,159,160,157],"product_tag":[],"class_list":{"0":"post-4386","1":"product","2":"type-product","3":"status-publish","4":"has-post-thumbnail","6":"product_cat-coton-lawn","7":"product_cat-eid","8":"product_cat-femme","9":"product_cat-formal","10":"product_cat-luxury-collection","11":"product_cat-new-arrivals","12":"pa_couleur-seyana","14":"first","15":"instock","16":"sale","17":"shipping-taxable","18":"purchasable","19":"product-type-variable","20":"has-default-attributes"},"_links":{"self":[{"href":"https:\/\/tasneem-couture.fr\/en\/wp-json\/wp\/v2\/product\/4386","targetHints":{"allow":["GET"]}}],"collection":[{"href":"https:\/\/tasneem-couture.fr\/en\/wp-json\/wp\/v2\/product"}],"about":[{"href":"https:\/\/tasneem-couture.fr\/en\/wp-json\/wp\/v2\/types\/product"}],"replies":[{"embeddable":true,"href":"https:\/\/tasneem-couture.fr\/en\/wp-json\/wp\/v2\/comments?post=4386"}],"version-history":[{"count":3,"href":"https:\/\/tasneem-couture.fr\/en\/wp-json\/wp\/v2\/product\/4386\/revisions"}],"predecessor-version":[{"id":4398,"href":"https:\/\/tasneem-couture.fr\/en\/wp-json\/wp\/v2\/product\/4386\/revisions\/4398"}],"wp:featuredmedia":[{"embeddable":true,"href":"https:\/\/tasneem-couture.fr\/en\/wp-json\/wp\/v2\/media\/4391"}],"wp:attachment":[{"href":"https:\/\/tasneem-couture.fr\/en\/wp-json\/wp\/v2\/media?parent=4386"}],"wp:term":[{"taxonomy":"product_cat","embeddable":true,"href":"https:\/\/tasneem-couture.fr\/en\/wp-json\/wp\/v2\/product_cat?post=4386"},{"taxonomy":"product_tag","embeddable":true,"href":"https:\/\/tasneem-couture.fr\/en\/wp-json\/wp\/v2\/product_tag?post=4386"}],"curies":[{"name":"wp","href":"https:\/\/api.w.org\/{rel}","templated":true}]}}