{"id":4491,"date":"2026-04-29T17:57:30","date_gmt":"2026-04-29T16:57:30","guid":{"rendered":"https:\/\/tasneem-couture.fr\/?post_type=product&#038;p=4491"},"modified":"2026-04-29T18:13:25","modified_gmt":"2026-04-29T17:13:25","slug":"red-eid-rang-mahal","status":"publish","type":"product","link":"https:\/\/tasneem-couture.fr\/en\/shop\/red-eid-rang-mahal\/","title":{"rendered":"Red &#8211; Eid &#8211; Rang Mahal"},"content":{"rendered":"<p><strong>Tunique \/Shirt<\/strong><br \/>\nTunique en coton, sublim\u00e9e par de d\u00e9licates broderies, de la dentelle fine et une parfaite ma\u00eetrise de la technique du cutwork, offrant un rendu \u00e9l\u00e9gant et raffin\u00e9. Chaque d\u00e9tail, travaill\u00e9 avec soin, refl\u00e8te un savoir-faire d\u2019exception pour illuminer vos c\u00e9l\u00e9brations avec gr\u00e2ce et sophistication.<\/p>\n<p><strong>Pantalon<\/strong><br \/>\nPantalon droit, compl\u00e9tant parfaitement la tenue avec style et \u00e9l\u00e9gance.<\/p>\n<p><strong data-start=\"448\" data-end=\"469\">Dupatta \/ Foulard<\/strong><br data-start=\"469\" data-end=\"472\" \/>Dupatta en coton, sublim\u00e9 par de d\u00e9licates broderies, apportant une touche chic et harmonieuse \u00e0 l\u2019ensemble.<\/p>\n<p data-start=\"604\" data-end=\"720\">Une tenue festive et raffin\u00e9e, l\u00e9g\u00e8re et confectionn\u00e9e en coton, parfaite pour le printemps et l\u2019\u00e9t\u00e9, id\u00e9ale pour briller lors de l\u2019Eid ou \u00e0 l\u2019occasion de mariages, c\u00e9r\u00e9monies et f\u00eates.<\/p>\n<p><iframe title=\"Tenues Pakistanaises | EID\" width=\"563\" height=\"1000\" src=\"https:\/\/www.youtube.com\/embed\/pku-UTcpR3A?feature=oembed\" frameborder=\"0\" allow=\"accelerometer; autoplay; clipboard-write; encrypted-media; gyroscope; picture-in-picture; web-share\" referrerpolicy=\"strict-origin-when-cross-origin\" allowfullscreen><\/iframe><\/p>","protected":false},"excerpt":{"rendered":"<p>Tunique \/Shirt Tunique en coton, sublim\u00e9e par de d\u00e9licates broderies, de la dentelle fine et une parfaite ma\u00eetrise&hellip;<\/p>","protected":false},"featured_media":4496,"comment_status":"open","ping_status":"closed","template":"","meta":[],"product_cat":[264,260,156,159,160,157],"product_tag":[],"class_list":{"0":"post-4491","1":"product","2":"type-product","3":"status-publish","4":"has-post-thumbnail","6":"product_cat-coton-lawn","7":"product_cat-eid","8":"product_cat-femme","9":"product_cat-formal","10":"product_cat-luxury-collection","11":"product_cat-new-arrivals","12":"pa_couleur-seyana","14":"first","15":"instock","16":"shipping-taxable","17":"purchasable","18":"product-type-variable","19":"has-default-attributes"},"_links":{"self":[{"href":"https:\/\/tasneem-couture.fr\/en\/wp-json\/wp\/v2\/product\/4491","targetHints":{"allow":["GET"]}}],"collection":[{"href":"https:\/\/tasneem-couture.fr\/en\/wp-json\/wp\/v2\/product"}],"about":[{"href":"https:\/\/tasneem-couture.fr\/en\/wp-json\/wp\/v2\/types\/product"}],"replies":[{"embeddable":true,"href":"https:\/\/tasneem-couture.fr\/en\/wp-json\/wp\/v2\/comments?post=4491"}],"version-history":[{"count":2,"href":"https:\/\/tasneem-couture.fr\/en\/wp-json\/wp\/v2\/product\/4491\/revisions"}],"predecessor-version":[{"id":4501,"href":"https:\/\/tasneem-couture.fr\/en\/wp-json\/wp\/v2\/product\/4491\/revisions\/4501"}],"wp:featuredmedia":[{"embeddable":true,"href":"https:\/\/tasneem-couture.fr\/en\/wp-json\/wp\/v2\/media\/4496"}],"wp:attachment":[{"href":"https:\/\/tasneem-couture.fr\/en\/wp-json\/wp\/v2\/media?parent=4491"}],"wp:term":[{"taxonomy":"product_cat","embeddable":true,"href":"https:\/\/tasneem-couture.fr\/en\/wp-json\/wp\/v2\/product_cat?post=4491"},{"taxonomy":"product_tag","embeddable":true,"href":"https:\/\/tasneem-couture.fr\/en\/wp-json\/wp\/v2\/product_tag?post=4491"}],"curies":[{"name":"wp","href":"https:\/\/api.w.org\/{rel}","templated":true}]}}